{"id":29594,"date":"2023-01-26T16:01:24","date_gmt":"2023-01-26T15:01:24","guid":{"rendered":"https:\/\/aveni.shop\/?page_id=29594"},"modified":"2026-02-16T16:53:59","modified_gmt":"2026-02-16T15:53:59","slug":"aveni-shop-harmonisator-anti-wellen-alexander-rusanov","status":"publish","type":"page","link":"https:\/\/aveni.shop\/de\/aveni-shop-harmonisator-anti-wellen-alexander-rusanov\/","title":{"rendered":"AVENI SHOP ANTI-WELLEN-HARMONISATOREN ALEXANDRE RUSANOV"},"content":{"rendered":"<p>[et_pb_section fb_built=&#8221;1&#8243; admin_label=&#8221;Features Section&#8221; _builder_version=&#8221;4.27.4&#8243; custom_padding=&#8221;0px||0px||true|false&#8221; global_colors_info=&#8221;{}&#8221;][et_pb_row _builder_version=&#8221;4.16&#8243; custom_padding=&#8221;20px|||&#8221; locked=&#8221;off&#8221; global_colors_info=&#8221;{}&#8221;][et_pb_column type=&#8221;4_4&#8243; _builder_version=&#8221;4.16&#8243; custom_padding=&#8221;|||&#8221; global_colors_info=&#8221;{}&#8221; custom_padding__hover=&#8221;|||&#8221;][et_pb_text admin_label=&#8221;Features Section Title&#8221; _builder_version=&#8221;4.27.4&#8243; text_font=&#8221;||||||||&#8221; header_font=&#8221;Roboto|700||on|||||&#8221; header_text_align=&#8221;center&#8221; header_font_size=&#8221;52px&#8221; header_letter_spacing=&#8221;4px&#8221; header_line_height=&#8221;1.2em&#8221; header_2_font=&#8221;||||||||&#8221; module_alignment=&#8221;center&#8221; custom_margin=&#8221;|||&#8221; custom_padding=&#8221;|||&#8221; animation_style=&#8221;fade&#8221; header_font_size_tablet=&#8221;40px&#8221; header_font_size_phone=&#8221;&#8221; header_font_size_last_edited=&#8221;on|tablet&#8221; locked=&#8221;off&#8221; global_colors_info=&#8221;{}&#8221;]<\/p>\n<h1>AVENI OFFIZIELLER SHOP f\u00fcr HARMONISATOREN- und ANTI-WELLEN-SCHUTZSYSTEM von ALEXANDRE RUSANOV<\/h1>\n<p>[\/et_pb_text][et_pb_text admin_label=&#8221;Features Section Title&#8221; _builder_version=&#8221;4.27.4&#8243; text_font=&#8221;||||||||&#8221; header_font=&#8221;Roboto|700||on|||||&#8221; header_text_align=&#8221;center&#8221; header_font_size=&#8221;52px&#8221; header_letter_spacing=&#8221;4px&#8221; header_line_height=&#8221;1.2em&#8221; header_2_font=&#8221;||||||||&#8221; module_alignment=&#8221;center&#8221; custom_margin=&#8221;|||&#8221; custom_padding=&#8221;|||&#8221; animation_style=&#8221;fade&#8221; header_font_size_tablet=&#8221;40px&#8221; header_font_size_phone=&#8221;&#8221; header_font_size_last_edited=&#8221;on|tablet&#8221; locked=&#8221;off&#8221; global_colors_info=&#8221;{}&#8221;]<\/p>\n<h2 style=\"text-align: center;\"><strong>Weltweite Lieferung<\/strong><\/h2>\n<p>[\/et_pb_text][et_pb_divider color=&#8221;#ffb500&#8243; divider_weight=&#8221;2px&#8221; disabled_on=&#8221;off|off|off&#8221; _builder_version=&#8221;4.16&#8243; max_width=&#8221;100px&#8221; module_alignment=&#8221;center&#8221; animation_style=&#8221;fade&#8221; locked=&#8221;off&#8221; global_colors_info=&#8221;{}&#8221;][\/et_pb_divider][\/et_pb_column][\/et_pb_row][et_pb_row _builder_version=&#8221;4.27.4&#8243; _module_preset=&#8221;default&#8221; global_colors_info=&#8221;{}&#8221;][et_pb_column type=&#8221;4_4&#8243; _builder_version=&#8221;4.27.4&#8243; _module_preset=&#8221;default&#8221; global_colors_info=&#8221;{}&#8221;][et_pb_text _builder_version=&#8221;4.27.4&#8243; _module_preset=&#8221;default&#8221; global_colors_info=&#8221;{}&#8221;]<\/p>\n<p style=\"text-align: center;\">Preise: <strong>CHF &#8211; EUROS \u20ac &#8211; US $<\/strong><br \/>Zahlungen: <strong>VISA, MasterCard, American Express, PayPal, TWINT, Bank\u00fcberweisung<\/strong><br \/><strong>Sobald Sie das Lieferland und die gew\u00fcnschte Rechnungsw\u00e4hrung eingegeben haben, wird der korrekte Betrag angezeigt<\/strong> (ohne MwSt. f\u00fcr L\u00e4nder au\u00dferhalb der Schweiz).<br \/><strong>Kostenloser Versand<\/strong> ab 200.- CHF &#8211; EUROS \u20ac &#8211; US $<br \/>Mitglieder von Verb\u00e4nden, die einen Rabatt auf diese Produkte erhalten, k\u00f6nnen uns ihre Mitgliedskarte oder einen Nachweis per E-Mail an info@aveni.shop schicken und erhalten dann einen Rabattcode.<br \/><strong>Ein Datenblatt kann mit jedem bestellten Produkt heruntergeladen<\/strong> werden.<\/p>\n<p>[\/et_pb_text][et_pb_text _builder_version=&#8221;4.27.4&#8243; _module_preset=&#8221;default&#8221; global_colors_info=&#8221;{}&#8221;]<strong>Um die W\u00e4hrung zu wechseln (CHF &#8211; EUR &#8211; USD), klicken Sie unten auf die gew\u00fcnschte Einheit:<\/strong>[\/et_pb_text][et_pb_code _builder_version=&#8221;4.27.4&#8243; _module_preset=&#8221;default&#8221; global_colors_info=&#8221;{}&#8221;][\/et_pb_code][\/et_pb_column][\/et_pb_row][\/et_pb_section][et_pb_section fb_built=&#8221;1&#8243; admin_label=&#8221;Popular Product Section&#8221; _builder_version=&#8221;4.27.4&#8243; custom_padding=&#8221;|0px||0px|false|false&#8221; saved_tabs=&#8221;all&#8221; collapsed=&#8221;off&#8221; global_colors_info=&#8221;{}&#8221;][et_pb_row _builder_version=&#8221;4.16&#8243; custom_padding=&#8221;|||&#8221; global_colors_info=&#8221;{}&#8221;][et_pb_column type=&#8221;4_4&#8243; _builder_version=&#8221;4.16&#8243; custom_padding=&#8221;|||&#8221; global_colors_info=&#8221;{}&#8221; custom_padding__hover=&#8221;|||&#8221;][et_pb_text admin_label=&#8221;Popular Products Title&#8221; _builder_version=&#8221;4.27.4&#8243; text_font=&#8221;||||||||&#8221; header_font=&#8221;||||||||&#8221; header_2_font=&#8221;Roboto|700||on|||||&#8221; header_2_text_align=&#8221;center&#8221; header_2_font_size=&#8221;30px&#8221; header_2_letter_spacing=&#8221;4px&#8221; header_2_line_height=&#8221;1.2em&#8221; module_alignment=&#8221;center&#8221; custom_margin=&#8221;||10px|&#8221; custom_padding=&#8221;|||&#8221; animation_style=&#8221;fade&#8221; locked=&#8221;off&#8221; global_colors_info=&#8221;{}&#8221;]<\/p>\n<h2>Die besten AVENI.SHOP ANTI-WELLEN-HARMONISATOREN<\/h2>\n<p>[\/et_pb_text][et_pb_divider color=&#8221;#ffb500&#8243; divider_weight=&#8221;2px&#8221; disabled_on=&#8221;off|off|off&#8221; _builder_version=&#8221;4.16&#8243; max_width=&#8221;100px&#8221; module_alignment=&#8221;center&#8221; animation_style=&#8221;fade&#8221; custom_css_main_element=&#8221;||&#8221; locked=&#8221;off&#8221; global_colors_info=&#8221;{}&#8221;][\/et_pb_divider][et_pb_shop type=&#8221;best_selling&#8221; posts_number=&#8221;4&#8243; columns_number=&#8221;4&#8243; orderby=&#8221;menu_order&#8221; icon_hover_color=&#8221;#ffb500&#8243; hover_overlay_color=&#8221;rgba(0,0,0,0.65)&#8221; hover_icon=&#8221;&#x24;||divi||400&#8243; _builder_version=&#8221;4.27.4&#8243; title_font=&#8221;Roboto||||&#8221; title_text_color=&#8221;#000000&#8243; price_font=&#8221;|600|||||||&#8221; price_text_color=&#8221;#ffb500&#8243; global_colors_info=&#8221;{}&#8221;][\/et_pb_shop][\/et_pb_column][\/et_pb_row][\/et_pb_section][et_pb_section fb_built=&#8221;1&#8243; admin_label=&#8221;Promo&#8221; _builder_version=&#8221;4.27.4&#8243; background_color=&#8221;rgba(12,12,12,0.6)&#8221; background_image=&#8221;https:\/\/aveni.shop\/wp-content\/uploads\/2023\/03\/electrosmog.png&#8221; background_blend=&#8221;color&#8221; custom_margin=&#8221;60px|60px|60px|60px&#8221; custom_margin_tablet=&#8221;&#8221; custom_margin_phone=&#8221;0px|0px|0px|0px&#8221; custom_margin_last_edited=&#8221;on|phone&#8221; custom_padding=&#8221;||||false|false&#8221; animation_style=&#8221;slide&#8221; animation_direction=&#8221;left&#8221; animation_intensity_slide=&#8221;2%&#8221; collapsed=&#8221;off&#8221; global_colors_info=&#8221;{}&#8221;][et_pb_row _builder_version=&#8221;4.16&#8243; custom_padding=&#8221;|||&#8221; global_colors_info=&#8221;{}&#8221;][et_pb_column type=&#8221;4_4&#8243; _builder_version=&#8221;4.16&#8243; custom_padding=&#8221;|||&#8221; global_colors_info=&#8221;{}&#8221; custom_padding__hover=&#8221;|||&#8221;][et_pb_text _builder_version=&#8221;4.27.4&#8243; text_font=&#8221;||on||||||&#8221; text_font_size=&#8221;30px&#8221; text_orientation=&#8221;center&#8221; background_layout=&#8221;dark&#8221; module_alignment=&#8221;center&#8221; custom_padding=&#8221;||10px|&#8221; animation_style=&#8221;slide&#8221; animation_direction=&#8221;left&#8221; animation_delay=&#8221;300ms&#8221; animation_intensity_slide=&#8221;8%&#8221; hover_enabled=&#8221;0&#8243; global_colors_info=&#8221;{}&#8221; sticky_enabled=&#8221;0&#8243;]<\/p>\n<p style=\"text-align: left;\">Die AVENI HARMONISATOREN und ANTI-WELLEN-SCH\u00dcTZE<\/p>\n<p>[\/et_pb_text][et_pb_text _builder_version=&#8221;4.27.4&#8243; text_font=&#8221;||||||||&#8221; header_font=&#8221;||||||||&#8221; header_2_font=&#8221;Roboto|700||on|||||&#8221; header_2_text_align=&#8221;center&#8221; header_2_font_size=&#8221;52px&#8221; header_2_letter_spacing=&#8221;4px&#8221; header_2_line_height=&#8221;1.2em&#8221; background_layout=&#8221;dark&#8221; module_alignment=&#8221;center&#8221; custom_margin=&#8221;||10px|&#8221; animation_style=&#8221;slide&#8221; animation_direction=&#8221;left&#8221; animation_delay=&#8221;200ms&#8221; animation_intensity_slide=&#8221;8%&#8221; hover_enabled=&#8221;0&#8243; header_2_font_size_tablet=&#8221;40px&#8221; header_2_font_size_phone=&#8221;&#8221; header_2_font_size_last_edited=&#8221;on|tablet&#8221; global_colors_info=&#8221;{}&#8221; sticky_enabled=&#8221;0&#8243;]<\/p>\n<ul>\n<li>\n<h4><span style=\"color: #ffffff;\"><a href=\"https:\/\/aveni.shop\/de\/produkt-kategorien\/aveni-anti-wellen-schutz\/\" style=\"color: #ffffff;\">Alle<\/a><\/span><\/h4>\n<\/li>\n<li>\n<h4><span style=\"color: #ffffff;\"><a href=\"https:\/\/aveni.shop\/de\/produkt-kategorien\/aveni-anti-wellen-schutz\/aveni-harmonisator-landwirtschaft\/\" style=\"color: #ffffff;\">Landwirtschaft<\/a><\/span><\/h4>\n<\/li>\n<li>\n<h4><span style=\"color: #ffffff;\"><a href=\"https:\/\/aveni.shop\/de\/produkt-kategorien\/aveni-anti-wellen-schutz\/aveni-harmonisator-tiere\/\" style=\"color: #ffffff;\">Tiere<\/a><\/span><\/h4>\n<\/li>\n<li>\n<h4><span style=\"color: #ffffff;\"><a href=\"https:\/\/aveni.shop\/de\/produkt-kategorien\/aveni-anti-wellen-schutz\/aveni-harmonisator-bemer\/\" style=\"color: #ffffff;\">Bemer<\/a><\/span><\/h4>\n<\/li>\n<li>\n<h4><span style=\"color: #ffffff;\"><a href=\"https:\/\/aveni.shop\/de\/produkt-kategorien\/aveni-anti-wellen-schutz\/aveni-harmonisator-haus\/\" style=\"color: #ffffff;\">Habitat<\/a><\/span><\/h4>\n<\/li>\n<li>\n<h4><span style=\"color: #ffffff;\"><a href=\"https:\/\/aveni.shop\/de\/produkt-kategorien\/aveni-anti-wellen-schutz\/aveni-harmonisator-individuell\/\" style=\"color: #ffffff;\">Individuell<\/a><\/span><\/h4>\n<\/li>\n<li>\n<h4><span style=\"color: #ffffff;\"><a href=\"https:\/\/aveni.shop\/de\/produkt-kategorien\/aveni-anti-wellen-schutz\/aveni-harmonisator-industrie\/\" style=\"color: #ffffff;\">Industrie<\/a><\/span><\/h4>\n<\/li>\n<li>\n<h4><span style=\"color: #ffffff;\"><a href=\"https:\/\/aveni.shop\/de\/produkt-kategorien\/aveni-anti-wellen-schutz\/aveni-harmonisator-computer\/\" style=\"color: #ffffff;\">Computer<\/a><\/span><\/h4>\n<\/li>\n<li>\n<h4><span style=\"color: #ffffff;\"><a href=\"https:\/\/aveni.shop\/de\/produkt-kategorien\/aveni-anti-wellen-schutz\/aveni-harmonisator-solarplatten\/\" style=\"color: #ffffff;\">Sonnenkollektoren<\/a><\/span><\/h4>\n<\/li>\n<li>\n<h4><span style=\"color: #ffffff;\"><a href=\"\/?product_cat= \" style=\"color: #ffffff;\">DAB+ Radio<\/a><\/span><\/h4>\n<\/li>\n<li>\n<h4><span style=\"color: #ffffff;\"><a href=\"https:\/\/aveni.shop\/de\/produkt-kategorien\/aveni-anti-wellen-schutz\/aveni-harmonisator-smartphone\/\" style=\"color: #ffffff;\">Smartphone<\/a><\/span><\/h4>\n<\/li>\n<li>\n<h4><span style=\"color: #ffffff;\"><a href=\"https:\/\/aveni.shop\/de\/produkt-kategorien\/aveni-anti-wellen-schutz\/aveni-harmonisator-tablett\/\" style=\"color: #ffffff;\">Tafel<\/a><\/span><\/h4>\n<\/li>\n<li>\n<h4><span style=\"color: #ffffff;\"><a href=\"https:\/\/aveni.shop\/de\/produkt-kategorien\/aveni-anti-wellen-schutz\/aveni-harmonisator-fernsehen\/\" style=\"color: #ffffff;\">Fernsehen<\/a><\/span><\/h4>\n<\/li>\n<li>\n<h4><span style=\"color: #ffffff;\"><a href=\"https:\/\/aveni.shop\/de\/produkt-kategorien\/aveni-anti-wellen-schutz\/aveni-harmonisator-fahrzeug\/\" style=\"color: #ffffff;\">Fahrzeug<\/a><\/span><\/h4>\n<\/li>\n<li>\n<h4><span style=\"color: #ffffff;\"><a href=\"https:\/\/aveni.shop\/de\/produkt-kategorien\/aveni-anti-wellen-schutz\/aveni-harmonisator-wifi\/\" style=\"color: #ffffff;\">Wifi<\/a><\/span><\/h4>\n<\/li>\n<\/ul>\n<p>[\/et_pb_text][\/et_pb_column][\/et_pb_row][\/et_pb_section][et_pb_section fb_built=&#8221;1&#8243; _builder_version=&#8221;4.27.4&#8243; custom_padding=&#8221;|0px||0px|false|false&#8221; global_colors_info=&#8221;{}&#8221;][et_pb_row _builder_version=&#8221;4.16&#8243; custom_margin=&#8221;|||&#8221; custom_padding=&#8221;|||&#8221; global_colors_info=&#8221;{}&#8221;][et_pb_column type=&#8221;4_4&#8243; _builder_version=&#8221;4.16&#8243; custom_padding=&#8221;|||&#8221; global_colors_info=&#8221;{}&#8221; custom_padding__hover=&#8221;|||&#8221;][et_pb_text _builder_version=&#8221;4.27.4&#8243; _module_preset=&#8221;default&#8221; custom_margin=&#8221;||||false|false&#8221; custom_padding=&#8221;||30px||false|false&#8221; global_colors_info=&#8221;{}&#8221;]<\/p>\n<h2 style=\"text-align: center;\"><strong>ALLE AVENI WELLENSCHUTZVORRICHTUNGEN<\/strong><\/h2>\n<p>[\/et_pb_text][et_pb_shop posts_number=&#8221;100&#8243; columns_number=&#8221;4&#8243; orderby=&#8221;menu_order&#8221; icon_hover_color=&#8221;#ffb500&#8243; hover_overlay_color=&#8221;rgba(0,0,0,0.65)&#8221; hover_icon=&#8221;&#x24;||divi||400&#8243; _builder_version=&#8221;4.27.4&#8243; title_font=&#8221;Roboto||||&#8221; title_text_color=&#8221;#000000&#8243; price_font=&#8221;|600|||||||&#8221; price_text_color=&#8221;#ffb500&#8243; global_colors_info=&#8221;{}&#8221;]<\/p>\n<h1>Our Shop<\/h1>\n<p>[\/et_pb_shop][\/et_pb_column][\/et_pb_row][et_pb_row _builder_version=&#8221;4.27.4&#8243; _module_preset=&#8221;default&#8221; global_colors_info=&#8221;{}&#8221;][et_pb_column type=&#8221;4_4&#8243; _builder_version=&#8221;4.27.4&#8243; _module_preset=&#8221;default&#8221; global_colors_info=&#8221;{}&#8221;][et_pb_button button_url=&#8221;@ET-DC@eyJkeW5hbWljIjp0cnVlLCJjb250ZW50IjoicG9zdF9saW5rX3VybF9wYWdlIiwic2V0dGluZ3MiOnsicG9zdF9pZCI6IjI4ODM4In19@&#8221; button_text=&#8221;Ihr Warenkorb&#8221; button_alignment=&#8221;center&#8221; _builder_version=&#8221;4.27.4&#8243; _dynamic_attributes=&#8221;button_url&#8221; _module_preset=&#8221;default&#8221; global_colors_info=&#8221;{}&#8221;][\/et_pb_button][\/et_pb_column][\/et_pb_row][\/et_pb_section][et_pb_section fb_built=&#8221;1&#8243; admin_label=&#8221;Subscribe&#8221; _builder_version=&#8221;4.27.4&#8243; custom_padding=&#8221;||||false|false&#8221; saved_tabs=&#8221;all&#8221; collapsed=&#8221;off&#8221; global_colors_info=&#8221;{}&#8221;][et_pb_row column_structure=&#8221;1_4,1_2,1_4&#8243; _builder_version=&#8221;4.16&#8243; custom_padding=&#8221;0px|||&#8221; global_colors_info=&#8221;{}&#8221;][et_pb_column type=&#8221;1_4&#8243; _builder_version=&#8221;4.16&#8243; custom_padding=&#8221;|||&#8221; global_colors_info=&#8221;{}&#8221; custom_padding__hover=&#8221;|||&#8221;][\/et_pb_column][et_pb_column type=&#8221;1_2&#8243; _builder_version=&#8221;4.16&#8243; custom_padding=&#8221;|||&#8221; global_colors_info=&#8221;{}&#8221; custom_padding__hover=&#8221;|||&#8221;][et_pb_text _builder_version=&#8221;4.27.4&#8243; text_font=&#8221;||||||||&#8221; header_font=&#8221;||||||||&#8221; header_2_font=&#8221;Roboto|700||on|||||&#8221; header_2_text_align=&#8221;center&#8221; header_2_font_size=&#8221;30px&#8221; header_2_letter_spacing=&#8221;4px&#8221; header_2_line_height=&#8221;1.2em&#8221; module_alignment=&#8221;center&#8221; custom_margin=&#8221;||10px|&#8221; custom_padding=&#8221;|||&#8221; animation_style=&#8221;fade&#8221; locked=&#8221;off&#8221; global_colors_info=&#8221;{}&#8221;]<\/p>\n<h2>Bleiben Sie auf dem Laufenden \u00fcber AVENI.SHOP ANTI-WELLEN-HARMONISATOREN<\/h2>\n<p>[\/et_pb_text][et_pb_divider color=&#8221;#ffb500&#8243; divider_weight=&#8221;2px&#8221; disabled_on=&#8221;off|off|off&#8221; _builder_version=&#8221;4.16&#8243; max_width=&#8221;100px&#8221; module_alignment=&#8221;center&#8221; height=&#8221;2px&#8221; custom_margin=&#8221;|||&#8221; custom_padding=&#8221;|||&#8221; animation_style=&#8221;fade&#8221; custom_css_main_element=&#8221;||&#8221; locked=&#8221;off&#8221; global_colors_info=&#8221;{}&#8221;][\/et_pb_divider][et_pb_text _builder_version=&#8221;4.27.4&#8243; text_font=&#8221;||||||||&#8221; text_font_size=&#8221;16px&#8221; text_line_height=&#8221;1.8em&#8221; text_orientation=&#8221;center&#8221; max_width_tablet=&#8221;&#8221; max_width_phone=&#8221;&#8221; max_width_last_edited=&#8221;on|desktop&#8221; custom_margin=&#8221;|||&#8221; animation_style=&#8221;fade&#8221; locked=&#8221;off&#8221; global_colors_info=&#8221;{}&#8221;]<\/p>\n<p>Sie werden \u00fcber neue Produkte informiert!<\/p>\n<p>[\/et_pb_text][et_pb_code _builder_version=&#8221;4.27.4&#8243; _module_preset=&#8221;default&#8221; global_colors_info=&#8221;{}&#8221;]<p class=\"wpcf7-contact-form-not-found\"><strong>Fehler:<\/strong> Kontaktformular wurde nicht gefunden.<\/p>[\/et_pb_code][\/et_pb_column][et_pb_column type=&#8221;1_4&#8243; _builder_version=&#8221;4.16&#8243; custom_padding=&#8221;|||&#8221; global_colors_info=&#8221;{}&#8221; custom_padding__hover=&#8221;|||&#8221;][\/et_pb_column][\/et_pb_row][\/et_pb_section]<\/p>\n","protected":false},"excerpt":{"rendered":"<p>AVENI OFFIZIELLER SHOP f\u00fcr HARMONISATOREN- und ANTI-WELLEN-SCHUTZSYSTEM von ALEXANDRE RUSANOVWeltweite LieferungPreise: CHF &#8211; EUROS \u20ac &#8211; US $Zahlungen: VISA, MasterCard, American Express, PayPal, TWINT, Bank\u00fcberweisungSobald Sie das Lieferland und die gew\u00fcnschte Rechnungsw\u00e4hrung eingegeben haben, wird der korrekte Betrag angezeigt (ohne MwSt. f\u00fcr L\u00e4nder au\u00dferhalb der Schweiz).Kostenloser Versand ab 200.- CHF &#8211; EUROS \u20ac &#8211; US [&hellip;]<\/p>\n","protected":false},"author":1,"featured_media":0,"parent":0,"menu_order":0,"comment_status":"closed","ping_status":"closed","template":"","meta":{"_et_pb_use_builder":"on","_et_pb_old_content":"","_et_gb_content_width":"","footnotes":""},"class_list":["post-29594","page","type-page","status-publish","hentry"],"_links":{"self":[{"href":"https:\/\/aveni.shop\/de\/wp-json\/wp\/v2\/pages\/29594","targetHints":{"allow":["GET"]}}],"collection":[{"href":"https:\/\/aveni.shop\/de\/wp-json\/wp\/v2\/pages"}],"about":[{"href":"https:\/\/aveni.shop\/de\/wp-json\/wp\/v2\/types\/page"}],"author":[{"embeddable":true,"href":"https:\/\/aveni.shop\/de\/wp-json\/wp\/v2\/users\/1"}],"replies":[{"embeddable":true,"href":"https:\/\/aveni.shop\/de\/wp-json\/wp\/v2\/comments?post=29594"}],"version-history":[{"count":7,"href":"https:\/\/aveni.shop\/de\/wp-json\/wp\/v2\/pages\/29594\/revisions"}],"predecessor-version":[{"id":37209,"href":"https:\/\/aveni.shop\/de\/wp-json\/wp\/v2\/pages\/29594\/revisions\/37209"}],"wp:attachment":[{"href":"https:\/\/aveni.shop\/de\/wp-json\/wp\/v2\/media?parent=29594"}],"curies":[{"name":"wp","href":"https:\/\/api.w.org\/{rel}","templated":true}]}}