{"id":29666,"date":"2023-01-29T14:54:30","date_gmt":"2023-01-29T13:54:30","guid":{"rendered":"https:\/\/aveni.shop\/?page_id=29666"},"modified":"2026-02-16T16:50:29","modified_gmt":"2026-02-16T15:50:29","slug":"aveni-erfinder-der-harmonisator-anti-wellen-alexander-rusanov","status":"publish","type":"page","link":"https:\/\/aveni.shop\/de\/aveni-erfinder-der-harmonisator-anti-wellen-alexander-rusanov\/","title":{"rendered":"AVENI ERFINDER der HARMONISATOR ANTI-WELLEN ALEXANDER RUSANOV"},"content":{"rendered":"<p>[et_pb_section fb_built=&#8221;1&#8243; _builder_version=&#8221;4.27.4&#8243; _module_preset=&#8221;default&#8221; global_colors_info=&#8221;{}&#8221;][et_pb_row _builder_version=&#8221;4.27.4&#8243; _module_preset=&#8221;default&#8221; global_colors_info=&#8221;{}&#8221;][et_pb_column type=&#8221;4_4&#8243; _builder_version=&#8221;4.27.4&#8243; _module_preset=&#8221;default&#8221; global_colors_info=&#8221;{}&#8221;][et_pb_text _builder_version=&#8221;4.27.4&#8243; _module_preset=&#8221;default&#8221; hover_enabled=&#8221;0&#8243; global_colors_info=&#8221;{}&#8221; sticky_enabled=&#8221;0&#8243;]<\/p>\n<h1>AVENI ERFINDER der HARMONISATOREN und ANTI-WELLEN-SCHUTZ : ALEXANDRE RUSANOV<\/h1>\n<p>[\/et_pb_text][\/et_pb_column][\/et_pb_row][et_pb_row column_structure=&#8221;1_2,1_2&#8243; _builder_version=&#8221;4.27.4&#8243; _module_preset=&#8221;default&#8221; global_colors_info=&#8221;{}&#8221;][et_pb_column type=&#8221;1_2&#8243; _builder_version=&#8221;4.27.4&#8243; _module_preset=&#8221;default&#8221; global_colors_info=&#8221;{}&#8221;][et_pb_image src=&#8221;https:\/\/aveni.shop\/wp-content\/uploads\/2025\/02\/aveni-alexandre-rusanov.png&#8221; alt=&#8221;Die AVENI HARMONISATOREN sind sehr effektiv bei elektromagnetischen St\u00f6rungen wie 4G, 5G, Linky, Wifi usw. Sie helfen Menschen, Tieren und Pflanzen, sich in diese Wellenverschmutzung zu integrieren Alexander Rusanov&#8221; title_text=&#8221;ANTI-WELLLEN-HARMONISATOREN &#8211; AVENI.SHOP von Alexander Rusanov&#8221; _builder_version=&#8221;4.27.4&#8243; _module_preset=&#8221;default&#8221; global_colors_info=&#8221;{}&#8221;][\/et_pb_image][et_pb_image src=&#8221;https:\/\/aveni.shop\/wp-content\/uploads\/2025\/02\/aveni-onde-scalaire-champ-de-torsion.png&#8221; alt=&#8221;Die AVENI HARMONISATOREN sind sehr effektiv bei elektromagnetischen St\u00f6rungen wie 4G, 5G, Linky, Wifi usw. Sie helfen Menschen, Tieren und Pflanzen, sich in diese Wellenverschmutzung zu integrieren.&#8221; title_text=&#8221;ANTI-WELLEN-HARMONISATOREN &#8211; AVENI.SHOP&#8221; _builder_version=&#8221;4.27.4&#8243; _module_preset=&#8221;default&#8221; global_colors_info=&#8221;{}&#8221;][\/et_pb_image][et_pb_image src=&#8221;https:\/\/aveni.shop\/wp-content\/uploads\/2025\/02\/aveni-wifi.png&#8221; alt=&#8221;Die AVENI ANTI-WELLEN HARMONISATOREN sind sehr wirksam bei elektromagnetischen St\u00f6rungen durch WIFI-Boxen usw. Sie helfen Menschen, Tieren und Pflanzen, sich in diese Wellenverschmutzung zu integrieren.&#8221; title_text=&#8221;ANTI-WELLEN-HARMONISATOREN WIFI-BOX &#8211; AVENI.SHOP&#8221; _builder_version=&#8221;4.27.4&#8243; _module_preset=&#8221;default&#8221; global_colors_info=&#8221;{}&#8221;][\/et_pb_image][\/et_pb_column][et_pb_column type=&#8221;1_2&#8243; _builder_version=&#8221;4.27.4&#8243; _module_preset=&#8221;default&#8221; global_colors_info=&#8221;{}&#8221;][et_pb_text _builder_version=&#8221;4.27.4&#8243; _module_preset=&#8221;default&#8221; global_colors_info=&#8221;{}&#8221;]<\/p>\n<p data-pm-slice=\"1 1 []\"><span><strong>Alexander RUSANOV &#8211; Designer der AVENI-HARMONISATOREN<\/strong><\/span><\/p>\n<h3><span>Ein Experte in Geo\u00f6kologie und Elektromagnetismus<\/span><\/h3>\n<p><span><strong>Geologie-Ingenieur | Master in Industrieller Informatik<\/strong><\/span><\/p>\n<ul data-spread=\"false\">\n<li>\n<p><span>Mitglied der Union der Geologen<\/span><\/p>\n<\/li>\n<li>\n<p><span>Mitglied der International Medical Geology Association<\/span><\/p>\n<\/li>\n<li>\n<p><span>Spezialist f\u00fcr die Auswirkungen elektromagnetischer Wellen auf die Gesundheit und die Umwelt<\/span><\/p>\n<\/li>\n<\/ul>\n<h3><span>Die Auswirkungen elektromagnetischer Verschmutzungen auf unsere Umwelt<\/span><\/h3>\n<p><span>Mit der Entwicklung moderner Technologien verursacht der Mensch eine zunehmende Umweltverschmutzung, die die Erde beeintr\u00e4chtigt. W\u00e4hrend die chemische und radioaktive Verschmutzung gut bekannt ist, wird die elektromagnetische Verschmutzung, die mit der Produktion und dem Transport von Elektrizit\u00e4t verbunden ist, noch immer stark untersch\u00e4tzt. Elektrische Str\u00f6me, die in den Boden abgeleitet werden, ver\u00e4ndern allm\u00e4hlich die Eigenschaften des Untergrunds und wirken sich auf die Gesundheit von Menschen, Tieren und Pflanzen aus.  <\/span><\/p>\n<p><span>Die massive Installation von Strommasten,<a href=\"https:\/\/aveni.shop\/de\/produkt-kategorien\/aveni-anti-wellen-schutz\/aveni-harmonisator-smartphone\/\">Mobilfunkmasten<\/a> und Windturbinen verst\u00e4rkt diese Belastungen, indem sie geophysikalische St\u00f6rungen verursacht, insbesondere in der N\u00e4he von Verwerfungszonen. Diese elektromagnetischen Felder k\u00f6nnen bestimmte Krankheiten bei Lebewesen ausl\u00f6sen oder verschlimmern. <\/span><\/p>\n<h3><span>Der Einfluss von Wellen auf unser t\u00e4gliches Leben<\/span><\/h3>\n<p><span>Unsere h\u00e4uslichen und beruflichen Umgebungen sind mit k\u00fcnstlichen Wellen ges\u00e4ttigt:<\/span><\/p>\n<ul data-spread=\"false\">\n<li>\n<p><span><strong><a href=\"https:\/\/aveni.shop\/de\/produkt-kategorien\/aveni-anti-wellen-schutz\/aveni-harmonisator-wifi\/\">Wi-Fi<\/a> und Bluetooth<\/strong><\/span><\/p>\n<\/li>\n<li>\n<p><span><strong><a href=\"https:\/\/aveni.shop\/de\/produkt-kategorien\/aveni-anti-wellen-schutz\/aveni-harmonisator-smartphone\/\">Mobiltelefonie<\/a> und schnurlose Telefone<\/strong><\/span><\/p>\n<\/li>\n<li>\n<p><a href=\"https:\/\/aveni.shop\/de\/produkt-kategorien\/aveni-anti-wellen-schutz\/aveni-harmonisator-haus\/\"><span><strong>Kommunizierende Z\u00e4hler (Linky, Gazpar, angeschlossene Wasserz\u00e4hler)<\/strong><\/span><\/a><\/p>\n<\/li>\n<\/ul>\n<p><span>Die Hyper-Elektrosensibilit\u00e4t betrifft einen wachsenden Teil der Bev\u00f6lkerung und wirkt sich auch auf landwirtschaftliche Betriebe aus.<\/span><\/p>\n<h3><span>Eine Laufbahn mit wissenschaftlicher und internationaler Expertise<\/span><\/h3>\n<p><span>Absolvent der Universit\u00e4t der V\u00f6lkerfreundschaft (Moskau), <\/span><span><strong>Alexander Rusanov<\/strong><\/span><span>  entwickelte ein ausgepr\u00e4gtes Fachwissen in der Erkennung von geologischen Verwerfungen, insbesondere in Kohlebergwerken in Russland und der Ukraine. Er nahm auch an Postseismischen Missionen in Armenien und Georgien teil, bevor er sein eigenes Geologieunternehmen in der Ukraine gr\u00fcndete. <\/span><\/p>\n<p><span>Seine Fachkenntnisse f\u00fchrten ihn in viele L\u00e4nder: <\/span><span><strong>Russland, Ukraine, USA, Usbekistan, Wei\u00dfrussland, Kasachstan, Bolivien.<\/strong><\/span><span>. Seit 2000 lebt er in Frankreich, wo er einen Master in industrieller Informatik an der \u00c9cole Nationale d&#8217;Ing\u00e9nieurs de Brest erwarb. <\/span><\/p>\n<h3><span>AVENI: Eine wissenschaftliche Antwort auf elektromagnetische St\u00f6rungen<\/span><\/h3>\n<p><span>Durch ihr Unternehmen f\u00fcr Geo\u00f6kologie, die <\/span><span><strong>SARL Tellus<\/strong><\/span><span>Alexander Rusanov forscht \u00fcber den Einfluss nat\u00fcrlicher und k\u00fcnstlicher elektromagnetischer Felder auf Lebewesen. Er hat <a href=\"https:\/\/aveni.shop\/de\/aveni-shop-harmonisator-anti-wellen-alexander-rusanov\/\">Ger\u00e4te <\/a> entwickelt   <\/span><a href=\"https:\/\/aveni.shop\/de\/aveni-shop-harmonisator-anti-wellen-alexander-rusanov\/\"><span><strong>AVENI<\/strong><\/span><\/a><span><a href=\"https:\/\/aveni.shop\/de\/aveni-shop-harmonisator-anti-wellen-alexander-rusanov\/\">ist ein Hersteller von elektromagnetischen HARMONISATOREN<\/a> zum Schutz und zur Wiederherstellung des Gleichgewichts in der elektromagnetischen Umgebung von Privatpersonen, Unternehmen und Gemeinden.<\/span><\/p>\n<p><span>Seine Expertise ist international anerkannt: er ist t\u00e4tig in <\/span><span><strong>Frankreich, Deutschland, Schweiz, Belgien, Niederlande, Griechenland, Spanien, Russland, Ukraine, Tunesien, \u00d6sterreich.<\/strong><\/span><span>Er ist in der Lage, sowohl vor Ort als auch im Rahmen von akademischen Veranstaltungen und internationalen Konferenzen zu arbeiten.<\/span><\/p>\n<h3><span>Schlussfolgerung<\/span><\/h3>\n<p><span>Angesichts der Herausforderungen durch elektromagnetische Wellen, <\/span><span><strong>Alexander Rusanov<\/strong><\/span><span>  bietet einen wissenschaftlichen Ansatz und konkrete L\u00f6sungen, um unsere Umwelt zu harmonisieren und unser Wohlbefinden zu erhalten. Durch die   <\/span><a href=\"https:\/\/aveni.shop\/de\/aveni-shop-harmonisator-anti-wellen-alexander-rusanov\/\"><span><strong>AVENI HARMONISATOREN<\/strong><\/span><\/a><span>Mit AVENI k\u00f6nnen Sie die negativen Auswirkungen von Wellen reduzieren und die Lebensqualit\u00e4t von Lebewesen verbessern.<\/span><\/p>\n<p><span>\ud83d\udc49 Entdecken Sie die <\/span><a href=\"https:\/\/aveni.shop\/de\/aveni-shop-harmonisator-anti-wellen-alexander-rusanov\/\"><span><strong>AVENI-L\u00f6sungen<\/strong><\/span><\/a><span> auf <\/span><a href=\"https:\/\/aveni.shop\/de\/aveni-shop-harmonisator-anti-wellen-alexander-rusanov\/\"><span><strong>AVENI.SHOP<\/strong><\/span><\/a><span> und sch\u00fctzen Sie sich effektiv vor elektromagnetischer St\u00f6rungen!<\/span><\/p>\n<p>[\/et_pb_text][\/et_pb_column][\/et_pb_row][et_pb_row _builder_version=&#8221;4.27.4&#8243; _module_preset=&#8221;default&#8221; global_colors_info=&#8221;{}&#8221;][et_pb_column type=&#8221;4_4&#8243; _builder_version=&#8221;4.27.4&#8243; _module_preset=&#8221;default&#8221; global_colors_info=&#8221;{}&#8221;][et_pb_button button_url=&#8221;https:\/\/aveni.shop\/de\/aveni-shop-harmonisator-anti-wellen-alexander-rusanov\/&#8221; button_text=&#8221;Siehe Ger\u00e4te&#8221; button_alignment=&#8221;center&#8221; _builder_version=&#8221;4.27.4&#8243; _module_preset=&#8221;default&#8221; global_colors_info=&#8221;{}&#8221;][\/et_pb_button][\/et_pb_column][\/et_pb_row][\/et_pb_section][et_pb_section fb_built=&#8221;1&#8243; _builder_version=&#8221;4.27.4&#8243; _module_preset=&#8221;default&#8221; background_color=&#8221;#0C71C3&#8243; global_module=&#8221;35981&#8243; saved_tabs=&#8221;all&#8221; global_colors_info=&#8221;{}&#8221;][et_pb_row column_structure=&#8221;1_4,1_4,1_4,1_4&#8243; _builder_version=&#8221;4.27.4&#8243; _module_preset=&#8221;default&#8221; global_colors_info=&#8221;{}&#8221;][et_pb_column type=&#8221;1_4&#8243; _builder_version=&#8221;4.27.4&#8243; _module_preset=&#8221;default&#8221; global_colors_info=&#8221;{}&#8221;][et_pb_text _builder_version=&#8221;4.27.4&#8243; _module_preset=&#8221;default&#8221; text_text_color=&#8221;#FFFFFF&#8221; text_font_size=&#8221;18px&#8221; global_colors_info=&#8221;{}&#8221;]<\/p>\n<p><strong>AVENI.SHOP<\/strong><\/p>\n<p>[\/et_pb_text][et_pb_text _builder_version=&#8221;4.27.4&#8243; _module_preset=&#8221;default&#8221; global_colors_info=&#8221;{}&#8221;]<\/p>\n<p><strong><span style=\"color: #ffffff;\">AVENI.SHOP HARMONISATOREN zum Schutz ANTI-WELLEN von Alexander Rusanov im Shop erh\u00e4ltlich<\/span><\/strong><\/p>\n<p>[\/et_pb_text][\/et_pb_column][et_pb_column type=&#8221;1_4&#8243; _builder_version=&#8221;4.27.4&#8243; _module_preset=&#8221;default&#8221; global_colors_info=&#8221;{}&#8221;][et_pb_text _builder_version=&#8221;4.27.4&#8243; _module_preset=&#8221;default&#8221; text_text_color=&#8221;#FFFFFF&#8221; text_font_size=&#8221;18px&#8221; global_colors_info=&#8221;{}&#8221;]<\/p>\n<p><strong>N\u00fctzliche Links<\/strong><\/p>\n<p>[\/et_pb_text][et_pb_text _builder_version=&#8221;4.27.4&#8243; _module_preset=&#8221;default&#8221; global_colors_info=&#8221;{}&#8221;]<\/p>\n<p><strong><span style=\"color: #ffffff;\"><a href=\"https:\/\/aveni.shop\/de\/aveni-shop-harmonisator-anti-wellen-alexander-rusanov\/\" style=\"color: #ffffff;\">Shop auf Deutsch<\/a><\/span><\/strong><\/p>\n<p><strong><span style=\"color: #ffffff;\"><a href=\"https:\/\/aveni.shop\/de\/aveni-leitfaden-zu-harmonisator-anti-wellen-alexander-rusanov\/\" style=\"color: #ffffff;\">Ratgeber<\/a><\/span><\/strong><\/p>\n<p><strong><span style=\"color: #ffffff;\"><a href=\"https:\/\/aveni.shop\/de\/aveni-erfinder-der-harmonisator-anti-wellen-alexander-rusanov\/\" style=\"color: #ffffff;\">Designer<\/a><\/span><\/strong><\/p>\n<p><strong><span style=\"color: #ffffff;\"><a href=\"https:\/\/aveni.shop\/de\/aveni-wirkung-der-harmonisator-anti-wellen-alexander-rusanov\/\" style=\"color: #ffffff;\">Betrieb<\/a><\/span><\/strong><\/p>\n<p><strong><span style=\"color: #ffffff;\"><a href=\"https:\/\/aveni.shop\/de\/mein-konto\/\" style=\"color: #ffffff;\">Mein Konto<\/a><\/span><\/strong><\/p>\n<p>[\/et_pb_text][\/et_pb_column][et_pb_column type=&#8221;1_4&#8243; _builder_version=&#8221;4.27.4&#8243; _module_preset=&#8221;default&#8221; global_colors_info=&#8221;{}&#8221;][et_pb_text _builder_version=&#8221;4.27.4&#8243; _module_preset=&#8221;default&#8221; text_text_color=&#8221;#FFFFFF&#8221; text_font_size=&#8221;18px&#8221; global_colors_info=&#8221;{}&#8221;]<\/p>\n<p><strong>Schneller Zugriff<\/strong><\/p>\n<p>[\/et_pb_text][et_pb_text _builder_version=&#8221;4.27.4&#8243; _module_preset=&#8221;default&#8221; global_colors_info=&#8221;{}&#8221;]<\/p>\n<p><strong><span style=\"color: #ffffff;\"><a href=\"https:\/\/aveni.shop\/de\/aveni-blog-der-harmonisator-von-alexander-rusanov\/\" style=\"color: #ffffff;\">BLOG<\/a><\/span><\/strong><\/p>\n<p><strong><span style=\"color: #ffffff;\"><a href=\"https:\/\/aveni.shop\/de\/faq-auf-deutsch-aveni-shop\/\" style=\"color: #ffffff;\">FAQ<\/a><\/span><\/strong><\/p>\n<p><strong><span style=\"color: #ffffff;\"><a href=\"https:\/\/aveni.shop\/de\/support-fuer-benutzer-aveni-shop\/\" style=\"color: #ffffff;\">Support<\/a><\/span><\/strong><\/p>\n<p><strong><span style=\"color: #ffffff;\"><a href=\"https:\/\/aveni.shop\/de\/antrag-auf-intervention-durch-einen-geobiologen\/\" style=\"color: #ffffff;\">Intervention Geobiologe<\/a><\/span><\/strong><\/p>\n<p><strong><span style=\"color: #ffffff;\"><a href=\"https:\/\/aveni.shop\/de\/kontakt-expert-anti-wellen-schutz-aveni\/\" style=\"color: #ffffff;\">Kontakt<\/a><\/span><\/strong><\/p>\n<p>[\/et_pb_text][\/et_pb_column][et_pb_column type=&#8221;1_4&#8243; _builder_version=&#8221;4.27.4&#8243; _module_preset=&#8221;default&#8221; global_colors_info=&#8221;{}&#8221;][et_pb_text _builder_version=&#8221;4.27.4&#8243; _module_preset=&#8221;default&#8221; text_text_color=&#8221;#FFFFFF&#8221; text_font_size=&#8221;18px&#8221; global_colors_info=&#8221;{}&#8221;]<\/p>\n<p><strong>Bleiben Sie in Kontakt<\/strong><\/p>\n<p>[\/et_pb_text][et_pb_text _builder_version=&#8221;4.27.4&#8243; _module_preset=&#8221;default&#8221; global_colors_info=&#8221;{}&#8221;]<\/p>\n<p><span style=\"color: #ffffff;\"><strong><a href=\"https:\/\/aveni.shop\/de\/kontakt-expert-anti-wellen-schutz-aveni\/\" style=\"color: #ffffff;\">Kontakt<\/a><\/strong><\/span><\/p>\n<p><span style=\"color: #ffffff;\"><strong>E-Mail: <a href=\"mailto:contact@aveni.shop\" style=\"color: #ffffff;\">contact@aveni.shop<\/a><\/strong><\/span><\/p>\n<p><span style=\"color: #ffffff;\"><strong><a href=\"https:\/\/aveni.shop\/de\/newsletter-abonnieren\/\" style=\"color: #ffffff;\">Newsletter<\/a><\/strong><\/span><\/p>\n<p><span style=\"color: #ffffff;\"><strong><a href=\"https:\/\/aveni.shop\/de\/affiliate-bereich\/\" style=\"color: #ffffff;\">Affiliates<\/a><\/strong><\/span><\/p>\n<p>[\/et_pb_text][\/et_pb_column][\/et_pb_row][\/et_pb_section][et_pb_section fb_built=&#8221;1&#8243; _builder_version=&#8221;4.27.4&#8243; _module_preset=&#8221;default&#8221; background_color=&#8221;#000000&#8243; custom_margin=&#8221;0px||||false|false&#8221; custom_padding=&#8221;0px||0px||false|false&#8221; global_module=&#8221;35983&#8243; saved_tabs=&#8221;all&#8221; global_colors_info=&#8221;{}&#8221;][et_pb_row _builder_version=&#8221;4.27.4&#8243; _module_preset=&#8221;default&#8221; custom_margin=&#8221;0px||||false|false&#8221; custom_padding=&#8221;0px||||false|false&#8221; global_colors_info=&#8221;{}&#8221;][et_pb_column type=&#8221;4_4&#8243; _builder_version=&#8221;4.27.4&#8243; _module_preset=&#8221;default&#8221; global_colors_info=&#8221;{}&#8221;][et_pb_text _builder_version=&#8221;4.27.4&#8243; _module_preset=&#8221;default&#8221; custom_margin=&#8221;20px||||false|false&#8221; custom_padding=&#8221;20px||||false|false&#8221; global_colors_info=&#8221;{}&#8221;]<\/p>\n<p style=\"text-align: center;\"><span style=\"color: #ffffff;\"><a href=\"https:\/\/aveni.shop\/de\/\" target=\"_blank\" rel=\"noopener\" style=\"color: #ffffff;\">2024-2025 AVENI.SHOP &#8211; Alle Rechte vorbehalten<\/a> &#8211; <a href=\"https:\/\/www.macwin.ch\/de\/\" target=\"_blank\" rel=\"noopener\" style=\"color: #ffffff;\">Realisiert durch: macwin.ch<\/a> &#8211; <a href=\"https:\/\/aveni.shop\/de\/rechtliche-hinweise-anti-wellen-schutz-aveni-shop\/\" style=\"color: #ffffff;\">Rechtliche Hinweise<\/a> &#8211; <a href=\"https:\/\/aveni.shop\/de\/allgemeine-geschaeftsbedingungen-aveni-shop\/\" style=\"color: #ffffff;\">Allgemeine Gesch\u00e4ftsbedingungen<\/a> &#8211; <a rel=\"privacy-policy\" href=\"https:\/\/aveni.shop\/de\/datenschutzrichtlinie-anti-wellen-schutz-aveni\/\" style=\"color: #ffffff;\">Datenschutzrichtlinie<\/a> &#8211; <a href=\"https:\/\/aveni.shop\/de\/cookie-richtlinie-aveni-shop\/\" style=\"color: #ffffff;\">Cookie-Richtlinie (EU)<\/a><\/span><\/p>\n<ul id=\"menu-menu-footer\" class=\"bottom-nav\"><\/ul>\n<p><span style=\"color: #000000;\"><a href=\"https:\/\/www.macwin.ch\/de\/\" target=\"_blank\" rel=\"noopener\" style=\"color: #000000;\"><\/a><\/span><\/p>\n<p>[\/et_pb_text][\/et_pb_column][\/et_pb_row][\/et_pb_section]<\/p>\n","protected":false},"excerpt":{"rendered":"<p>AVENI ERFINDER der HARMONISATOREN und ANTI-WELLEN-SCHUTZ : ALEXANDRE RUSANOVAlexander RUSANOV &#8211; Designer der AVENI-HARMONISATOREN Ein Experte in Geo\u00f6kologie und Elektromagnetismus Geologie-Ingenieur | Master in Industrieller Informatik Mitglied der Union der Geologen Mitglied der International Medical Geology Association Spezialist f\u00fcr die Auswirkungen elektromagnetischer Wellen auf die Gesundheit und die Umwelt Die Auswirkungen elektromagnetischer Verschmutzungen auf unsere [&hellip;]<\/p>\n","protected":false},"author":1,"featured_media":0,"parent":0,"menu_order":0,"comment_status":"closed","ping_status":"closed","template":"","meta":{"_et_pb_use_builder":"on","_et_pb_old_content":"","_et_gb_content_width":"","footnotes":""},"class_list":["post-29666","page","type-page","status-publish","hentry"],"_links":{"self":[{"href":"https:\/\/aveni.shop\/de\/wp-json\/wp\/v2\/pages\/29666","targetHints":{"allow":["GET"]}}],"collection":[{"href":"https:\/\/aveni.shop\/de\/wp-json\/wp\/v2\/pages"}],"about":[{"href":"https:\/\/aveni.shop\/de\/wp-json\/wp\/v2\/types\/page"}],"author":[{"embeddable":true,"href":"https:\/\/aveni.shop\/de\/wp-json\/wp\/v2\/users\/1"}],"replies":[{"embeddable":true,"href":"https:\/\/aveni.shop\/de\/wp-json\/wp\/v2\/comments?post=29666"}],"version-history":[{"count":4,"href":"https:\/\/aveni.shop\/de\/wp-json\/wp\/v2\/pages\/29666\/revisions"}],"predecessor-version":[{"id":37204,"href":"https:\/\/aveni.shop\/de\/wp-json\/wp\/v2\/pages\/29666\/revisions\/37204"}],"wp:attachment":[{"href":"https:\/\/aveni.shop\/de\/wp-json\/wp\/v2\/media?parent=29666"}],"curies":[{"name":"wp","href":"https:\/\/api.w.org\/{rel}","templated":true}]}}