{"id":29671,"date":"2023-01-29T15:00:16","date_gmt":"2023-01-29T14:00:16","guid":{"rendered":"https:\/\/aveni.shop\/?page_id=29671"},"modified":"2026-02-16T16:54:58","modified_gmt":"2026-02-16T15:54:58","slug":"aveni-wirkung-der-harmonisator-anti-wellen-alexander-rusanov","status":"publish","type":"page","link":"https:\/\/aveni.shop\/de\/aveni-wirkung-der-harmonisator-anti-wellen-alexander-rusanov\/","title":{"rendered":"AVENI WIRKUNG der HARMONISATOR ANTI-WELLEN ALEXANDER RUSANOV"},"content":{"rendered":"<p>[et_pb_section fb_built=&#8221;1&#8243; admin_label=&#8221;Features Section&#8221; _builder_version=&#8221;4.27.4&#8243; custom_padding=&#8221;||||false|false&#8221; global_colors_info=&#8221;{}&#8221;][et_pb_row _builder_version=&#8221;4.16&#8243; custom_padding=&#8221;20px|||&#8221; locked=&#8221;off&#8221; global_colors_info=&#8221;{}&#8221;][et_pb_column type=&#8221;4_4&#8243; _builder_version=&#8221;4.16&#8243; custom_padding=&#8221;|||&#8221; global_colors_info=&#8221;{}&#8221; custom_padding__hover=&#8221;|||&#8221;][et_pb_text admin_label=&#8221;Features Section Title&#8221; _builder_version=&#8221;4.27.4&#8243; text_font=&#8221;||||||||&#8221; header_font=&#8221;Roboto|700||on|||||&#8221; header_text_align=&#8221;center&#8221; header_font_size=&#8221;52px&#8221; header_letter_spacing=&#8221;4px&#8221; header_line_height=&#8221;1.2em&#8221; header_2_font=&#8221;||||||||&#8221; module_alignment=&#8221;center&#8221; custom_margin=&#8221;|||&#8221; custom_padding=&#8221;|||&#8221; animation_style=&#8221;fade&#8221; hover_enabled=&#8221;0&#8243; header_font_size_tablet=&#8221;40px&#8221; header_font_size_phone=&#8221;&#8221; header_font_size_last_edited=&#8221;on|tablet&#8221; locked=&#8221;off&#8221; global_colors_info=&#8221;{}&#8221; sticky_enabled=&#8221;0&#8243;]<\/p>\n<h1>AVENI WIRKUNG der HARMINISATOR von ALEXANDER RUSANOV<\/h1>\n<p>[\/et_pb_text][et_pb_text _builder_version=&#8221;4.27.4&#8243; _module_preset=&#8221;default&#8221; global_colors_info=&#8221;{}&#8221;]<\/p>\n<h2 style=\"text-align: center;\">Funktionsprinzip der AVENI-Ger\u00e4te<br \/>SKALAR WELLEN<br \/>(auch als Torsionsfelder bezeichnet)<\/h2>\n<p>[\/et_pb_text][et_pb_text _builder_version=&#8221;4.27.4&#8243; _module_preset=&#8221;default&#8221; global_colors_info=&#8221;{}&#8221;]<\/p>\n<p><strong>Elektromagnetische Wellen und ihre Auswirkungen auf das Leben: Wie <a href=\"\/de\/aveni-leitfaden-zu-harmonisator-anti-wellen-alexander-rusanov\/\">ANTI-WELLEN-SCHAUTZ-AVENI<\/a> diese Signale transformieren k\u00f6nnen<\/strong><\/p>\n<p>Elektromagnetische Wellen, unabh\u00e4ngig von ihrer Herkunft, senden Signale aus, die das Wohlbefinden der Menschen beeintr\u00e4chtigen k\u00f6nnen. Diese Wellen k\u00f6nnen jedoch transformiert werden, sodass sie dem Leben zugutekommen. Hier kommen <a href=\"\/de\/aveni-leitfaden-zu-harmonisator-anti-wellen-alexander-rusanov\/\"><strong>HARMONISIERER f\u00fcr elektromagnetische Wellen<\/strong><\/a> ins Spiel, die die informationsbasierten Spuren von Pflanzen und nat\u00fcrlichen Mineralien in Harzen nutzen, um die negativen Effekte dieser Signale umzukehren.<\/p>\n<p>Diese nat\u00fcrlichen Spuren bieten einen <strong>harmonischeren Referenzrahmen<\/strong> f\u00fcr lebende Organismen, der ihre optimale Funktionsweise unterst\u00fctzt. Pers\u00f6nlich nutze ich die <a href=\"\/de\/aveni-leitfaden-zu-harmonisator-anti-wellen-alexander-rusanov\/\"><strong>HARMONISATOREN von Alexandre Rusanov<\/strong><\/a> seit 2008 in meinen geobiologischen Interventionen. Aus meiner Sicht stellen diese Ger\u00e4te die umfassendste und effektivste L\u00f6sung dar, um die <strong>elektromagnetischen St\u00f6rungen<\/strong> in der Umgebung zu korrigieren.<\/p>\n<p>Die <strong><a href=\"\/de\/aveni-leitfaden-zu-harmonisator-anti-wellen-alexander-rusanov\/\">AVENI-ANTI-WELLEN-SCHUTZ<\/a><\/strong>, die in der folgenden Auswahl pr\u00e4sentiert werden, k\u00f6nnen direkt verwendet werden und sind jeweils f\u00fcr spezifische Anwendungen geeignet, die f\u00fcr jedes Produkt detailliert beschrieben werden.<\/p>\n<p>[\/et_pb_text][\/et_pb_column][\/et_pb_row][\/et_pb_section][et_pb_section fb_built=&#8221;1&#8243; _builder_version=&#8221;4.27.4&#8243; _module_preset=&#8221;default&#8221; global_colors_info=&#8221;{}&#8221;][et_pb_row column_structure=&#8221;2_5,3_5&#8243; _builder_version=&#8221;4.27.4&#8243; _module_preset=&#8221;default&#8221; global_colors_info=&#8221;{}&#8221;][et_pb_column type=&#8221;2_5&#8243; _builder_version=&#8221;4.27.4&#8243; _module_preset=&#8221;default&#8221; global_colors_info=&#8221;{}&#8221;][et_pb_image src=&#8221;https:\/\/aveni.shop\/wp-content\/uploads\/2025\/02\/aveni-wifi.png&#8221; alt=&#8221;AVENI ANTI-WELLEN HARMONISATOREN sind sehr effektiv bei elektromagnetischen St\u00f6rungen wie 4G, 5G, Linky, WLAN usw.&#8221; title_text=&#8221;HARMONISATOREN ANTI-WELLEN AVENI.SHOP &#8211; WIFI WLAN&#8221; _builder_version=&#8221;4.27.4&#8243; _module_preset=&#8221;default&#8221; global_colors_info=&#8221;{}&#8221;][\/et_pb_image][\/et_pb_column][et_pb_column type=&#8221;3_5&#8243; _builder_version=&#8221;4.27.4&#8243; _module_preset=&#8221;default&#8221; global_colors_info=&#8221;{}&#8221;][et_pb_text _builder_version=&#8221;4.27.4&#8243; _module_preset=&#8221;default&#8221; global_colors_info=&#8221;{}&#8221;]<\/p>\n<h3><strong>Elektromagnetische St\u00f6rungen: Wie kann man sie neutralisieren und positiv umwandeln?<\/strong><\/h3>\n<p>Elektromagnetische Wellen, ob von elektronischen Ger\u00e4ten, Antennen oder anderen Quellen, k\u00f6nnen unser Wohlbefinden beeintr\u00e4chtigen. Ihr Signal kann energetische St\u00f6rungen erzeugen, die das Gleichgewicht des menschlichen K\u00f6rpers beeinflussen.<\/p>\n<p>\ud83d\udd39 <strong>Wie kann man elektromagnetische St\u00f6rungen ausgleichen?<\/strong><br \/>Dank innovativer Technologie ist es m\u00f6glich, diese Wellen in ein positives Signal f\u00fcr Lebewesen umzuwandeln. Durch die Integration von Informationsabdr\u00fccken nat\u00fcrlicher Pflanzen und Mineralien in eine spezielle Harzmatrix lassen sich negative Effekte umkehren.<\/p>\n<p>\ud83d\udd39 <strong>Ein harmonisiertes elektromagnetisches Feld<\/strong><br \/>Anstatt das elektromagnetische Feld zu eliminieren, wirkt dieses <a href=\"\/de\/aveni-shop-harmonisator-anti-wellen-alexander-rusanov\/\">Ger\u00e4t<\/a> auf dessen informationelle Komponenten und gleicht die Torsionsfelder aus. Dadurch wird die Verbreitung sch\u00e4dlicher Wellen verlangsamt und ein harmonischer \u201eTwist\u201c gef\u00f6rdert, der dem Menschen zugutekommt.<\/p>\n<p>\ud83c\udf3f <strong>Eine nat\u00fcrliche L\u00f6sung f\u00fcr mehr Wohlbefinden<\/strong><br \/>Indem es einen nat\u00fcrlicheren Referenzrahmen f\u00fcr biologische Systeme bietet, hilft diese Technologie, sich besser an moderne elektromagnetische Umgebungen anzupassen \u2013 ideal f\u00fcr mehr Gelassenheit und energetischen Schutz im Alltag.<\/p>\n<p>[\/et_pb_text][\/et_pb_column][\/et_pb_row][\/et_pb_section][et_pb_section fb_built=&#8221;1&#8243; _builder_version=&#8221;4.27.4&#8243; _module_preset=&#8221;default&#8221; global_colors_info=&#8221;{}&#8221;][et_pb_row column_structure=&#8221;3_5,2_5&#8243; _builder_version=&#8221;4.27.4&#8243; _module_preset=&#8221;default&#8221; global_colors_info=&#8221;{}&#8221;][et_pb_column type=&#8221;3_5&#8243; _builder_version=&#8221;4.27.4&#8243; _module_preset=&#8221;default&#8221; global_colors_info=&#8221;{}&#8221;][et_pb_text _builder_version=&#8221;4.27.4&#8243; _module_preset=&#8221;default&#8221; global_colors_info=&#8221;{}&#8221;]<\/p>\n<h3><strong>Skalarwellen: Eine Nat\u00fcrliche Technologie zur Umwandlung Elektromagnetischer Schwingungen<\/strong><\/h3>\n<p><strong>Skalarwellen<\/strong>, auch bekannt als <strong>Torsionsfelder<\/strong>, sind energetische Wellen in Spiralform. Im Gegensatz zu herk\u00f6mmlichen elektromagnetischen Wellen breiten sie sich nicht linear, sondern zirkul\u00e4r aus und erzeugen so ein einzigartiges Schwingungsfeld.<\/p>\n<p>\ud83d\udd39 <strong>Welche Rolle spielen Skalarwellen?<\/strong><br \/>Skalarwellen haben die F\u00e4higkeit, die <strong>umgebende Energie zu harmonisieren und neu auszubalancieren<\/strong>, indem sie negative elektromagnetische Schwingungen in positive, lebensf\u00f6rdernde Frequenzen umwandeln. Dadurch reduzieren sie die Auswirkungen sch\u00e4dlicher elektromagnetischer Felder.<\/p>\n<p>\ud83c\udf3f <strong>Eine nat\u00fcrliche L\u00f6sung f\u00fcr mehr energetisches Gleichgewicht<\/strong><br \/>Dank ihrer spiralf\u00f6rmigen Struktur k\u00f6nnen Skalarwellen zur F\u00f6rderung von Vitalit\u00e4t, Harmonie und Schutz vor elektromagnetischen St\u00f6rungen eingesetzt werden.<\/p>\n<p>[\/et_pb_text][\/et_pb_column][et_pb_column type=&#8221;2_5&#8243; _builder_version=&#8221;4.27.4&#8243; _module_preset=&#8221;default&#8221; global_colors_info=&#8221;{}&#8221;][et_pb_image src=&#8221;https:\/\/aveni.shop\/wp-content\/uploads\/2025\/02\/aveni-onde-scalaire-champ-de-torsion.png&#8221; alt=&#8221;AVENI HARMONISATOREN sind sehr effektiv bei elektromagnetischen St\u00f6rungen wie 4G, 5G, Linky, WLAN usw. Sie helfen Menschen, Tieren und Pflanzen, sich in diese Wellenverschmutzung zu integrieren.&#8221; title_text=&#8221;HARMONISATOREN und ANTI-WELLEN-SCHUTZ AVENI&#8221; _builder_version=&#8221;4.27.4&#8243; _module_preset=&#8221;default&#8221; global_colors_info=&#8221;{}&#8221;][\/et_pb_image][\/et_pb_column][\/et_pb_row][\/et_pb_section][et_pb_section fb_built=&#8221;1&#8243; _builder_version=&#8221;4.27.4&#8243; _module_preset=&#8221;default&#8221; global_colors_info=&#8221;{}&#8221;][et_pb_row column_structure=&#8221;2_5,3_5&#8243; _builder_version=&#8221;4.27.4&#8243; _module_preset=&#8221;default&#8221; global_colors_info=&#8221;{}&#8221;][et_pb_column type=&#8221;2_5&#8243; _builder_version=&#8221;4.27.4&#8243; _module_preset=&#8221;default&#8221; global_colors_info=&#8221;{}&#8221;][et_pb_image src=&#8221;https:\/\/aveni.shop\/wp-content\/uploads\/2025\/02\/aveni-logo.png&#8221; alt=&#8221;AVENI HARMONISATOREN sind sehr effektiv bei elektromagnetischen St\u00f6rungen wie 4G, 5G, Linky, WLAN usw. Sie helfen Menschen, Tieren und Pflanzen, sich in diese Wellenverschmutzung zu integrieren.&#8221; title_text=&#8221;HARMONISATOREN und ANTI-WELLEN-SCHUTZ AVENI&#8221; _builder_version=&#8221;4.27.4&#8243; _module_preset=&#8221;default&#8221; global_colors_info=&#8221;{}&#8221;][\/et_pb_image][\/et_pb_column][et_pb_column type=&#8221;3_5&#8243; _builder_version=&#8221;4.27.4&#8243; _module_preset=&#8221;default&#8221; global_colors_info=&#8221;{}&#8221;][et_pb_text _builder_version=&#8221;4.27.4&#8243; _module_preset=&#8221;default&#8221; global_colors_info=&#8221;{}&#8221;]<\/p>\n<h3><strong><a href=\"\/de\/aveni-leitfaden-zu-harmonisator-anti-wellen-alexander-rusanov\/\">AVENI ANTI-WELLEN-HARMONISATOREN<\/a>: Fortschrittliche Technologie zur Umwandlung von Negativen in Positive Elektromagnetische Schwingungen<\/strong><\/h3>\n<p>Die <a href=\"\/de\/aveni-shop-harmonisator-anti-wellen-alexander-rusanov\/\"><strong>AVENI Ger\u00e4te<\/strong><\/a> integrieren <strong>einzigartige Informationskomponenten<\/strong>, die in der Lage sind, <strong>negative elektromagnetische Schwingungen<\/strong> in vorteilhafte Wellen umzuwandeln. Durch die <strong>Verwendung von Informationsabdr\u00fccken nat\u00fcrlicher Pflanzen und Mineralien<\/strong> k\u00f6nnen diese Ger\u00e4te die sch\u00e4dlichen Auswirkungen von elektromagnetischen Wellen umkehren und so einen <strong>nat\u00fcrlichen und effektiven energetischen Schutz<\/strong> bieten.<\/p>\n<h4>\ud83d\udd39 <strong>Wie funktionieren die <a href=\"\/de\/aveni-leitfaden-zu-harmonisator-anti-wellen-alexander-rusanov\/\">AVENI ANTI-WELLEN-SCHUTZ<\/a>?<\/strong><\/h4>\n<p>Die <strong>Informationsabdr\u00fccke<\/strong>, die in <strong>der Harzmatrix der <a href=\"\/de\/aveni-leitfaden-zu-harmonisator-anti-wellen-alexander-rusanov\/\">AVENI HARMONISATOREN<\/a><\/strong> eingebaut sind, erm\u00f6glichen es, die elektromagnetischen Schwingungen umzuleiten, indem sie ein <strong>nat\u00fcrliches energetisches Referenzsystem<\/strong> bereitstellen. Dadurch werden elektromagnetische St\u00f6rungen neutralisiert und eine harmonischere Umgebung f\u00fcr Menschen, Tiere, Pflanzen und Lebensr\u00e4ume geschaffen.<\/p>\n<h4>\ud83c\udf31 <strong>Eine energetische L\u00f6sung f\u00fcr das gesamte Wohlbefinden<\/strong><\/h4>\n<p>Die <a href=\"\/de\/aveni-shop-harmonisator-anti-wellen-alexander-rusanov\/\"><strong>AVENI Ger\u00e4te<\/strong><\/a> sind nicht nur f\u00fcr den Schutz des Menschen effektiv, sondern auch f\u00fcr die Gesundheit von Tieren, Pflanzen und Mineralien. Sie wirken synergetisch, um ein <strong>nat\u00fcrliches energetisches Gleichgewicht<\/strong> zu f\u00f6rdern und nat\u00fcrliche sowie k\u00fcnstliche Umgebungen zu harmonisieren.<\/p>\n<h4>\ud83d\udd04 <strong>Von TERVICA zu AVENI: Eine Technologische Evolution<\/strong><\/h4>\n<p>Historisch gesehen waren die ersten Produkte dieser Technologie die <strong>TERVICA Ger\u00e4te<\/strong>. Heute wurden diese durch die <a href=\"\/de\/aveni-leitfaden-zu-harmonisator-anti-wellen-alexander-rusanov\/\"><strong>AVENI ANTI-WELLEN-SCHUTZ<\/strong><\/a> ersetzt, die besser auf moderne Stromst\u00f6rungen abgestimmt sind. Die neuen Ger\u00e4te funktionieren jedoch nach dem gleichen Prinzip und garantieren so eine gleichbleibende Effizienz.<\/p>\n<p>[\/et_pb_text][\/et_pb_column][\/et_pb_row][\/et_pb_section][et_pb_section fb_built=&#8221;1&#8243; _builder_version=&#8221;4.27.4&#8243; _module_preset=&#8221;default&#8221; global_colors_info=&#8221;{}&#8221;][et_pb_row _builder_version=&#8221;4.27.4&#8243; _module_preset=&#8221;default&#8221; global_colors_info=&#8221;{}&#8221;][et_pb_column type=&#8221;4_4&#8243; _builder_version=&#8221;4.27.4&#8243; _module_preset=&#8221;default&#8221; global_colors_info=&#8221;{}&#8221;][et_pb_video src=&#8221;https:\/\/www.youtube.com\/embed\/weDB-hJTNlI&#8221; _builder_version=&#8221;4.27.4&#8243; _module_preset=&#8221;default&#8221; global_colors_info=&#8221;{}&#8221;][\/et_pb_video][\/et_pb_column][\/et_pb_row][et_pb_row _builder_version=&#8221;4.27.4&#8243; _module_preset=&#8221;default&#8221; global_colors_info=&#8221;{}&#8221;][et_pb_column type=&#8221;4_4&#8243; _builder_version=&#8221;4.27.4&#8243; _module_preset=&#8221;default&#8221; global_colors_info=&#8221;{}&#8221;][et_pb_video src=&#8221;https:\/\/www.youtube.com\/embed\/IZ3Ka-Cy4jY&#8221; _builder_version=&#8221;4.27.4&#8243; _module_preset=&#8221;default&#8221; global_colors_info=&#8221;{}&#8221;][\/et_pb_video][\/et_pb_column][\/et_pb_row][et_pb_row _builder_version=&#8221;4.27.4&#8243; _module_preset=&#8221;default&#8221; global_colors_info=&#8221;{}&#8221;][et_pb_column type=&#8221;4_4&#8243; _builder_version=&#8221;4.27.4&#8243; _module_preset=&#8221;default&#8221; global_colors_info=&#8221;{}&#8221;][et_pb_video src=&#8221;https:\/\/www.youtube.com\/embed\/raGmd9mPSDY&#8221; _builder_version=&#8221;4.27.4&#8243; _module_preset=&#8221;default&#8221; global_colors_info=&#8221;{}&#8221;][\/et_pb_video][\/et_pb_column][\/et_pb_row][\/et_pb_section][et_pb_section fb_built=&#8221;1&#8243; _builder_version=&#8221;4.27.4&#8243; _module_preset=&#8221;default&#8221; global_colors_info=&#8221;{}&#8221;][et_pb_row _builder_version=&#8221;4.27.4&#8243; _module_preset=&#8221;default&#8221; global_colors_info=&#8221;{}&#8221;][et_pb_column type=&#8221;4_4&#8243; _builder_version=&#8221;4.27.4&#8243; _module_preset=&#8221;default&#8221; global_colors_info=&#8221;{}&#8221;][et_pb_button button_url=&#8221;https:\/\/aveni.shop\/de\/aveni-shop-harmonisator-anti-wellen-alexander-rusanov\/&#8221; button_text=&#8221;Siehe Ger\u00e4te&#8221; button_alignment=&#8221;center&#8221; _builder_version=&#8221;4.27.4&#8243; _module_preset=&#8221;default&#8221; global_colors_info=&#8221;{}&#8221;][\/et_pb_button][\/et_pb_column][\/et_pb_row][\/et_pb_section]<\/p>\n","protected":false},"excerpt":{"rendered":"<p>AVENI WIRKUNG der HARMINISATOR von ALEXANDER RUSANOVFunktionsprinzip der AVENI-Ger\u00e4teSKALAR WELLEN(auch als Torsionsfelder bezeichnet)Elektromagnetische Wellen und ihre Auswirkungen auf das Leben: Wie ANTI-WELLEN-SCHAUTZ-AVENI diese Signale transformieren k\u00f6nnen Elektromagnetische Wellen, unabh\u00e4ngig von ihrer Herkunft, senden Signale aus, die das Wohlbefinden der Menschen beeintr\u00e4chtigen k\u00f6nnen. Diese Wellen k\u00f6nnen jedoch transformiert werden, sodass sie dem Leben zugutekommen. Hier kommen [&hellip;]<\/p>\n","protected":false},"author":1,"featured_media":0,"parent":0,"menu_order":0,"comment_status":"closed","ping_status":"closed","template":"","meta":{"_et_pb_use_builder":"on","_et_pb_old_content":"","_et_gb_content_width":"","footnotes":""},"class_list":["post-29671","page","type-page","status-publish","hentry"],"_links":{"self":[{"href":"https:\/\/aveni.shop\/de\/wp-json\/wp\/v2\/pages\/29671","targetHints":{"allow":["GET"]}}],"collection":[{"href":"https:\/\/aveni.shop\/de\/wp-json\/wp\/v2\/pages"}],"about":[{"href":"https:\/\/aveni.shop\/de\/wp-json\/wp\/v2\/types\/page"}],"author":[{"embeddable":true,"href":"https:\/\/aveni.shop\/de\/wp-json\/wp\/v2\/users\/1"}],"replies":[{"embeddable":true,"href":"https:\/\/aveni.shop\/de\/wp-json\/wp\/v2\/comments?post=29671"}],"version-history":[{"count":4,"href":"https:\/\/aveni.shop\/de\/wp-json\/wp\/v2\/pages\/29671\/revisions"}],"predecessor-version":[{"id":37211,"href":"https:\/\/aveni.shop\/de\/wp-json\/wp\/v2\/pages\/29671\/revisions\/37211"}],"wp:attachment":[{"href":"https:\/\/aveni.shop\/de\/wp-json\/wp\/v2\/media?parent=29671"}],"curies":[{"name":"wp","href":"https:\/\/api.w.org\/{rel}","templated":true}]}}