{"id":30998,"date":"2023-03-12T11:52:01","date_gmt":"2023-03-12T10:52:01","guid":{"rendered":"https:\/\/aveni.shop\/?page_id=30998"},"modified":"2026-02-16T17:11:06","modified_gmt":"2026-02-16T16:11:06","slug":"support-fuer-benutzer-aveni-shop","status":"publish","type":"page","link":"https:\/\/aveni.shop\/de\/support-fuer-benutzer-aveni-shop\/","title":{"rendered":"Support f\u00fcr Nutzer"},"content":{"rendered":"<p>[et_pb_section fb_built=&#8221;1&#8243; admin_label=&#8221;Features Section&#8221; _builder_version=&#8221;4.16&#8243; custom_padding=&#8221;110px||110px|&#8221; global_colors_info=&#8221;{}&#8221;][et_pb_row _builder_version=&#8221;4.16&#8243; custom_padding=&#8221;20px|||&#8221; locked=&#8221;off&#8221; global_colors_info=&#8221;{}&#8221;][et_pb_column type=&#8221;4_4&#8243; _builder_version=&#8221;4.16&#8243; custom_padding=&#8221;|||&#8221; global_colors_info=&#8221;{}&#8221; custom_padding__hover=&#8221;|||&#8221;][et_pb_text admin_label=&#8221;Features Section Title&#8221; _builder_version=&#8221;4.16&#8243; text_font=&#8221;||||||||&#8221; header_font=&#8221;Roboto|700||on|||||&#8221; header_text_align=&#8221;center&#8221; header_font_size=&#8221;52px&#8221; header_letter_spacing=&#8221;4px&#8221; header_line_height=&#8221;1.2em&#8221; header_2_font=&#8221;||||||||&#8221; module_alignment=&#8221;center&#8221; custom_margin=&#8221;|||&#8221; custom_padding=&#8221;|||&#8221; animation_style=&#8221;fade&#8221; header_font_size_tablet=&#8221;40px&#8221; header_font_size_phone=&#8221;&#8221; header_font_size_last_edited=&#8221;on|tablet&#8221; locked=&#8221;off&#8221; global_colors_info=&#8221;{}&#8221;]<\/p>\n<h1>SUPPORT im AVENI.SHOP<\/h1>\n<p>[\/et_pb_text][et_pb_divider color=&#8221;#ffb500&#8243; divider_weight=&#8221;2px&#8221; disabled_on=&#8221;off|off|off&#8221; _builder_version=&#8221;4.16&#8243; max_width=&#8221;100px&#8221; module_alignment=&#8221;center&#8221; animation_style=&#8221;fade&#8221; locked=&#8221;off&#8221; global_colors_info=&#8221;{}&#8221;][\/et_pb_divider][\/et_pb_column][\/et_pb_row][et_pb_row column_structure=&#8221;1_3,1_3,1_3&#8243; _builder_version=&#8221;4.16&#8243; custom_margin=&#8221;||20px|&#8221; global_colors_info=&#8221;{}&#8221;][et_pb_column type=&#8221;1_3&#8243; _builder_version=&#8221;4.16&#8243; custom_padding=&#8221;|||&#8221; global_colors_info=&#8221;{}&#8221; custom_padding__hover=&#8221;|||&#8221;][et_pb_blurb title=&#8221;Passwort vergessen ?&#8221; use_icon=&#8221;on&#8221; font_icon=&#8221;&#xf084;||fa||900&#8243; icon_color=&#8221;#ffb500&#8243; image_icon_width=&#8221;48px&#8221; admin_label=&#8221;Feature 01&#8243; _builder_version=&#8221;4.27.4&#8243; header_font=&#8221;Roboto|on||on|&#8221; header_font_size=&#8221;18px&#8221; header_letter_spacing=&#8221;1px&#8221; header_line_height=&#8221;1.4em&#8221; body_font=&#8221;||||||||&#8221; body_font_size=&#8221;16px&#8221; body_line_height=&#8221;1.8em&#8221; text_orientation=&#8221;center&#8221; animation_style=&#8221;fade&#8221; animation=&#8221;off&#8221; icon_font_size=&#8221;48px&#8221; global_colors_info=&#8221;{}&#8221;]<\/p>\n<p>Sie werden eine E-Mail erhalten, um Ihr Passwort zu \u00e4ndern.<\/p>\n<p>[\/et_pb_blurb][et_pb_button button_url=&#8221;\/de\/mein-konto\/lost-password\/&#8221; button_text=&#8221;Ich \u00e4ndere mein Passwort&#8221; button_alignment=&#8221;center&#8221; _builder_version=&#8221;4.27.4&#8243; _module_preset=&#8221;default&#8221; global_colors_info=&#8221;{}&#8221;][\/et_pb_button][\/et_pb_column][et_pb_column type=&#8221;1_3&#8243; _builder_version=&#8221;4.16&#8243; custom_padding=&#8221;|||&#8221; global_colors_info=&#8221;{}&#8221; custom_padding__hover=&#8221;|||&#8221;][et_pb_blurb title=&#8221;GESCHENK F\u00dcR EINE(N) FREUND(IN)&#8221; use_icon=&#8221;on&#8221; font_icon=&#8221;&#xe008;||divi||400&#8243; icon_color=&#8221;#ffb500&#8243; image_icon_width=&#8221;48px&#8221; admin_label=&#8221;Feature 02&#8243; _builder_version=&#8221;4.27.4&#8243; header_font=&#8221;Roboto|on||on|&#8221; header_font_size=&#8221;18px&#8221; header_letter_spacing=&#8221;1px&#8221; header_line_height=&#8221;1.4em&#8221; body_font=&#8221;||||||||&#8221; body_font_size=&#8221;16px&#8221; body_line_height=&#8221;1.8em&#8221; text_orientation=&#8221;center&#8221; animation_style=&#8221;fade&#8221; animation_delay=&#8221;100ms&#8221; animation=&#8221;off&#8221; icon_font_size=&#8221;48px&#8221; locked=&#8221;off&#8221; global_colors_info=&#8221;{}&#8221;]<\/p>\n<p>Um ein Ger\u00e4t an eine Person zu verschenken, kontaktieren Sie uns bitte!<\/p>\n<p>[\/et_pb_blurb][et_pb_button button_url=&#8221;\/de\/kontakt\/&#8221; button_text=&#8221;Kontakt&#8221; button_alignment=&#8221;center&#8221; _builder_version=&#8221;4.27.4&#8243; _module_preset=&#8221;default&#8221; global_colors_info=&#8221;{}&#8221;][\/et_pb_button][\/et_pb_column][et_pb_column type=&#8221;1_3&#8243; _builder_version=&#8221;4.16&#8243; custom_padding=&#8221;|||&#8221; global_colors_info=&#8221;{}&#8221; custom_padding__hover=&#8221;|||&#8221;][et_pb_blurb title=&#8221;IHRE VORSCHL\u00c4GE&#8221; use_icon=&#8221;on&#8221; font_icon=&#8221;&#xe104;||divi||400&#8243; icon_color=&#8221;#ffb500&#8243; image_icon_width=&#8221;48px&#8221; admin_label=&#8221;Feature 03&#8243; _builder_version=&#8221;4.27.4&#8243; header_font=&#8221;Roboto|on||on|&#8221; header_font_size=&#8221;18px&#8221; header_letter_spacing=&#8221;1px&#8221; header_line_height=&#8221;1.4em&#8221; body_font=&#8221;||||||||&#8221; body_font_size=&#8221;16px&#8221; body_line_height=&#8221;1.8em&#8221; text_orientation=&#8221;center&#8221; animation_style=&#8221;fade&#8221; animation_delay=&#8221;200ms&#8221; animation=&#8221;off&#8221; icon_font_size=&#8221;48px&#8221; locked=&#8221;off&#8221; global_colors_info=&#8221;{}&#8221;]<\/p>\n<p>F\u00fcr Anfragen, Fragen, Verbesserungen und Vorschl\u00e4ge<\/p>\n<p>[\/et_pb_blurb][et_pb_button button_url=&#8221;\/de\/kontakt\/&#8221; button_text=&#8221;Kontaktieren Sie uns!&#8221; button_alignment=&#8221;center&#8221; _builder_version=&#8221;4.27.4&#8243; _module_preset=&#8221;default&#8221; global_colors_info=&#8221;{}&#8221;][\/et_pb_button][\/et_pb_column][\/et_pb_row][et_pb_row _builder_version=&#8221;4.27.4&#8243; _module_preset=&#8221;default&#8221; global_module=&#8221;36902&#8243; global_colors_info=&#8221;{}&#8221;][et_pb_column type=&#8221;4_4&#8243; _builder_version=&#8221;4.27.4&#8243; _module_preset=&#8221;default&#8221; global_colors_info=&#8221;{}&#8221;][et_pb_text _builder_version=&#8221;4.27.4&#8243; _module_preset=&#8221;default&#8221; global_colors_info=&#8221;{}&#8221;]<\/p>\n<p class=\"tw-data-text tw-text-large tw-ta\" data-placeholder=\"Traduction\" id=\"tw-target-text\" role=\"text\" data-ved=\"2ahUKEwjawsGkzumQAxW29wIHHdgBDKoQ3ewLegQIDBAV\" dir=\"ltr\" aria-label=\"Texte traduit\u00a0: Hier finden Sie Antworten auf die h\u00e4ufigsten Fragen zu AVENI-Harmonisatoren, ihrer Funktionsweise, ihren Einsatzm\u00f6glichkeiten und ihren Auswirkungen in Ihrer Umgebung.\" tabindex=\"-1\"><span class=\"Y2IQFc\" lang=\"de\">Hier finden Sie Antworten auf die h\u00e4ufigsten Fragen zu AVENI-Harmonisatoren, ihrer Funktionsweise, ihren Einsatzm\u00f6glichkeiten und ihren Auswirkungen in Ihrer Umgebung.<\/span><\/p>\n<p>[\/et_pb_text][et_pb_accordion _builder_version=&#8221;4.27.4&#8243; _module_preset=&#8221;default&#8221; hover_enabled=&#8221;0&#8243; global_colors_info=&#8221;{}&#8221; sticky_enabled=&#8221;0&#8243;][et_pb_accordion_item title=&#8221;Ich habe mein Passwort vergessen&#8221; open=&#8221;on&#8221; _builder_version=&#8221;4.27.4&#8243; _module_preset=&#8221;default&#8221; link_option_url=&#8221;https:\/\/aveni.shop\/de\/mein-konto\/lost-password\/&#8221; hover_enabled=&#8221;0&#8243; global_colors_info=&#8221;{}&#8221; sticky_enabled=&#8221;0&#8243;]<\/p>\n<p>\ud83d\udc49 <a href=\"https:\/\/aveni.shop\/de\/mein-konto\/lost-password\/\">Sie k\u00f6nnen eine E-Mail anfordern, um Ihr Passwort zur\u00fcckzusetzen.<\/a><\/p>\n<p>[\/et_pb_accordion_item][et_pb_accordion_item title=&#8221;Wie kann ich die W\u00e4hrung wechseln (CHF &#8211; EUR &#8211; USD) ?&#8221; _builder_version=&#8221;4.27.4&#8243; _module_preset=&#8221;default&#8221; link_option_url=&#8221;https:\/\/aveni.shop\/wp-content\/uploads\/2025\/02\/warenkorb-waehrung-1.png&#8221; link_option_url_new_window=&#8221;on&#8221; hover_enabled=&#8221;0&#8243; global_colors_info=&#8221;{}&#8221; open=&#8221;off&#8221; sticky_enabled=&#8221;0&#8243;]<\/p>\n<p>\ud83d\udc49 <a href=\"https:\/\/aveni.shop\/de\/warenkorb\/\">Gehen Sie im <strong>Warenkorb<\/strong> und <strong>w\u00e4hlen Sie die gew\u00fcnschte W\u00e4hrung<\/strong><\/a><\/p>\n<p>[\/et_pb_accordion_item][et_pb_accordion_item title=&#8221;Ich habe einen Bug gefunden&#8221; _builder_version=&#8221;4.27.4&#8243; _module_preset=&#8221;default&#8221; link_option_url=&#8221;https:\/\/aveni.shop\/de\/kontakt\/&#8221; hover_enabled=&#8221;0&#8243; global_colors_info=&#8221;{}&#8221; open=&#8221;off&#8221; sticky_enabled=&#8221;0&#8243;]<\/p>\n<p>\ud83d\udc49 <a href=\"https:\/\/aveni.shop\/de\/kontakt-expert-anti-wellen-schutz-aveni\/\">Wir werden den Fehler, den Sie gefunden haben, gerne beheben. Bitte teilen Sie uns den Fehler mit.<\/a><\/p>\n<p>[\/et_pb_accordion_item][et_pb_accordion_item title=&#8221;Ich m\u00f6chte einen Verbesserungsvorschlag machen&#8221; _builder_version=&#8221;4.27.4&#8243; _module_preset=&#8221;default&#8221; link_option_url=&#8221;https:\/\/aveni.shop\/de\/kontakt\/&#8221; hover_enabled=&#8221;0&#8243; global_colors_info=&#8221;{}&#8221; open=&#8221;off&#8221; sticky_enabled=&#8221;0&#8243;]<\/p>\n<p>\ud83d\udc49 <a href=\"https:\/\/aveni.shop\/de\/kontakt-expert-anti-wellen-schutz-aveni\/\">Dank Ihrer Vorschl\u00e4ge k\u00f6nnen wir die Website regelm\u00e4\u00dfig verbessern. Besten Dank im voraus.<\/a><\/p>\n<p>[\/et_pb_accordion_item][\/et_pb_accordion][\/et_pb_column][\/et_pb_row][\/et_pb_section]<\/p>\n","protected":false},"excerpt":{"rendered":"<p>SUPPORT im AVENI.SHOPSie werden eine E-Mail erhalten, um Ihr Passwort zu \u00e4ndern.Um ein Ger\u00e4t an eine Person zu verschenken, kontaktieren Sie uns bitte!F\u00fcr Anfragen, Fragen, Verbesserungen und Vorschl\u00e4geHier finden Sie Antworten auf die h\u00e4ufigsten Fragen zu AVENI-Harmonisatoren, ihrer Funktionsweise, ihren Einsatzm\u00f6glichkeiten und ihren Auswirkungen in Ihrer Umgebung.\ud83d\udc49 Sie k\u00f6nnen eine E-Mail anfordern, um Ihr Passwort [&hellip;]<\/p>\n","protected":false},"author":1,"featured_media":0,"parent":0,"menu_order":0,"comment_status":"closed","ping_status":"open","template":"","meta":{"_et_pb_use_builder":"on","_et_pb_old_content":"","_et_gb_content_width":"","footnotes":""},"class_list":["post-30998","page","type-page","status-publish","hentry"],"_links":{"self":[{"href":"https:\/\/aveni.shop\/de\/wp-json\/wp\/v2\/pages\/30998","targetHints":{"allow":["GET"]}}],"collection":[{"href":"https:\/\/aveni.shop\/de\/wp-json\/wp\/v2\/pages"}],"about":[{"href":"https:\/\/aveni.shop\/de\/wp-json\/wp\/v2\/types\/page"}],"author":[{"embeddable":true,"href":"https:\/\/aveni.shop\/de\/wp-json\/wp\/v2\/users\/1"}],"replies":[{"embeddable":true,"href":"https:\/\/aveni.shop\/de\/wp-json\/wp\/v2\/comments?post=30998"}],"version-history":[{"count":6,"href":"https:\/\/aveni.shop\/de\/wp-json\/wp\/v2\/pages\/30998\/revisions"}],"predecessor-version":[{"id":37223,"href":"https:\/\/aveni.shop\/de\/wp-json\/wp\/v2\/pages\/30998\/revisions\/37223"}],"wp:attachment":[{"href":"https:\/\/aveni.shop\/de\/wp-json\/wp\/v2\/media?parent=30998"}],"curies":[{"name":"wp","href":"https:\/\/api.w.org\/{rel}","templated":true}]}}