{"id":33977,"date":"2025-01-25T17:19:38","date_gmt":"2025-01-25T16:19:38","guid":{"rendered":"https:\/\/aveni.shop\/?page_id=33977"},"modified":"2025-11-03T18:06:32","modified_gmt":"2025-11-03T17:06:32","slug":"allgemeine-geschaeftsbedingungen-aveni-shop","status":"publish","type":"page","link":"https:\/\/aveni.shop\/de\/allgemeine-geschaeftsbedingungen-aveni-shop\/","title":{"rendered":"Allgemeine Gesch\u00e4ftsbedingungen AVENI.SHOP"},"content":{"rendered":"<p>[et_pb_section fb_built=&#8221;1&#8243; admin_label=&#8221;Features Section&#8221; _builder_version=&#8221;4.16&#8243; custom_padding=&#8221;110px||110px|&#8221; global_colors_info=&#8221;{}&#8221;][et_pb_row _builder_version=&#8221;4.16&#8243; custom_padding=&#8221;20px|||&#8221; locked=&#8221;off&#8221; global_colors_info=&#8221;{}&#8221;][et_pb_column type=&#8221;4_4&#8243; _builder_version=&#8221;4.16&#8243; custom_padding=&#8221;|||&#8221; global_colors_info=&#8221;{}&#8221; custom_padding__hover=&#8221;|||&#8221;][et_pb_text admin_label=&#8221;Features Section Title&#8221; _builder_version=&#8221;4.27.4&#8243; text_font=&#8221;||||||||&#8221; header_font=&#8221;Roboto|700||on|||||&#8221; header_text_align=&#8221;center&#8221; header_font_size=&#8221;52px&#8221; header_letter_spacing=&#8221;4px&#8221; header_line_height=&#8221;1.2em&#8221; header_2_font=&#8221;||||||||&#8221; module_alignment=&#8221;center&#8221; custom_margin=&#8221;|||&#8221; custom_padding=&#8221;|||&#8221; animation_style=&#8221;fade&#8221; header_font_size_tablet=&#8221;40px&#8221; header_font_size_phone=&#8221;&#8221; header_font_size_last_edited=&#8221;on|tablet&#8221; locked=&#8221;off&#8221; global_colors_info=&#8221;{}&#8221;]<\/p>\n<h1><strong>Allgemeine Gesch\u00e4ftsbedingungen<\/strong><\/h1>\n<p>[\/et_pb_text][et_pb_divider color=&#8221;#ffb500&#8243; divider_weight=&#8221;2px&#8221; disabled_on=&#8221;off|off|off&#8221; _builder_version=&#8221;4.16&#8243; max_width=&#8221;100px&#8221; module_alignment=&#8221;center&#8221; animation_style=&#8221;fade&#8221; locked=&#8221;off&#8221; global_colors_info=&#8221;{}&#8221;][\/et_pb_divider][\/et_pb_column][\/et_pb_row][et_pb_row _builder_version=&#8221;4.27.4&#8243; _module_preset=&#8221;default&#8221; global_colors_info=&#8221;{}&#8221;][et_pb_column type=&#8221;4_4&#8243; _builder_version=&#8221;4.27.4&#8243; _module_preset=&#8221;default&#8221; global_colors_info=&#8221;{}&#8221;][et_pb_text _builder_version=&#8221;4.27.4&#8243; _module_preset=&#8221;default&#8221; global_colors_info=&#8221;{}&#8221;]<\/p>\n<ol>\n<li><strong>OBJEKT<\/strong><\/li>\n<\/ol>\n<p><strong>1.1.<\/strong> Diese Allgemeinen Gesch\u00e4ftsbedingungen (AGB) regeln die vertraglichen Beziehungen zwischen dem Kunden und AVENI.SHOP (im Folgenden AVENI) und sind Bestandteil aller vertraglichen Beziehungen von AVENI mit dem Kunden.<\/p>\n<p><strong>1.2.<\/strong> Andere allgemeine Gesch\u00e4ftsbedingungen, auf die der Kunde in seinen Bestellungen insbesondere Bezug nimmt, sind nur mit ausdr\u00fccklicher schriftlicher Zustimmung von AVENI g\u00fcltig.<\/p>\n<p><strong>1.3.<\/strong> Diese AGB ersetzen alle vorherigen AGB zwischen den Parteien.<\/p>\n<p><strong>1.4.<\/strong> AVENI beh\u00e4lt sich das Recht vor, die vorliegenden AGB jederzeit und ohne Vorank\u00fcndigung durch Ver\u00f6ffentlichung auf der Website <a href=\"https:\/\/www.aveni.shop\" target=\"_blank\" rel=\"noopener\">www.AVENI.shop<\/a> zu \u00e4ndern. Die ge\u00e4nderten AGB treten mit ihrer Ver\u00f6ffentlichung in Kraft.<\/p>\n<ol start=\"2\">\n<li><strong>LEISTUNGEN VON AVENI<\/strong><\/li>\n<\/ol>\n<p><strong>2.1.<\/strong> AVENI bietet seinen Kunden Dienstleistungen und Produkte in den Bereichen der Raumharmonisierung und der Lieferung von medizinischen und therapeutischen Ger\u00e4ten an. AVENI erbringt ihre Leistungen professionell und p\u00fcnktlich gem\u00e4\u00df den in den Einzelvertr\u00e4gen festgelegten Bedingungen und Spezifikationen.<\/p>\n<p><strong>2.2.<\/strong> AVENI beh\u00e4lt sich das Recht vor, Dritte mit der Erf\u00fcllung ihrer Verpflichtungen zu beauftragen.<\/p>\n<p><strong>2.3.<\/strong> Verkauf<\/p>\n<p><strong>2.3.1.<\/strong> Die Vorbereitung und \u00dcbergabe der Ger\u00e4te erfolgt am Hauptsitz von AVENI. Nutzen und Gefahr der Ger\u00e4te gehen mit Abschluss des Vertrages auf den Kunden \u00fcber. Der Kunde wird erst dann Eigent\u00fcmer des Ger\u00e4ts, wenn der Kaufpreis vollst\u00e4ndig bezahlt wurde.<\/p>\n<p><strong>2.3.2.<\/strong> Die Verkaufspreise verstehen sich in der Schweiz inklusive aller Steuern (TTC) und im Ausland inklusive aller Abgaben (HT), ohne Lieferkosten (Transport, Versand, Zoll). Die Lieferung und die Installation beim Kunden werden separat auf der Grundlage der geltenden Tarife berechnet.<\/p>\n<p><strong>2.3.3.<\/strong> Produkte entwickeln sich regelm\u00e4\u00dfig weiter und Bilder entsprechen m\u00f6glicherweise nicht dem endg\u00fcltigen Objekt.<\/p>\n<p><strong>2.3.4.<\/strong> AVENI-Ger\u00e4te werden aus 3D-Druckern hergestellt und dann informiert. Es ist m\u00f6glich, dass einige M\u00e4ngel sichtbar sind, die jedoch keinen Einfluss auf die Funktion des Ger\u00e4ts haben.<\/p>\n<ol start=\"3\">\n<li><strong>VERPFLICHTUNGEN DES KUNDEN<\/strong><\/li>\n<\/ol>\n<p><strong>3.1.<\/strong> Der Kunde ist verpflichtet, die gem\u00e4\u00df den Einzelvertr\u00e4gen und diesen AGB geschuldeten Betr\u00e4ge innerhalb der in Ziffer 9.1 festgelegten Zahlungsfristen zu begleichen.<\/p>\n<p><strong>3.2.<\/strong> Der Kunde ist verpflichtet, AVENI im Rahmen des Zumutbaren aktiv und schnell bei der Erf\u00fcllung des Vertrags zu unterst\u00fctzen, damit AVENI die vereinbarten Leistungen erbringen kann, und er ist verpflichtet, bei der Vorbereitung und Bereitstellung mitzuwirken und die erforderlichen Ma\u00dfnahmen zu treffen.<\/p>\n<p><strong>3.3.<\/strong> Der Kunde verpflichtet sich, klare und sachdienliche Anweisungen zu erteilen, und zwar auf Verlangen von AVENI in schriftlicher Form. AVENI ist nicht verpflichtet, Anweisungen des Kunden zu befolgen, die sich als unangemessen erweisen.<\/p>\n<p>Wenn diese Anweisungen zus\u00e4tzliche Arbeiten und Kosten f\u00fcr AVENI verursachen, werden diese dem Kunden zu den geltenden Tarifen in Rechnung gestellt.<\/p>\n<p><strong>3.4.<\/strong> Einkaufen<\/p>\n<p><strong>3.4.1.<\/strong> Reklamationen \u00fcber unvollst\u00e4ndige Lieferungen m\u00fcssen sp\u00e4testens innerhalb von 5 Tagen nach Erhalt der Ware schriftlich erfolgen.<\/p>\n<p><strong>3.4.2.<\/strong> AVENI nimmt unter keinen Umst\u00e4nden Ger\u00e4te und Produkte zur\u00fcck, deren Originalverpackung ge\u00f6ffnet wurde. Es obliegt dem Kunden, das Produkt vor dem Auspacken zu \u00fcberpr\u00fcfen.<\/p>\n<p><strong>3.4.3.<\/strong> Alle Bestellungen bei AVENI sind verbindlich und k\u00f6nnen vom Kunden nicht storniert werden. Abgelehnte Pakete werden nicht erstattet.<\/p>\n<ol start=\"4\">\n<li><strong>INFORMATIONSPFLICHT<\/strong><\/li>\n<\/ol>\n<p><strong>4.1.<\/strong> Die Parteien informieren sich gegenseitig \u00fcber alle Entwicklungen, Vorf\u00e4lle oder Ereignisse, die f\u00fcr die andere Partei im Hinblick auf die Erf\u00fcllung der einzelnen Vertr\u00e4ge oder im Rahmen der vertraglichen Beziehungen im Allgemeinen von Bedeutung sein k\u00f6nnen.<\/p>\n<p><strong>4.2.<\/strong> Der Abonnent verpflichtet sich insbesondere, AVENI zu informieren, wenn er feststellt, dass die Dienste von AVENI durch seine Mitarbeiter oder durch von ihm eingeschleuste Dritte sowie durch unbefugte Dritte (z.B. &#8220;Hacker&#8221;) rechtswidrig oder entgegen den vertraglichen Bestimmungen, insbesondere den AGB, genutzt werden.<\/p>\n<ol start=\"5\">\n<li><strong>GEHEIMHALTUNG<\/strong><\/li>\n<\/ol>\n<p><strong>5.1.<\/strong> Informationen, die nicht \u00f6ffentlich zug\u00e4nglich sind und nicht ver\u00f6ffentlicht wurden, werden vertraulich behandelt. AVENI verpflichtet sich insbesondere, Dritten keine Ausk\u00fcnfte \u00fcber die Leistungen des Kunden zu erteilen, es sei denn, sie wurde ausdr\u00fccklich dazu erm\u00e4chtigt.<\/p>\n<ol start=\"6\">\n<li><strong>EIGENTUMSRECHTE, GEISTIGE EIGENTUMSRECHTE UND NUTZUNGSRECHTE<\/strong><\/li>\n<\/ol>\n<p><strong>6.1.<\/strong> Sofern nicht ausdr\u00fccklich schriftlich etwas anderes vereinbart wurde, sehen die Einzelvertr\u00e4ge keine \u00dcbertragung des Eigentums vor.<\/p>\n<p><strong>6.2.<\/strong> Alle Rechte am geistigen Eigentum in Bezug auf die Leistungen (Dienstleistungen und Produkte) von AVENI bleiben Eigentum von AVENI oder des berechtigten Dritten (sofern nicht ausdr\u00fccklich schriftlich etwas anderes vereinbart wurde).<\/p>\n<p><strong>6.3.<\/strong> AVENI r\u00e4umt dem Kunden das un\u00fcbertragbare und nicht ausschlie\u00dfliche Recht ein, die in den Einzelvertr\u00e4gen vereinbarten Leistungen von AVENI zu nutzen. Inhalt und Umfang dieses Rechts ergeben sich aus den Einzelvertr\u00e4gen.<\/p>\n<p><strong>6.4.<\/strong> Wenn die Leistungen von AVENI Produkte von Dritten beinhalten, erkennt der Kunde die Bedingungen f\u00fcr die Nutzung und Lizenzierung dieser Produkte an und r\u00e4umt den Dritten das Recht ein, diese Bedingungen direkt durchzusetzen.<\/p>\n<ol start=\"7\">\n<li><strong>GARANTIE<\/strong><\/li>\n<\/ol>\n<p><strong>7.1.<\/strong> AVENI garantiert dem Kunden eine sorgf\u00e4ltige Ausf\u00fchrung der vertraglichen Leistungen. AVENI kann jedoch keine Garantie f\u00fcr einen fehlerfreien Service \u00fcbernehmen. Angek\u00fcndigte Unterbrechungen des Dienstes, insbesondere wenn sie auf Wartungsarbeiten unseres Internetproviders oder von AVENI zur\u00fcckzuf\u00fchren sind, gelten nicht als St\u00f6rungen.<\/p>\n<p><strong>7.3.<\/strong> Der Kunde ist verpflichtet, alle Leistungen von AVENI unverz\u00fcglich nach Erhalt auf M\u00e4ngel zu \u00fcberpr\u00fcfen. Alle M\u00e4ngel sind AVENI unverz\u00fcglich schriftlich mitzuteilen. Teile, die unter die Garantie des Herstellers fallen, werden von diesem gem\u00e4\u00df der Garantie ausgetauscht.<\/p>\n<p><strong>7.4.<\/strong> Die Garantie ist ausgeschlossen f\u00fcr M\u00e4ngel, die durch den Kunden oder Dritte oder durch \u00e4u\u00dfere Einfl\u00fcsse verursacht wurden.<\/p>\n<ol start=\"8\">\n<li><strong>VERANTWORTUNG<\/strong><\/li>\n<\/ol>\n<p><strong>8.1.<\/strong> Im Falle eines Verschuldens haftet AVENI f\u00fcr den direkten Schaden, den sie dem Kunden zugef\u00fcgt hat, bis zur H\u00f6he des Betrags des Vertragsgegenstands.<\/p>\n<p><strong>8.2.<\/strong> AVENI haftet in keinem Fall f\u00fcr Folgesch\u00e4den und entgangenen Gewinn. AVENI haftet auch nicht f\u00fcr einen eventuellen Datenverlust im Zusammenhang mit der Nutzung der Speicherdienste. Eventuelle Garantien von Dritten (Dienstleister) bleiben vorbehalten.<\/p>\n<p><strong>8.3.<\/strong> Der Kunde haftet f\u00fcr alle Sch\u00e4den, die er AVENI oder Dritten durch die Nutzung der Leistungen von AVENI zuf\u00fcgt. Der Kunde stellt AVENI von allen Forderungen (einschliesslich Rechtskosten) Dritter frei, die insbesondere durch die Verletzung der vorstehenden Ziffer 6.4 entstehen k\u00f6nnen.<\/p>\n<ol start=\"9\">\n<li><strong>ZAHLUNGSBEDINGUNGEN<\/strong><\/li>\n<\/ol>\n<p><strong>9.1.<\/strong> Die Rechnungen von AVENI sind bei der Bestellung zahlbar.<\/p>\n<p><strong>9.2.<\/strong> Reklamationen m\u00fcssen innerhalb von 5 Tagen nach Erhalt der Rechnung eingereicht werden.<\/p>\n<ol start=\"10\">\n<li><strong>SCHLUSSBESTIMMUNGEN<\/strong><\/li>\n<\/ol>\n<p><strong>10.1.<\/strong> Im Falle von Widerspr\u00fcchen zwischen den Versionen (franz\u00f6sisch, deutsch und englisch) ist nur die franz\u00f6sische Version ma\u00dfgebend.<\/p>\n<p><strong>10.2.<\/strong> Im Falle eines Rechtsstreits beh\u00e4lt sich AVENI das Recht vor, in franz\u00f6sischer Sprache zu korrespondieren.<\/p>\n<p><strong>10.3.<\/strong> Dieser Vertrag und seine Bestandteile unterliegen ausschlie\u00dflich dem Schweizer Recht. Der Gerichtsstand ist Sierre. AVENI beh\u00e4lt sich das Recht vor, den Kunden an seinem Sitz oder Wohnsitz zu verklagen.<\/p>\n<p><em>Icogne, den 1. Januar 2025<\/em><\/p>\n<p>[\/et_pb_text][\/et_pb_column][\/et_pb_row][\/et_pb_section]<\/p>\n","protected":false},"excerpt":{"rendered":"<p>Allgemeine Gesch\u00e4ftsbedingungen OBJEKT 1.1. Diese Allgemeinen Gesch\u00e4ftsbedingungen (AGB) regeln die vertraglichen Beziehungen zwischen dem Kunden und AVENI.SHOP (im Folgenden AVENI) und sind Bestandteil aller vertraglichen Beziehungen von AVENI mit dem Kunden. 1.2. Andere allgemeine Gesch\u00e4ftsbedingungen, auf die der Kunde in seinen Bestellungen insbesondere Bezug nimmt, sind nur mit ausdr\u00fccklicher schriftlicher Zustimmung von AVENI g\u00fcltig. 1.3. [&hellip;]<\/p>\n","protected":false},"author":1,"featured_media":0,"parent":0,"menu_order":0,"comment_status":"closed","ping_status":"closed","template":"","meta":{"_et_pb_use_builder":"on","_et_pb_old_content":"","_et_gb_content_width":"","footnotes":""},"class_list":["post-33977","page","type-page","status-publish","hentry"],"_links":{"self":[{"href":"https:\/\/aveni.shop\/de\/wp-json\/wp\/v2\/pages\/33977","targetHints":{"allow":["GET"]}}],"collection":[{"href":"https:\/\/aveni.shop\/de\/wp-json\/wp\/v2\/pages"}],"about":[{"href":"https:\/\/aveni.shop\/de\/wp-json\/wp\/v2\/types\/page"}],"author":[{"embeddable":true,"href":"https:\/\/aveni.shop\/de\/wp-json\/wp\/v2\/users\/1"}],"replies":[{"embeddable":true,"href":"https:\/\/aveni.shop\/de\/wp-json\/wp\/v2\/comments?post=33977"}],"version-history":[{"count":3,"href":"https:\/\/aveni.shop\/de\/wp-json\/wp\/v2\/pages\/33977\/revisions"}],"predecessor-version":[{"id":36672,"href":"https:\/\/aveni.shop\/de\/wp-json\/wp\/v2\/pages\/33977\/revisions\/36672"}],"wp:attachment":[{"href":"https:\/\/aveni.shop\/de\/wp-json\/wp\/v2\/media?parent=33977"}],"curies":[{"name":"wp","href":"https:\/\/api.w.org\/{rel}","templated":true}]}}