{"id":29614,"date":"2023-01-17T17:52:18","date_gmt":"2023-01-17T16:52:18","guid":{"rendered":"https:\/\/aveni.shop\/produit\/aveni-harmonizer-pack-2-stuck-box-wifi-68-x-42-mm\/"},"modified":"2025-11-03T19:01:09","modified_gmt":"2025-11-03T18:01:09","slug":"aveni-pa-box-pack-2-stueck-harmonizer-fuer-wifi-box","status":"publish","type":"product","link":"https:\/\/aveni.shop\/de\/produkt\/aveni-pa-box-pack-2-stueck-harmonizer-fuer-wifi-box\/","title":{"rendered":"AVENI-PA-BOX * ANTI-WELLEN Harmonisator 2 Stk WIFI &#8211; 68 x 42 mm"},"content":{"rendered":"<h2>1 &#8211; Verwendung:<\/h2>\n<p>Die <strong><a href=\"https:\/\/aveni.shop\/de\/\">AVENI<\/a><\/strong> <strong>Harmonisator <\/strong><strong>PA-BOX<\/strong> ist ein Paket aus 2 rechteckigen Domings, die das Wohlbefinden von Personen verbessern, die sich in der N\u00e4he einer WLAN-Box aufhalten.<br \/>\nDie Wirkung einer WIFI-Box kann mehrere zehn Meter entfernt sein, oder sogar noch mehr, wenn sie sich auf einer geologischen Anomalie (Verwerfung usw.) befindet.<br \/>\nDieses <strong>ANTI WELLEN <a href=\"https:\/\/aveni.shop\/de\/\">AVENI<\/a><\/strong> <strong>Harmonisator<\/strong> ist sehr wirksam gegen Elektrosmog.<\/p>\n<h2>2 &#8211; Pr\u00e4sentation:<\/h2>\n<p>Die <strong><a href=\"https:\/\/aveni.shop\/de\/\">AVENI<\/a><\/strong> <strong>Harmonisator <\/strong><strong>PA-BOX<\/strong> ist ein Set aus 2 <strong><a href=\"https:\/\/aveni.shop\/de\/\">AVENI<\/a><\/strong> <strong>Harmonisatoren<\/strong>, die in ihrer Kartontasche geliefert werden.<br \/>\nInhalt: 2 x <strong>AVL-68<\/strong><\/p>\n<h2>3 &#8211; Technische Eigenschaften:<\/h2>\n<p>Abmessungen jeweils: 68 mm x 42 mm<br \/>\nMaterialien: durchscheinendes Doming-Harz auf selbstklebendem bedrucktem Tr\u00e4ger<br \/>\nAussehen: <strong>transparent<\/strong>.<\/p>\n<h2>4 &#8211; Nutzungskontext:<\/h2>\n<p>Die Erm\u00fcdung bei der Computernutzung ist nicht nur auf die geleistete Arbeit zur\u00fcckzuf\u00fchren.<br \/>\nDas Ger\u00e4t selbst kann den Benutzer aufgrund der Verbindungen (Wi-Fi &#8211; Bluetooth &#8230;) schw\u00e4chen.<br \/>\n<strong><a href=\"https:\/\/aveni.shop\/de\/\">AVENI<\/a><\/strong> <strong>Harmonisatoren<\/strong> erm\u00f6glichen eine Verbesserung der Situation, wenn die Wahlm\u00f6glichkeit, Verbindungen per Kabel wieder herzustellen (was empfohlen wird), nicht m\u00f6glich war oder nicht beibehalten wurde.<br \/>\nDar\u00fcber hinaus kann der Betrieb anderer elektronischer Komponenten die Person sogar offline beeintr\u00e4chtigen.<br \/>\nDie Verbreitung neuer technischer Ger\u00e4te und deren zahlreiche \u00dcbertragungsfrequenzen wirken sich zunehmend auf die Gelassenheit, Aufmerksamkeit und Vitalit\u00e4t der Benutzer aus.<br \/>\nEs ist notwendig, die Kompatibilit\u00e4t dieser <strong><a href=\"https:\/\/aveni.shop\/de\/\">AVENI<\/a><\/strong> <strong>Harmonisator<\/strong> mit dem Lebenden zu verbessern.<\/p>\n<h2>5 &#8211; Funktionsprinzip:<\/h2>\n<p>Vom Menschen verursachte elektromagnetische Wellen, unabh\u00e4ngig von ihrer Herkunft, k\u00f6nnen ein Signal \u00fcbertragen, das Menschen, Tiere und Pflanzen st\u00f6rt.<br \/>\nEs geht darum, die oft sch\u00e4dlichen k\u00fcnstlichen Welleninformationen unserer Umwelt in g\u00fcnstige Signale f\u00fcr die Lebenden umzuwandeln.<br \/>\nEs sind die in das Harz der Ger\u00e4te eingebetteten Informationsabdr\u00fccke von Pflanzen und nat\u00fcrlichen Mineralien, die diese Umkehrung des Effekts erm\u00f6glichen.<br \/>\n<strong><a href=\"https:\/\/aveni.shop\/de\/\">AVENI<\/a><\/strong> <strong>Harmonisatoren<\/strong> bieten einen naturnahen Aufbewahrungsort, der den Organismen f\u00fcr ihr Funktionieren sehr n\u00fctzlich ist.<\/p>\n<h2>6 &#8211; Erwartete Auswirkungen:<\/h2>\n<p>Weniger Erm\u00fcdung, mehr Komfort und Wohlbefinden f\u00fcr die meisten Benutzer.<br \/>\nEmpfindliche Personen k\u00f6nnen eine sofortige Linderung erfahren.<br \/>\nDie meisten Menschen ben\u00f6tigen normalerweise ein paar zus\u00e4tzliche Tage bis Wochen, um ihre Wirksamkeit zu sehen.<\/p>\n<h2>7 &#8211; Empfohlener Standort und Anweisungen f\u00fcr die Installation:<\/h2>\n<p>Die beiden <strong><a href=\"https:\/\/aveni.shop\/de\/\">AVENI<\/a><\/strong> <strong>Harmonisator <\/strong>Domings sind auf beiden Seiten der Box zu platzieren, vorzugsweise auf einer horizontalen Fl\u00e4che (oben oder m\u00f6glicherweise unten).<br \/>\nLassen Sie die L\u00fcftungsschlitze frei.<br \/>\nKleben Sie das <strong><a href=\"https:\/\/aveni.shop\/de\/\">AVENI<\/a><\/strong> <strong>Harmonisator<\/strong> nach dem Reinigen der Zieloberfl\u00e4che auf eine trockene Oberfl\u00e4che.<\/p>\n<p><img loading=\"lazy\" decoding=\"async\" class=\"alignnone size-medium wp-image-30058\" src=\"https:\/\/aveni.shop\/wp-content\/uploads\/2023\/02\/PA-BOX-setup1-aveni-300x300.png\" alt=\"\" width=\"300\" height=\"300\" title=\"\" srcset=\"https:\/\/aveni.shop\/wp-content\/uploads\/2023\/02\/PA-BOX-setup1-aveni-300x300.png 300w, https:\/\/aveni.shop\/wp-content\/uploads\/2023\/02\/PA-BOX-setup1-aveni-100x100.png 100w, https:\/\/aveni.shop\/wp-content\/uploads\/2023\/02\/PA-BOX-setup1-aveni.png 400w\" sizes=\"(max-width: 300px) 100vw, 300px\" \/><\/p>\n<h2>8 &#8211; Wartungstipps:<\/h2>\n<p>Bei angesammeltem Staub oder Flecken k\u00f6nnen die Ger\u00e4te mit einem leicht feuchten Mikrofasertuch gereinigt werden.<br \/>\nVerwenden Sie keine L\u00f6sungsmittel oder andere Chemikalien, die damit in Kontakt kommen.<br \/>\nNicht Temperaturen \u00fcber 60\u00b0C aussetzen.<br \/>\nDie <strong><a href=\"https:\/\/aveni.shop\/de\/\">AVENI<\/a><\/strong> <strong>Harmonisatoren<\/strong> sind vor Witterungseinfl\u00fcssen gesch\u00fctzt aufzustellen.<\/p>\n<h2>9 &#8211; Gew\u00e4hrleistung:<\/h2>\n<p><strong><a href=\"https:\/\/aveni.shop\/de\/\">AVENI<\/a><\/strong> <strong>Harmonisatoren<\/strong> haben eine Garantie von 2 Jahren (ohne Klebstoff) auf alle herstellungsbedingten Probleme.<\/p>\n<h2>10 &#8211; Andere verf\u00fcgbare Ger\u00e4te:<\/h2>\n<p><strong><a href=\"https:\/\/aveni.shop\/de\/\">AVENI<\/a><\/strong> <strong>Harmonisatoren<\/strong> f\u00fcr Fahrzeuge (<strong>AV-CAR<\/strong> &#8211; <strong>AV-CARE<\/strong> und <strong>AV-CAM<\/strong>) k\u00f6nnen eine \u00e4hnliche Wirkung erzielen und sollen im Fahrzeug verbleiben.<br \/>\nDer erzielte Effekt wird besser, wenn h\u00e4ufig verwendete elektronische Ger\u00e4te (Mobiltelefone &#8211; Tablets &#8211; Computer &#8230;) mit <strong><a href=\"https:\/\/aveni.shop\/de\/\">AVENI<\/a><\/strong> <strong>Harmonisatoren<\/strong> harmonisiert werden.<\/p>\n<h2>11 &#8211; Notizen:<\/h2>\n<p>Wir werden immer versuchen, das Vorhandensein von Wellen zu reduzieren (indem wir Kabel neu anschlie\u00dfen &#8211; indem wir uns von Quellen elektromagnetischer Wellen entfernen oder entfernen &#8211; indem wir Ger\u00e4te ausschalten, wenn sie nicht verwendet werden &#8211; indem \u00fcberfl\u00fcssige Ger\u00e4te entfernt werden &#8230;), insbesondere in einen Ruhebereich wie das Bett, bevor Sie Korrekturtechniken mit <strong><a href=\"https:\/\/aveni.shop\/de\/\">AVENI<\/a><\/strong> <strong>Harmonisatoren<\/strong> anwenden.<\/p>\n","protected":false},"excerpt":{"rendered":"<p>Packung mit 2 rechteckigen Domings, die das Wohlbefinden von Personen verbessern, die sich in der N\u00e4he einer Wi-Fi-Box aufhalten.Die Wirkung einer Wi-Fi-Box kann mehrere zehn Meter entfernt oder sogar noch mehr gesp\u00fcrt werden befindet sich auf einer geologischen Anomalie (Verwerfung &#8230;).<br \/>\nSiehe Bild(er) zur Positionierung.<\/p>\n","protected":false},"featured_media":29939,"comment_status":"open","ping_status":"closed","template":"","meta":{"_et_pb_use_builder":"","_et_pb_old_content":"","_et_gb_content_width":""},"product_brand":[120],"product_cat":[49,47,84,53,54],"product_tag":[],"class_list":{"0":"post-29614","1":"product","2":"type-product","3":"status-publish","4":"has-post-thumbnail","6":"product_brand-aveni-harmonisatoren-anti-wellen-schutz","7":"product_cat-aveni-harmonisator-wifi","8":"product_cat-aveni-anti-wellen-schutz","9":"product_cat-aveni-anti-wellen-schutz-best-seller","10":"product_cat-aveni-harmonisator-industrie","11":"product_cat-aveni-harmonisator-landwirtschaft","13":"first","14":"instock","15":"featured","16":"downloadable","17":"taxable","18":"shipping-taxable","19":"purchasable","20":"product-type-simple"},"_links":{"self":[{"href":"https:\/\/aveni.shop\/de\/wp-json\/wp\/v2\/product\/29614","targetHints":{"allow":["GET"]}}],"collection":[{"href":"https:\/\/aveni.shop\/de\/wp-json\/wp\/v2\/product"}],"about":[{"href":"https:\/\/aveni.shop\/de\/wp-json\/wp\/v2\/types\/product"}],"replies":[{"embeddable":true,"href":"https:\/\/aveni.shop\/de\/wp-json\/wp\/v2\/comments?post=29614"}],"wp:featuredmedia":[{"embeddable":true,"href":"https:\/\/aveni.shop\/de\/wp-json\/wp\/v2\/media\/29939"}],"wp:attachment":[{"href":"https:\/\/aveni.shop\/de\/wp-json\/wp\/v2\/media?parent=29614"}],"wp:term":[{"taxonomy":"product_brand","embeddable":true,"href":"https:\/\/aveni.shop\/de\/wp-json\/wp\/v2\/product_brand?post=29614"},{"taxonomy":"product_cat","embeddable":true,"href":"https:\/\/aveni.shop\/de\/wp-json\/wp\/v2\/product_cat?post=29614"},{"taxonomy":"product_tag","embeddable":true,"href":"https:\/\/aveni.shop\/de\/wp-json\/wp\/v2\/product_tag?post=29614"}],"curies":[{"name":"wp","href":"https:\/\/api.w.org\/{rel}","templated":true}]}}