{"id":29617,"date":"2023-01-17T17:36:13","date_gmt":"2023-01-17T16:36:13","guid":{"rendered":"https:\/\/aveni.shop\/produit\/aveni-harmonizer-basic-heimbausatz-ohne-elektronik\/"},"modified":"2025-11-10T11:08:09","modified_gmt":"2025-11-10T10:08:09","slug":"aveni-kit-m-harmonizer-basic-heimbausatz-ohne-elektronik","status":"publish","type":"product","link":"https:\/\/aveni.shop\/de\/produkt\/aveni-kit-m-harmonizer-basic-heimbausatz-ohne-elektronik\/","title":{"rendered":"AVENI-KIT-M * ANTI-WELLEN Harmonisator Heim OHNE Elektronik"},"content":{"rendered":"<h2>1 &#8211; Verwendung:<\/h2>\n<p>Das <strong><a href=\"https:\/\/aveni.shop\/de\/\">AVENI<\/a><\/strong> <strong>Harmonisator <\/strong><strong>KIT-M<\/strong> ist ein Basissortiment an <strong><a href=\"https:\/\/aveni.shop\/de\/\">AVENI<\/a><\/strong> <strong>Harmonisator<\/strong> zur Steigerung des Wohlbefindens im Haushalt.<br \/>\nHinweis: Dieses Ger\u00e4t muss von einer autorisierten Person installiert werden, die die Gesamtwirkung der Korrektur auf die Wohnung (Haus &#8211; Wohnung oder jedes andere Geb\u00e4ude) erkennen kann.<br \/>\nDieses <strong>ANTI WELLEN<\/strong> <strong><a href=\"https:\/\/aveni.shop\/de\/\">AVENI<\/a><\/strong> <strong>Harmonisator <\/strong>ist sehr wirksam gegen Elektrosmog.<\/p>\n<h2>2 &#8211; Pr\u00e4sentation:<\/h2>\n<p>Das <strong><a href=\"https:\/\/aveni.shop\/de\/\">AVENI<\/a><\/strong> <strong>Harmonisator <\/strong><strong>KIT-M<\/strong> enth\u00e4lt Elemente, die f\u00fcr Ger\u00e4te vorgesehen sind, die f\u00fcr die meisten Standardgeh\u00e4use \u00fcblich sind.<br \/>\nEs besteht aus Ger\u00e4ten, die an die technischen Netzwerke des Hauses (oder Geb\u00e4udes) angeschlossen werden.<br \/>\nInhalt:<br \/>\n1 x <strong>AVM-T<\/strong> (Erdung)<br \/>\n1 x <strong>AVM-E1<\/strong> (Wassereinlass kleines Rohr)<br \/>\n1 x <strong>AVM-L<\/strong> (Stromz\u00e4hler)<br \/>\n1 x <strong>AVL-85<\/strong> (Schalttafel)<\/p>\n<h2>3 &#8211; Technische Eigenschaften:<\/h2>\n<p>Zu finden auf dem technischen Datenblatt, das jedem Ger\u00e4t beiliegt.<br \/>\nBemerkte :<br \/>\nDie Farbe der Korrektoren oder des Zubeh\u00f6rs kann von Charge zu Charge variieren.<\/p>\n<h2>4 &#8211; Nutzungskontext:<\/h2>\n<p>Unsere Orte des Lebens, der Arbeit oder auch der Freizeit werden heute immer mehr durch neue Technologien gest\u00f6rt.<br \/>\nDiese k\u00f6nnen auf der Ebene von Sendestrukturen in der Umgebung von Geb\u00e4uden (Relaisantennen usw.) oder wohnungsspezifischen Ger\u00e4ten (Boiler &#8211; Warmwasserbereiter &#8211; Sonnenkollektoren usw.) gefunden werden.<br \/>\nAuch die Nutzung leichterer Ger\u00e4te (WiFi &#8211; Handys &#8211; Computer&#8230;) kann sich auf die Gelassenheit, Aufmerksamkeit und Vitalit\u00e4t der Bewohner auswirken.<br \/>\nVerst\u00e4rkt werden die Auswirkungen durch die Vielzahl der empfangenen Frequenzen sowie eine ung\u00fcnstige Konfiguration des geologischen Untergrunds (Diskontinuit\u00e4ten).<br \/>\nEs ist notwendig, die Vereinbarkeit von Orten und dieser Ausstattung mit dem Lebenden zu verbessern.<\/p>\n<h2>5 &#8211; Funktionsprinzip:<\/h2>\n<p>Vom Menschen verursachte elektromagnetische Wellen, unabh\u00e4ngig von ihrer Herkunft, k\u00f6nnen ein Signal \u00fcbertragen, das Menschen, Tiere und Pflanzen st\u00f6rt.<br \/>\nEs geht darum, die oft sch\u00e4dlichen k\u00fcnstlichen Welleninformationen unserer Umwelt in g\u00fcnstige Signale f\u00fcr die Lebenden umzuwandeln.<br \/>\nEs sind die in das Harz der Ger\u00e4te eingebetteten Informationsabdr\u00fccke von Pflanzen und nat\u00fcrlichen Mineralien, die diese Umkehrung des Effekts erm\u00f6glichen.<br \/>\nSie bieten einen naturnahen Aufbewahrungsort, der den Organismen f\u00fcr ihr Funktionieren sehr n\u00fctzlich ist.<br \/>\nDiese Ger\u00e4te erm\u00f6glichen den Umgang mit St\u00f6rungen, die von au\u00dferhalb der Dom\u00e4ne stammen oder von Ger\u00e4ten erzeugt werden, die in den Geb\u00e4uden selbst installiert sind.<br \/>\nSie d\u00e4mpfen die Auswirkungen von St\u00f6rungen, die durch die geologische Beschaffenheit des Untergrunds (Verwerfungen, Hohlr\u00e4ume, B\u00f6schungen, Tellurnetzwerke, Vorhandensein von Wasser usw.) induziert oder verst\u00e4rkt werden.<\/p>\n<h2>6 &#8211; Erwartete Auswirkungen:<\/h2>\n<p>Weniger Erm\u00fcdung, mehr Komfort und Wohlbefinden f\u00fcr die meisten Bewohner dieser zuvor gest\u00f6rten Orte.<br \/>\nEmpfindliche Personen k\u00f6nnen eine sofortige Linderung erfahren.<br \/>\nDie meisten Menschen ben\u00f6tigen in der Regel ein paar zus\u00e4tzliche Tage bis Wochen, um die Wirksamkeit zu sp\u00fcren.<br \/>\nIn einigen seltenen Einzelf\u00e4llen konnten auch andere Verbesserungen der Situation auf der Ebene der W\u00e4nde (bei kapillarer Feuchtigkeit) oder beim Betrieb elektronischer Ger\u00e4te (bei zeitweiligen Ausf\u00e4llen) beobachtet werden.<\/p>\n<h2>7 &#8211; Empfohlener Standort und Anweisungen f\u00fcr die Installation:<\/h2>\n<p>Zu finden auf dem technischen Datenblatt, das jedem <strong><a href=\"https:\/\/aveni.shop\/de\/\">AVENI<\/a><\/strong> <strong>Harmonisator<\/strong> beiliegt.<\/p>\n<h2>8 &#8211; Wartungshinweise:<\/h2>\n<p>Bei angesammeltem Staub oder Flecken k\u00f6nnen die Ger\u00e4te mit einem leicht feuchten Mikrofasertuch gereinigt werden.<br \/>\nVerwenden Sie keine L\u00f6sungsmittel oder andere Chemikalien, die damit in Kontakt kommen.<br \/>\nNicht Temperaturen \u00fcber 60\u00b0C aussetzen.<br \/>\nDie <strong><a href=\"https:\/\/aveni.shop\/de\/\">AVENI<\/a><\/strong> <strong>Harmonisatoren<\/strong> sind vor Witterungseinfl\u00fcssen gesch\u00fctzt aufzustellen.<\/p>\n<h2>9 &#8211; Gew\u00e4hrleistung:<\/h2>\n<p><strong><a href=\"https:\/\/aveni.shop\/de\/\">AVENI<\/a><\/strong> <strong>Harmonisatoren<\/strong> haben eine Garantie von 2 Jahren (ohne Klebstoff) auf alle herstellungsbedingten Probleme.<\/p>\n<h2>10 &#8211; Andere verf\u00fcgbare Ger\u00e4te:<\/h2>\n<p><strong><a href=\"https:\/\/aveni.shop\/de\/\">AVENI<\/a><\/strong> <strong>Harmonisatoren<\/strong> f\u00fcr Fahrzeuge (<strong>AV-CAR<\/strong> &#8211; <strong>AV-CARE<\/strong> und <strong>AV-CAM<\/strong>) k\u00f6nnen eine \u00e4hnliche Wirkung erzielen und sollen im Fahrzeug verbleiben.<br \/>\nDer erzielte Effekt wird besser, wenn h\u00e4ufig verwendete elektronische Ger\u00e4te (Mobiltelefone &#8211; Tablets &#8211; Computer &#8230;) mit <strong><a href=\"https:\/\/aveni.shop\/de\/\">AVENI<\/a><\/strong> <strong>Harmonisatoren<\/strong> harmonisiert werden.<br \/>\nGegebenenfalls zus\u00e4tzlich bereitzustellen: Korrektoren f\u00fcr Au\u00dfen- oder spezifische Ger\u00e4te im Haus (Sonnenkollektoren, W\u00e4rmepumpe, Boiler, Warmwasserbereitung, elektronische Ger\u00e4te usw.).<br \/>\nEinige Referenzen m\u00fcssen m\u00f6glicherweise dupliziert werden (zweiter Z\u00e4hler &#8211; zweiter Wasserkreislauf &#8211; zweiter Erdungsanschluss &#8211; andere st\u00f6rende elektrische Schalttafel &#8230;).<br \/>\nSeltener anzutreffende Ger\u00e4te m\u00fcssen ebenfalls \u00fcberpr\u00fcft und ggf. behandelt werden (Brunnen &#8211; Bohren &#8211; Erdw\u00e4rme &#8211; Werkstatt &#8211; Schwimmbad &#8211; Sauna &#8211; Whirlpool etc.).<\/p>\n<p><strong><a href=\"https:\/\/aveni.shop\/de\/\">AVENI<\/a> Harmonisator KIT-M<\/strong> ist sehr einfach und kann n\u00fctzlich sein, wenn Heimelektronik bereits gepatcht oder nicht vorhanden ist.<br \/>\nAndernfalls ist es vorteilhaft, ein KIT-ME zu nehmen, das mehr Ger\u00e4te enth\u00e4lt, um die Korrektur von 6 weiteren (und sehr h\u00e4ufigen) elektronischen Ger\u00e4ten zu erm\u00f6glichen.<\/p>\n<h2>11 &#8211; Entwicklung im Laufe der Zeit:<\/h2>\n<p>Die Harmonisierung erfolgt f\u00fcr die am Tag des Eingriffs vorgefundenen Bedingungen.<br \/>\nEine \u00c4nderung in der Umgebung (Wechsel eines Transformators, Hinzuf\u00fcgen einer Frequenz an einer Antenne, Sonnenkollektoren auf dem Dach des Nachbarn usw.) oder im Haus (Wechsel der Box, des Boilers, Hinzuf\u00fcgen von \u201eangeschlossenen Ger\u00e4ten\u201c) kann zu einer Erg\u00e4nzung der bestehenden Systeme f\u00fchren.<\/p>\n","protected":false},"excerpt":{"rendered":"<p>Grundsortiment an harmonisierenden Ger\u00e4ten zur Steigerung des Wohlbefindens im Haushalt.<\/p>\n","protected":false},"featured_media":29924,"comment_status":"open","ping_status":"closed","template":"","meta":{"_et_pb_use_builder":"","_et_pb_old_content":"","_et_gb_content_width":""},"product_brand":[120],"product_cat":[51,47,53,54],"product_tag":[],"class_list":{"0":"post-29617","1":"product","2":"type-product","3":"status-publish","4":"has-post-thumbnail","6":"product_brand-aveni-harmonisatoren-anti-wellen-schutz","7":"product_cat-aveni-harmonisator-haus","8":"product_cat-aveni-anti-wellen-schutz","9":"product_cat-aveni-harmonisator-industrie","10":"product_cat-aveni-harmonisator-landwirtschaft","12":"first","13":"outofstock","14":"featured","15":"downloadable","16":"taxable","17":"shipping-taxable","18":"purchasable","19":"product-type-simple"},"_links":{"self":[{"href":"https:\/\/aveni.shop\/de\/wp-json\/wp\/v2\/product\/29617","targetHints":{"allow":["GET"]}}],"collection":[{"href":"https:\/\/aveni.shop\/de\/wp-json\/wp\/v2\/product"}],"about":[{"href":"https:\/\/aveni.shop\/de\/wp-json\/wp\/v2\/types\/product"}],"replies":[{"embeddable":true,"href":"https:\/\/aveni.shop\/de\/wp-json\/wp\/v2\/comments?post=29617"}],"wp:featuredmedia":[{"embeddable":true,"href":"https:\/\/aveni.shop\/de\/wp-json\/wp\/v2\/media\/29924"}],"wp:attachment":[{"href":"https:\/\/aveni.shop\/de\/wp-json\/wp\/v2\/media?parent=29617"}],"wp:term":[{"taxonomy":"product_brand","embeddable":true,"href":"https:\/\/aveni.shop\/de\/wp-json\/wp\/v2\/product_brand?post=29617"},{"taxonomy":"product_cat","embeddable":true,"href":"https:\/\/aveni.shop\/de\/wp-json\/wp\/v2\/product_cat?post=29617"},{"taxonomy":"product_tag","embeddable":true,"href":"https:\/\/aveni.shop\/de\/wp-json\/wp\/v2\/product_tag?post=29617"}],"curies":[{"name":"wp","href":"https:\/\/api.w.org\/{rel}","templated":true}]}}