{"id":29618,"date":"2023-01-17T17:21:35","date_gmt":"2023-01-17T16:21:35","guid":{"rendered":"https:\/\/aveni.shop\/produit\/aveni-harmonizer-fur-5g-smartphone-o-61-mm\/"},"modified":"2025-11-03T19:05:39","modified_gmt":"2025-11-03T18:05:39","slug":"aveni-avo-61-harmonizer-fuer-5g-smartphone","status":"publish","type":"product","link":"https:\/\/aveni.shop\/de\/produkt\/aveni-avo-61-harmonizer-fuer-5g-smartphone\/","title":{"rendered":"AVENI-AVO-61 * ANTI-WELLEN Harmonisator 5G \u00f8 61 mm"},"content":{"rendered":"<h2>1 &#8211; Verwendung:<\/h2>\n<p>Das <strong><a href=\"https:\/\/aveni.shop\/de\/\">AVENI<\/a><\/strong> <strong>Harmonisator <\/strong><strong>AVO-61<\/strong> verbessert das Wohlbefinden eines Benutzers oder eines <strong>5G<\/strong>-Mobiltelefonbenutzers.<br \/>\nDieses <strong>ANTI WELLEN<\/strong> <strong><a href=\"https:\/\/aveni.shop\/de\/\">AVENI<\/a><\/strong> <strong>Harmonisator<\/strong>ist sehr wirksam gegen Elektrosmog.<\/p>\n<h2>2 &#8211; Pr\u00e4sentation:<\/h2>\n<p>Das <strong><a href=\"https:\/\/aveni.shop\/de\/\">AVENI<\/a><\/strong> <strong>Harmonisator <\/strong><strong>AVO-61<\/strong> wird in seiner Kartontasche geliefert.<br \/>\nInhalt: 1 x <strong>AVO-61<\/strong><\/p>\n<h2>3 &#8211; Technische Eigenschaften:<\/h2>\n<p>Gr\u00f6\u00dfe: \u00d8 61 mm<br \/>\nMaterialien: durchscheinendes Doming-Harz auf selbstklebendem bedrucktem Tr\u00e4ger<br \/>\nAussehen: <strong>transparent<\/strong>.<\/p>\n<h2>4 &#8211; Nutzungskontext:<\/h2>\n<p>Die Erm\u00fcdung bei der Computernutzung ist nicht nur auf die geleistete Arbeit zur\u00fcckzuf\u00fchren.<br \/>\nDas Ger\u00e4t selbst kann den Benutzer aufgrund der Verbindungen (Wi-Fi &#8211; Bluetooth &#8230;) schw\u00e4chen.<br \/>\n<strong><a href=\"https:\/\/aveni.shop\/de\/\">AVENI<\/a><\/strong> <strong>Harmonisator<\/strong> erm\u00f6glichen eine Verbesserung der Situation, wenn die Wahlm\u00f6glichkeit, Verbindungen per Kabel wieder herzustellen (was empfohlen wird), nicht m\u00f6glich war oder nicht beibehalten wurde.<br \/>\nDar\u00fcber hinaus kann der Betrieb anderer elektronischer Komponenten die Person sogar offline beeintr\u00e4chtigen.<br \/>\nDie Verbreitung neuer technischer Ger\u00e4te und deren zahlreiche \u00dcbertragungsfrequenzen wirken sich zunehmend auf die Gelassenheit, Aufmerksamkeit und Vitalit\u00e4t der Benutzer aus.<br \/>\nEs ist notwendig, die Kompatibilit\u00e4t dieser <strong><a href=\"https:\/\/aveni.shop\/de\/\">AVENI<\/a><\/strong> <strong>Harmonisator<\/strong> mit dem Lebenden zu verbessern.<\/p>\n<h2>5 &#8211; Funktionsprinzip:<\/h2>\n<p>Vom Menschen verursachte elektromagnetische Wellen, unabh\u00e4ngig von ihrer Herkunft, k\u00f6nnen ein Signal \u00fcbertragen, das Menschen, Tiere und Pflanzen st\u00f6rt.<br \/>\nEs geht darum, die oft sch\u00e4dlichen k\u00fcnstlichen Welleninformationen unserer Umwelt in g\u00fcnstige Signale f\u00fcr die Lebenden umzuwandeln.<br \/>\nEs sind die in das Harz der Ger\u00e4te eingebetteten Informationsabdr\u00fccke von Pflanzen und nat\u00fcrlichen Mineralien, die diese Umkehrung des Effekts erm\u00f6glichen.<br \/>\n<strong><a href=\"https:\/\/aveni.shop\/de\/\">AVENI<\/a><\/strong> <strong>Harmonisatoren<\/strong> bieten einen naturnahen Aufbewahrungsort, der den Organismen f\u00fcr ihr Funktionieren sehr n\u00fctzlich ist.<\/p>\n<h2>6 &#8211; Erwartete Auswirkungen:<\/h2>\n<p>Weniger Erm\u00fcdung, mehr Komfort und Wohlbefinden f\u00fcr die meisten Benutzer.<br \/>\nEmpfindliche Personen k\u00f6nnen eine sofortige Linderung erfahren.<br \/>\nDie meisten Menschen ben\u00f6tigen normalerweise ein paar zus\u00e4tzliche Tage bis Wochen, um ihre Wirksamkeit zu sehen.<\/p>\n<h2>7 &#8211; Empfohlener Standort und Anweisungen f\u00fcr die Installation:<\/h2>\n<p>Das <strong><a href=\"https:\/\/aveni.shop\/de\/\">AVENI<\/a><\/strong> <strong>Harmonisator<\/strong> ist au\u00dfen auf der R\u00fcckseite des Mobiltelefons zu platzieren.<br \/>\nWenn Sie eine Schale (oder H\u00fclle) verwenden, k\u00f6nnen Sie diese zwischen der R\u00fcckseite des Telefons und der Schale (oder H\u00fclle) platzieren, wenn gen\u00fcgend Platz vorhanden ist.<br \/>\nAnsonsten nimm es mit nach drau\u00dfen.<br \/>\nZentrieren Sie das <strong><a href=\"https:\/\/aveni.shop\/de\/\">AVENI<\/a><\/strong> <strong>Harmonisator<\/strong> in H\u00f6he und Breite.<br \/>\nAchten Sie jedoch darauf, die L\u00fcftungsschlitze, Lautsprecher, Linsen, Mikrofone usw. nicht zu blockieren oder zu st\u00f6ren.<br \/>\nNachdem Sie die Oberfl\u00e4che gr\u00fcndlich gereinigt haben, kleben Sie das <strong><a href=\"https:\/\/aveni.shop\/de\/\">AVENI<\/a><\/strong> <strong>Harmonisator<\/strong> auf einer trockenen Oberfl\u00e4che auf die R\u00fcckseite des Telefons.<\/p>\n<p><img loading=\"lazy\" decoding=\"async\" class=\"alignnone size-medium wp-image-30068\" src=\"https:\/\/aveni.shop\/wp-content\/uploads\/2023\/02\/AVO-61-setup1-aveni-300x300.png\" alt=\"\" width=\"300\" height=\"300\" title=\"\" srcset=\"https:\/\/aveni.shop\/wp-content\/uploads\/2023\/02\/AVO-61-setup1-aveni-300x300.png 300w, https:\/\/aveni.shop\/wp-content\/uploads\/2023\/02\/AVO-61-setup1-aveni-100x100.png 100w, https:\/\/aveni.shop\/wp-content\/uploads\/2023\/02\/AVO-61-setup1-aveni.png 400w\" sizes=\"(max-width: 300px) 100vw, 300px\" \/><\/p>\n<h2>8 &#8211; Wartungshinweise:<\/h2>\n<p>Bei angesammeltem Staub oder Flecken k\u00f6nnen die Ger\u00e4te mit einem leicht feuchten Mikrofasertuch gereinigt werden.<br \/>\nVerwenden Sie keine L\u00f6sungsmittel oder andere Chemikalien, die damit in Kontakt kommen.<br \/>\nNicht Temperaturen \u00fcber 60\u00b0C aussetzen.<br \/>\nDie <strong><a href=\"https:\/\/aveni.shop\/de\/\">AVENI<\/a><\/strong> <strong>Harmonisatoren<\/strong> sind vor Witterungseinfl\u00fcssen gesch\u00fctzt aufzustellen.<\/p>\n<h2>9 &#8211; Gew\u00e4hrleistung:<\/h2>\n<p><strong><a href=\"https:\/\/aveni.shop\/de\/\">AVENI<\/a><\/strong> <strong>Harmonisatoren<\/strong> haben eine Garantie von 2 Jahren (ohne Klebstoff) auf alle herstellungsbedingten Probleme.<br \/>\nDas Ger\u00e4t ist nicht mit dem induktiven Telefonladen kompatibel (es wird derselbe Steckplatz verwendet).<\/p>\n<h2>10 &#8211; Andere verf\u00fcgbare Ger\u00e4te:<\/h2>\n<p><strong><a href=\"https:\/\/aveni.shop\/de\/\">AVENI<\/a><\/strong> <strong>Harmonisatoren<\/strong> f\u00fcr Fahrzeuge (<strong>AV-CAR<\/strong> &#8211; <strong>AV-CARE<\/strong> und <strong>AV-CAM<\/strong>) k\u00f6nnen eine \u00e4hnliche Wirkung erzielen und sollen im Fahrzeug verbleiben.<br \/>\nDer erzielte Effekt wird besser, wenn h\u00e4ufig verwendete elektronische Ger\u00e4te (Mobiltelefone &#8211; Tablets &#8211; Computer &#8230;) mit <strong><a href=\"https:\/\/aveni.shop\/de\/\">AVENI<\/a><\/strong> <strong>Harmonisatoren<\/strong> harmonisiert werden.<\/p>\n<h2>11 &#8211; Notizen:<\/h2>\n<p>Dieses <strong><a href=\"https:\/\/aveni.shop\/de\/\">AVENI<\/a><\/strong> <strong>Harmonisator<\/strong> kann f\u00fcr Telefone verwendet werden, die weniger effizient als 5G-Telefone sind, vorausgesetzt, dass der Ort zum Anbringen breit genug ist (vermeiden Sie das Schneiden des Ger\u00e4ts).<br \/>\nF\u00fcr ein 4G-Telefon ist das <strong>AVO-48<\/strong>-Ger\u00e4t ausreichend.<br \/>\nVerwenden Sie f\u00fcr Telefone ohne Wi-Fi oder Bluetooth ein <strong>AVO-27<\/strong>.<br \/>\nEin <strong>AVO-27<\/strong> auch f\u00fcr ein schnurloses Heimtelefon (DECT).<\/p>\n<p>Dieses <strong><a href=\"https:\/\/aveni.shop\/de\/\">AVENI<\/a><\/strong> <strong>Harmonisator<\/strong> kann verwendet werden, um andere hoch st\u00f6rende elektronische Ger\u00e4te oder andere st\u00f6rende technische Ger\u00e4te im Haushalt zu korrigieren.<\/p>\n<p>Auch bei einem korrigierten Telefon ist die Verwendung des Lautsprechers oder des Headsets f\u00fcr sehr empfindliche Personen (hinsichtlich der thermischen Wirkung) weiterhin relevant.<br \/>\nAus dem gleichen Grund sollte, auch wenn die Nutzung des Telefons komfortabler wird, die Gespr\u00e4chsdauer nicht \u00fcberm\u00e4\u00dfig verl\u00e4ngert werden und das Ger\u00e4t aus Vorsichtsgr\u00fcnden auch Kindern nicht angeboten werden.<br \/>\nWir werden immer versuchen, das Vorhandensein von Wellen zu reduzieren (indem wir Kabel neu anschlie\u00dfen \u2013 indem wir uns von Quellen elektromagnetischer Wellen entfernen oder entfernen \u2013 indem wir \u00fcberfl\u00fcssige Ger\u00e4te entfernen usw.), insbesondere in Ruhebereichen wie dem Bett, bevor wir eine Korrektur durchf\u00fchren Techniken mit harmonisierenden Ger\u00e4ten.<\/p>\n","protected":false},"excerpt":{"rendered":"<p>AVO-61 verbessert das Wohlbefinden eines Nutzers eines 5G-Mobiltelefons.<\/p>\n","protected":false},"featured_media":29921,"comment_status":"open","ping_status":"closed","template":"","meta":{"_et_pb_use_builder":"","_et_pb_old_content":"","_et_gb_content_width":""},"product_brand":[120],"product_cat":[50,47,84,73,129],"product_tag":[],"class_list":{"0":"post-29618","1":"product","2":"type-product","3":"status-publish","4":"has-post-thumbnail","6":"product_brand-aveni-harmonisatoren-anti-wellen-schutz","7":"product_cat-aveni-harmonisator-smartphone","8":"product_cat-aveni-anti-wellen-schutz","9":"product_cat-aveni-anti-wellen-schutz-best-seller","10":"product_cat-aveni-anti-wellen-schutz-neuheiten","11":"product_cat-aveni-anti-wellen-schutz-sonderverkauf","13":"first","14":"instock","15":"featured","16":"downloadable","17":"taxable","18":"shipping-taxable","19":"purchasable","20":"product-type-simple"},"_links":{"self":[{"href":"https:\/\/aveni.shop\/de\/wp-json\/wp\/v2\/product\/29618","targetHints":{"allow":["GET"]}}],"collection":[{"href":"https:\/\/aveni.shop\/de\/wp-json\/wp\/v2\/product"}],"about":[{"href":"https:\/\/aveni.shop\/de\/wp-json\/wp\/v2\/types\/product"}],"replies":[{"embeddable":true,"href":"https:\/\/aveni.shop\/de\/wp-json\/wp\/v2\/comments?post=29618"}],"wp:featuredmedia":[{"embeddable":true,"href":"https:\/\/aveni.shop\/de\/wp-json\/wp\/v2\/media\/29921"}],"wp:attachment":[{"href":"https:\/\/aveni.shop\/de\/wp-json\/wp\/v2\/media?parent=29618"}],"wp:term":[{"taxonomy":"product_brand","embeddable":true,"href":"https:\/\/aveni.shop\/de\/wp-json\/wp\/v2\/product_brand?post=29618"},{"taxonomy":"product_cat","embeddable":true,"href":"https:\/\/aveni.shop\/de\/wp-json\/wp\/v2\/product_cat?post=29618"},{"taxonomy":"product_tag","embeddable":true,"href":"https:\/\/aveni.shop\/de\/wp-json\/wp\/v2\/product_tag?post=29618"}],"curies":[{"name":"wp","href":"https:\/\/api.w.org\/{rel}","templated":true}]}}