{"id":29621,"date":"2023-01-17T17:06:36","date_gmt":"2023-01-17T16:06:36","guid":{"rendered":"https:\/\/aveni.shop\/produit\/aveni-harmonizer-packung-mit-4-stuck-laptop-%e2%89%a4-14-o-29-mm\/"},"modified":"2025-11-03T19:08:10","modified_gmt":"2025-11-03T18:08:10","slug":"aveni-pa-pc1-packung-mit-4-stueck-harmonizer-fuer-laptop-14","status":"publish","type":"product","link":"https:\/\/aveni.shop\/de\/produkt\/aveni-pa-pc1-packung-mit-4-stueck-harmonizer-fuer-laptop-14\/","title":{"rendered":"AVENI-PA-PC1 * ANTI-WELLEN Harmonisator 4 Stk \u00f8 27 mm"},"content":{"rendered":"<h2>1 &#8211; Verwendung:<\/h2>\n<p>Der <strong><a href=\"https:\/\/aveni.shop\/de\/\">AVENI<\/a><\/strong> <strong>Harmonisator <\/strong><strong>PA-PC1<\/strong> (mit seinen 4 x \u00a0<strong>AVO-29<\/strong>) verbessert das Wohlbefinden von Laptop-Nutzern bis 14&#8243; (Bildschirmdiagonale).<br \/>\nDieses <strong>ANTI WELLEN<\/strong> <strong><a href=\"https:\/\/aveni.shop\/de\/\">AVENI<\/a><\/strong> <strong>Harmonisator<\/strong> ist sehr wirksam gegen Elektrosmog.<\/p>\n<h2>2 &#8211; Pr\u00e4sentation:<\/h2>\n<p>Der <strong><a href=\"https:\/\/aveni.shop\/de\/\">AVENI<\/a><\/strong> <strong>Harmonisator <\/strong><strong>PA-PC1<\/strong> ist ein Satz von 4 <strong><a href=\"https:\/\/aveni.shop\/de\/\">AVENI<\/a><\/strong> <strong>Harmonisator<\/strong> <strong>AVO-29<\/strong>, die in ihrer Kartontasche geliefert werden.<br \/>\nInhalt: 4 x <strong>AVO-29<\/strong><\/p>\n<h2>3 &#8211; Technische Eigenschaften:<\/h2>\n<p>Gr\u00f6\u00dfe: \u00d8 27 mm<br \/>\nMaterialien: durchscheinendes Doming-Harz auf selbstklebendem bedrucktem Tr\u00e4ger<br \/>\nAussehen: <strong>transparent<\/strong>.<\/p>\n<h2>4 &#8211; Nutzungskontext:<\/h2>\n<p>Die Erm\u00fcdung bei der Computernutzung ist nicht nur auf die geleistete Arbeit zur\u00fcckzuf\u00fchren.<br \/>\nDas Ger\u00e4t selbst kann den Benutzer aufgrund der Verbindungen (Wi-Fi &#8211; Bluetooth &#8230;) schw\u00e4chen.<br \/>\nAVENI-Harmoner erm\u00f6glichen eine Verbesserung der Situation, wenn die Wahlm\u00f6glichkeit, Verbindungen per Kabel wieder herzustellen (was empfohlen wird), nicht m\u00f6glich war oder nicht beibehalten wurde.<br \/>\nDar\u00fcber hinaus kann der Betrieb anderer elektronischer Komponenten die Person sogar offline beeintr\u00e4chtigen.<br \/>\nDie Verbreitung neuer technischer Ger\u00e4te und deren zahlreiche \u00dcbertragungsfrequenzen wirken sich zunehmend auf die Gelassenheit, Aufmerksamkeit und Vitalit\u00e4t der Benutzer aus.<br \/>\nEs ist notwendig, die Kompatibilit\u00e4t dieser Ger\u00e4te mit dem Lebenden zu verbessern.<\/p>\n<h2>5 &#8211; Funktionsprinzip:<\/h2>\n<p>Vom Menschen verursachte elektromagnetische Wellen, unabh\u00e4ngig von ihrer Herkunft, k\u00f6nnen ein Signal \u00fcbertragen, das Menschen, Tiere und Pflanzen st\u00f6rt.<br \/>\nEs geht darum, die oft sch\u00e4dlichen k\u00fcnstlichen Welleninformationen unserer Umwelt in g\u00fcnstige Signale f\u00fcr die Lebenden umzuwandeln.<br \/>\nEs sind die in das Harz der Ger\u00e4te eingebetteten Informationsabdr\u00fccke von Pflanzen und nat\u00fcrlichen Mineralien, die diese Umkehrung des Effekts erm\u00f6glichen.<br \/>\n<strong><a href=\"https:\/\/aveni.shop\/de\/\">AVENI<\/a><\/strong> <strong>Harmonisatoren<\/strong> bieten einen naturnahen Aufbewahrungsort, der den Organismen f\u00fcr ihr Funktionieren sehr n\u00fctzlich ist.<\/p>\n<h2>6 &#8211; Erwartete Auswirkungen:<\/h2>\n<p>Weniger Erm\u00fcdung, mehr Komfort und Wohlbefinden f\u00fcr die meisten Benutzer.<br \/>\nEmpfindliche Personen k\u00f6nnen eine sofortige Linderung erfahren.<br \/>\nDie meisten Menschen ben\u00f6tigen normalerweise ein paar zus\u00e4tzliche Tage bis Wochen, um ihre Wirksamkeit zu sehen.<\/p>\n<h2>7 &#8211; Empfohlener Standort und Anweisungen f\u00fcr die Installation:<\/h2>\n<p>Die 4 Unterlegscheiben sind wie F\u00fc\u00dfe an den vier Ecken unter die Tastatur des Laptops zu legen, damit es stabil darauf aufliegt.<br \/>\nLassen Sie die Bel\u00fcftungs\u00f6ffnungen und abnehmbaren Luken frei.<br \/>\nKleben Sie die <strong><a href=\"https:\/\/aveni.shop\/de\/\">AVENI<\/a><\/strong> <strong>Harmonisatoren<\/strong> nach der Reinigung der Oberfl\u00e4che auf eine trockene Oberfl\u00e4che.<\/p>\n<p><img loading=\"lazy\" decoding=\"async\" class=\"alignnone size-medium wp-image-29991\" src=\"https:\/\/aveni.shop\/wp-content\/uploads\/2023\/02\/PA-PC1-setup1-aveni-300x300.png\" alt=\"\" width=\"300\" height=\"300\" title=\"\" srcset=\"https:\/\/aveni.shop\/wp-content\/uploads\/2023\/02\/PA-PC1-setup1-aveni-300x300.png 300w, https:\/\/aveni.shop\/wp-content\/uploads\/2023\/02\/PA-PC1-setup1-aveni-100x100.png 100w, https:\/\/aveni.shop\/wp-content\/uploads\/2023\/02\/PA-PC1-setup1-aveni.png 400w\" sizes=\"(max-width: 300px) 100vw, 300px\" \/><\/p>\n<h2>8 &#8211; Wartungstipps:<\/h2>\n<p>Bei angesammeltem Staub oder Flecken k\u00f6nnen die Ger\u00e4te mit einem leicht feuchten Mikrofasertuch gereinigt werden.<br \/>\nVerwenden Sie keine L\u00f6sungsmittel oder andere Chemikalien, die damit in Kontakt kommen.<br \/>\nNicht Temperaturen \u00fcber 60\u00b0C aussetzen.<br \/>\nDie <strong><a href=\"https:\/\/aveni.shop\/de\/\">AVENI<\/a><\/strong> <strong>Harmonisatoren<\/strong> sind vor Witterungseinfl\u00fcssen gesch\u00fctzt aufzustellen.<\/p>\n<h2>9 &#8211; Gew\u00e4hrleistung:<\/h2>\n<p><strong><a href=\"https:\/\/aveni.shop\/de\/\">AVENI<\/a><\/strong> <strong>Harmonisatoren<\/strong> haben eine Garantie von 2 Jahren (ohne Klebstoff) auf alle herstellungsbedingten Probleme.<\/p>\n<h2>10 &#8211; Andere verf\u00fcgbare Ger\u00e4te:<\/h2>\n<p><strong><a href=\"https:\/\/aveni.shop\/de\/\">AVENI<\/a><\/strong> <strong>Harmonisatoren<\/strong> f\u00fcr Fahrzeuge (<strong>AV-CAR<\/strong> &#8211; <strong>AV-CARE<\/strong> und <strong>AV-CAM<\/strong>) k\u00f6nnen eine \u00e4hnliche Wirkung erzielen und sollen im Fahrzeug verbleiben.<br \/>\nDer erzielte Effekt wird besser, wenn h\u00e4ufig verwendete elektronische Ger\u00e4te (Mobiltelefone &#8211; Tablets &#8211; Computer &#8230;) mit <strong><a href=\"https:\/\/aveni.shop\/de\/\">AVENI<\/a><\/strong> <strong>Harmonisatoren<\/strong> harmonisiert werden.<\/p>\n","protected":false},"excerpt":{"rendered":"<p>Erm\u00f6glicht es, das Wohlbefinden von Laptop-Benutzern bis zu 13&#8243; (Bildschirmdiagonale) zu verbessern.<br \/>\nSiehe Bild(er) zur Positionierung.<\/p>\n","protected":false},"featured_media":29942,"comment_status":"open","ping_status":"closed","template":"","meta":{"_et_pb_use_builder":"","_et_pb_old_content":"","_et_gb_content_width":""},"product_brand":[120],"product_cat":[48,47],"product_tag":[],"class_list":{"0":"post-29621","1":"product","2":"type-product","3":"status-publish","4":"has-post-thumbnail","6":"product_brand-aveni-harmonisatoren-anti-wellen-schutz","7":"product_cat-aveni-harmonisator-computer","8":"product_cat-aveni-anti-wellen-schutz","10":"first","11":"instock","12":"featured","13":"downloadable","14":"taxable","15":"shipping-taxable","16":"purchasable","17":"product-type-simple"},"_links":{"self":[{"href":"https:\/\/aveni.shop\/de\/wp-json\/wp\/v2\/product\/29621","targetHints":{"allow":["GET"]}}],"collection":[{"href":"https:\/\/aveni.shop\/de\/wp-json\/wp\/v2\/product"}],"about":[{"href":"https:\/\/aveni.shop\/de\/wp-json\/wp\/v2\/types\/product"}],"replies":[{"embeddable":true,"href":"https:\/\/aveni.shop\/de\/wp-json\/wp\/v2\/comments?post=29621"}],"wp:featuredmedia":[{"embeddable":true,"href":"https:\/\/aveni.shop\/de\/wp-json\/wp\/v2\/media\/29942"}],"wp:attachment":[{"href":"https:\/\/aveni.shop\/de\/wp-json\/wp\/v2\/media?parent=29621"}],"wp:term":[{"taxonomy":"product_brand","embeddable":true,"href":"https:\/\/aveni.shop\/de\/wp-json\/wp\/v2\/product_brand?post=29621"},{"taxonomy":"product_cat","embeddable":true,"href":"https:\/\/aveni.shop\/de\/wp-json\/wp\/v2\/product_cat?post=29621"},{"taxonomy":"product_tag","embeddable":true,"href":"https:\/\/aveni.shop\/de\/wp-json\/wp\/v2\/product_tag?post=29621"}],"curies":[{"name":"wp","href":"https:\/\/api.w.org\/{rel}","templated":true}]}}