{"id":29637,"date":"2023-01-17T16:49:03","date_gmt":"2023-01-17T15:49:03","guid":{"rendered":"https:\/\/aveni.shop\/produit\/aveni-harmonizer-classic-zahler-oder-linky\/"},"modified":"2025-11-03T19:11:51","modified_gmt":"2025-11-03T18:11:51","slug":"aveni-avm-l-harmonizer-standard-zaehler-oder-linky","status":"publish","type":"product","link":"https:\/\/aveni.shop\/de\/produkt\/aveni-avm-l-harmonizer-standard-zaehler-oder-linky\/","title":{"rendered":"AVENI-AVM-L * ANTI-WELLEN Harmonisator Linky 120 x 60 x 25 mm"},"content":{"rendered":"<h2>1 &#8211; Verwendung:<\/h2>\n<p>Um das Wohlbefinden im Haushalt zu verbessern, ist bei Verwendung eines <strong><a href=\"https:\/\/aveni.shop\/de\/\">AVENI<\/a><\/strong> <strong>Harmonisator <\/strong><strong>KIT-M<\/strong> oder eines <strong><a href=\"https:\/\/aveni.shop\/de\/\">AVENI<\/a><\/strong> <strong>Harmonisator <\/strong><strong>KIT-ME<\/strong> das <strong><a href=\"https:\/\/aveni.shop\/de\/\">AVENI<\/a><\/strong> <strong>Harmonisator<\/strong> <strong>AVM-L<\/strong> oberhalb des Z\u00e4hlers, kommunizierender oder klassischer Z\u00e4hler, zu platzieren.<br \/>\nHinweis: Dieses <strong><a href=\"https:\/\/aveni.shop\/de\/\">AVENI<\/a><\/strong> <strong>Harmonisator<\/strong> muss von einer autorisierten Person installiert werden, die die Gesamtwirkung der Korrektur auf die Wohnung (Haus &#8211; Wohnung oder jedes andere Geb\u00e4ude) erkennen kann.<br \/>\nDieses <strong>ANTI WELLEN<\/strong> <strong><a href=\"https:\/\/aveni.shop\/de\/\">AVENI<\/a><\/strong> <strong>Harmonisator<\/strong>ist sehr wirksam gegen Elektrosmog.<\/p>\n<h2>2 &#8211; Pr\u00e4sentation:<\/h2>\n<p>Das <strong><a href=\"https:\/\/aveni.shop\/de\/\">AVENI<\/a><\/strong> <strong>Harmonisator <\/strong><strong>AVM-L<\/strong> wird in der Regel als Teil vom <strong><a href=\"https:\/\/aveni.shop\/de\/\">AVENI<\/a><\/strong> <strong>Harmonisator <\/strong><strong>KIT-M<\/strong> oder <strong><a href=\"https:\/\/aveni.shop\/de\/\">AVENI<\/a><\/strong> <strong>Harmonisator <\/strong><strong>KIT-ME<\/strong> geliefert, kann aber ausnahmsweise auch einzeln geliefert werden, um einen zweiten Z\u00e4hler (einer Photovoltaikanlage &#8211; eines Mietobjekts etc.) zu korrigieren.<br \/>\nInhalt: 1 x <strong>AVM-L<\/strong><\/p>\n<h2>3 &#8211; Technische Eigenschaften:<\/h2>\n<p>Abmessungen: 120 mm x 60 mm x 25 mm<br \/>\nMaterialien: Harz<br \/>\nAussehen:\u00a0<strong>Elfenbein und grau<\/strong><\/p>\n<h2>4 &#8211; Nutzungskontext:<\/h2>\n<p>Unsere Orte des Lebens, der Arbeit oder auch der Freizeit werden heute immer mehr durch neue Technologien gest\u00f6rt.<br \/>\nDiese k\u00f6nnen auf der Ebene von Sendestrukturen in der Umgebung von Geb\u00e4uden (Relaisantennen usw.) oder wohnungsspezifischen Ger\u00e4ten (Boiler &#8211; Warmwasserbereiter &#8211; Sonnenkollektoren usw.) gefunden werden.<br \/>\nAuch die Nutzung leichterer Ger\u00e4te (WiFi &#8211; Handys &#8211; Computer&#8230;) kann sich auf die Gelassenheit, Aufmerksamkeit und Vitalit\u00e4t der Bewohner auswirken.<br \/>\nVerst\u00e4rkt werden die Auswirkungen durch die Vielzahl der empfangenen Frequenzen sowie eine ung\u00fcnstige Konfiguration des geologischen Untergrunds (Diskontinuit\u00e4ten).<br \/>\nEs ist notwendig, die Vereinbarkeit von Orten und dieser Ausstattung mit dem Lebenden zu verbessern.<\/p>\n<h2>5 &#8211; Funktionsprinzip:<\/h2>\n<p>Vom Menschen verursachte elektromagnetische Wellen, unabh\u00e4ngig von ihrer Herkunft, k\u00f6nnen ein Signal \u00fcbertragen, das Menschen, Tiere und Pflanzen st\u00f6rt.<br \/>\nEs geht darum, die oft sch\u00e4dlichen k\u00fcnstlichen Welleninformationen unserer Umwelt in g\u00fcnstige Signale f\u00fcr die Lebenden umzuwandeln.<br \/>\nEs sind die in das Harz der Ger\u00e4te eingebetteten Informationsabdr\u00fccke von Pflanzen und nat\u00fcrlichen Mineralien, die diese Umkehrung des Effekts erm\u00f6glichen.<br \/>\n<strong><a href=\"https:\/\/aveni.shop\/de\/\">AVENI<\/a><\/strong> <strong>Harmonisatoren<\/strong> bieten einen naturnahen Aufbewahrungsort, der den Organismen f\u00fcr ihr Funktionieren sehr n\u00fctzlich ist.<br \/>\nDiese Ger\u00e4te erm\u00f6glichen den Umgang mit St\u00f6rungen, die von au\u00dferhalb der Dom\u00e4ne stammen oder von Ger\u00e4ten erzeugt werden, die in den Geb\u00e4uden selbst installiert sind.<br \/>\nSie d\u00e4mpfen die Auswirkungen von St\u00f6rungen, die durch die geologische Beschaffenheit des Untergrunds (Verwerfungen, Hohlr\u00e4ume, B\u00f6schungen, Tellurnetzwerke, Vorhandensein von Wasser usw.) induziert oder verst\u00e4rkt werden.<\/p>\n<h2>6 &#8211; Erwartete Auswirkungen:<\/h2>\n<p>Weniger Erm\u00fcdung, mehr Komfort und Wohlbefinden f\u00fcr die meisten Bewohner dieser zuvor gest\u00f6rten Orte.<br \/>\nEmpfindliche Personen k\u00f6nnen eine sofortige Linderung erfahren.<br \/>\nDie meisten Menschen ben\u00f6tigen in der Regel ein paar zus\u00e4tzliche Tage bis Wochen, um die Wirksamkeit zu sp\u00fcren.<br \/>\nIn einigen seltenen Einzelf\u00e4llen konnten auch andere Verbesserungen der Situation auf der Ebene der W\u00e4nde (bei kapillarer Feuchtigkeit) oder beim Betrieb elektronischer Ger\u00e4te (bei zeitweiligen Ausf\u00e4llen) beobachtet werden.<\/p>\n<h2>7 &#8211; Empfohlener Standort und Anweisungen f\u00fcr die Installation:<\/h2>\n<p>Dieses <strong><a href=\"https:\/\/aveni.shop\/de\/\">AVENI<\/a><\/strong> <strong>Harmonisator<\/strong> ist horizontal \u00fcber dem Stromz\u00e4hler zu platzieren.<br \/>\nHinweis: Wenn der Raum \u00fcber dem Messger\u00e4t nicht frei genug ist (nicht hoch genug), kann dieses Ger\u00e4t \u00fcber der Hauptschalttafel platziert werden.<br \/>\nSetzen Sie dann das <strong><a href=\"https:\/\/aveni.shop\/de\/\">AVENI<\/a><\/strong> <strong>Harmonisator <\/strong><strong>AVL-85<\/strong> Doming auf das Messger\u00e4t.<br \/>\n\u00dcberpr\u00fcfen Sie dann, ob der Z\u00e4hler nach dieser Korrektur &#8220;positiv wird&#8221; (dass er tats\u00e4chlich davon profitiert).<br \/>\nEs ist notwendig, die beiden Ausrichtungen (Pfeil der grauen St\u00fctze zur Wand, dann Pfeil zu Ihnen) zu testen, um die Konfiguration mit der gr\u00f6\u00dften Wirkung zu behalten (nach Ihrem Gef\u00fchl zu bestimmen).<br \/>\nVerwenden Sie nach dem Abstauben der Halterung doppelseitiges Klebeband, um das <strong><a href=\"https:\/\/aveni.shop\/de\/\">AVENI<\/a><\/strong> <strong>Harmonisator<\/strong> zu befestigen.<\/p>\n<h2>8 &#8211; Wartungshinweise:<\/h2>\n<p>Bei angesammeltem Staub oder Flecken k\u00f6nnen die <strong><a href=\"https:\/\/aveni.shop\/de\/\">AVENI<\/a><\/strong> <strong>Harmonisatoren<\/strong> mit einem leicht feuchten Mikrofasertuch gereinigt werden.<br \/>\nVerwenden Sie keine L\u00f6sungsmittel oder andere Chemikalien, die damit in Kontakt kommen.<br \/>\nNicht Temperaturen \u00fcber 60\u00b0C aussetzen.<br \/>\nDie <strong><a href=\"https:\/\/aveni.shop\/de\/\">AVENI<\/a><\/strong> <strong>Harmonisatoren<\/strong> sind vor Witterungseinfl\u00fcssen gesch\u00fctzt aufzustellen.<\/p>\n<h2>9 &#8211; Gew\u00e4hrleistung:<\/h2>\n<p><strong><a href=\"https:\/\/aveni.shop\/de\/\">AVENI<\/a><\/strong> <strong>Harmonisatoren<\/strong> haben eine Garantie von 2 Jahren (ohne Klebstoff) auf alle herstellungsbedingten Probleme.<\/p>\n<h2>10 &#8211; Andere verf\u00fcgbare Ger\u00e4te:<\/h2>\n<p>Ausnahmsweise kann es vorkommen, dass die Installation des <strong><a href=\"https:\/\/aveni.shop\/de\/\">AVENI<\/a><\/strong> <strong>Harmonisator <\/strong><strong>AVM-L<\/strong> allein zu einer Verbesserung der Situation f\u00fchrt, es wird jedoch dringend empfohlen, es zus\u00e4tzlich zum <strong><a href=\"https:\/\/aveni.shop\/de\/\">AVENI<\/a><\/strong> <strong>Harmonisator <\/strong><strong>AVM-E1<\/strong> (an der Wasserversorgung), <strong><a href=\"https:\/\/aveni.shop\/de\/\">AVENI<\/a><\/strong> <strong>Harmonisator <\/strong><strong>AVM-T<\/strong> (an Erdungskabel) und <strong><a href=\"https:\/\/aveni.shop\/de\/\">AVENI<\/a><\/strong> <strong>Harmonisator <\/strong><strong>AVL-85<\/strong> (auf der Hauptschalttafel). Die Synergie zwischen diesen verschiedenen Ger\u00e4ten erm\u00f6glicht bessere Ergebnisse.<br \/>\nGegebenenfalls sind weitere Zusatzger\u00e4te erforderlich (siehe <strong><a href=\"https:\/\/aveni.shop\/de\/\">AVENI<\/a><\/strong> <strong>Harmonisator <\/strong><strong>KIT-M<\/strong> bzw. <strong><a href=\"https:\/\/aveni.shop\/de\/\">AVENI<\/a><\/strong> <strong>Harmonisator <\/strong><strong>KIT-ME<\/strong> Merkblatt).<br \/>\n<strong><a href=\"https:\/\/aveni.shop\/de\/\">AVENI<\/a><\/strong> <strong>Harmonisatoren<\/strong> f\u00fcr Fahrzeuge (<strong>AV-CAR<\/strong> &#8211; <strong>AV-CARE<\/strong> und <strong>AV-CAM<\/strong>) k\u00f6nnen eine \u00e4hnliche Wirkung erzielen und sollen im Fahrzeug verbleiben.<br \/>\nDer erzielte Effekt wird besser, wenn h\u00e4ufig verwendete elektronische Ger\u00e4te (Mobiltelefone &#8211; Tablets &#8211; Computer &#8230;) mit <strong><a href=\"https:\/\/aveni.shop\/de\/\">AVENI<\/a><\/strong> <strong>Harmonisatoren<\/strong> harmonisiert werden.<\/p>\n","protected":false},"excerpt":{"rendered":"<p>Verbessert das Wohlbefinden im Haus, dieses harmonisierende Ger\u00e4t ist \u00fcber dem Messger\u00e4t, kommunizierenden oder klassischen Messger\u00e4t zu platzieren.<\/p>\n","protected":false},"featured_media":29912,"comment_status":"open","ping_status":"closed","template":"","meta":{"_et_pb_use_builder":"","_et_pb_old_content":"","_et_gb_content_width":""},"product_brand":[120],"product_cat":[51,47,53,54,93],"product_tag":[],"class_list":{"0":"post-29637","1":"product","2":"type-product","3":"status-publish","4":"has-post-thumbnail","6":"product_brand-aveni-harmonisatoren-anti-wellen-schutz","7":"product_cat-aveni-harmonisator-haus","8":"product_cat-aveni-anti-wellen-schutz","9":"product_cat-aveni-harmonisator-industrie","10":"product_cat-aveni-harmonisator-landwirtschaft","11":"product_cat-aveni-harmonisator-solarplatten","13":"first","14":"instock","15":"featured","16":"downloadable","17":"taxable","18":"shipping-taxable","19":"purchasable","20":"product-type-simple"},"_links":{"self":[{"href":"https:\/\/aveni.shop\/de\/wp-json\/wp\/v2\/product\/29637","targetHints":{"allow":["GET"]}}],"collection":[{"href":"https:\/\/aveni.shop\/de\/wp-json\/wp\/v2\/product"}],"about":[{"href":"https:\/\/aveni.shop\/de\/wp-json\/wp\/v2\/types\/product"}],"replies":[{"embeddable":true,"href":"https:\/\/aveni.shop\/de\/wp-json\/wp\/v2\/comments?post=29637"}],"wp:featuredmedia":[{"embeddable":true,"href":"https:\/\/aveni.shop\/de\/wp-json\/wp\/v2\/media\/29912"}],"wp:attachment":[{"href":"https:\/\/aveni.shop\/de\/wp-json\/wp\/v2\/media?parent=29637"}],"wp:term":[{"taxonomy":"product_brand","embeddable":true,"href":"https:\/\/aveni.shop\/de\/wp-json\/wp\/v2\/product_brand?post=29637"},{"taxonomy":"product_cat","embeddable":true,"href":"https:\/\/aveni.shop\/de\/wp-json\/wp\/v2\/product_cat?post=29637"},{"taxonomy":"product_tag","embeddable":true,"href":"https:\/\/aveni.shop\/de\/wp-json\/wp\/v2\/product_tag?post=29637"}],"curies":[{"name":"wp","href":"https:\/\/api.w.org\/{rel}","templated":true}]}}