{"id":29640,"date":"2023-01-16T18:43:33","date_gmt":"2023-01-16T17:43:33","guid":{"rendered":"https:\/\/aveni.shop\/produit\/aveni-harmonizer-wasserzulauf-kleines-rohr-h-70-mm-o-26-mm\/"},"modified":"2025-11-03T19:14:34","modified_gmt":"2025-11-03T18:14:34","slug":"aveni-avm-e1-harmonizer-fuer-wasserzulauf-kleines-rohr","status":"publish","type":"product","link":"https:\/\/aveni.shop\/de\/produkt\/aveni-avm-e1-harmonizer-fuer-wasserzulauf-kleines-rohr\/","title":{"rendered":"AVENI-AVM-E1 * ANTI-WELLEN Harmonisator kleines Wasserzulauf"},"content":{"rendered":"<h2>1 &#8211; Verwendung:<\/h2>\n<p>Der Harmonizer <strong><a href=\"https:\/\/aveni.shop\/de\/\">AVENI<\/a><\/strong> <strong>Harmonisator <\/strong><strong>AVM-E1<\/strong> muss an einem Wassereinlassrohr mit kleinen Durchmesser angebracht werden, wenn der <strong><a href=\"https:\/\/aveni.shop\/de\/\">AVENI<\/a><\/strong> <strong>Harmonisator <\/strong><strong>AVM-E2<\/strong> zu gross ist.<br \/>\nDies kann insbesondere in Mehrfamilienh\u00e4usern, auf einem Industriegel\u00e4nde oder in der Zucht der Fall sein. Dieser Harmonizer wird zus\u00e4tzlich zum <strong><a href=\"https:\/\/aveni.shop\/de\/\">AVENI<\/a><\/strong> <strong>Harmonisator <\/strong><strong>AVM-T<\/strong> (Behandlung der Erdverbindung) und dem <strong><a href=\"https:\/\/aveni.shop\/de\/\">AVENI<\/a><\/strong> <strong>Harmonisator <\/strong><strong>AVM-L<\/strong> (Behandlung der Stromankunft) verwendet.<br \/>\nHinweis: Dieses Ger\u00e4t muss von einer autorisierten Person installiert werden, die die Gesamtwirkung der Korrektur auf die Wohnung (Haus &#8211; Wohnung oder jedes andere Geb\u00e4ude) erkennen kann.<br \/>\nDieses <strong>ANTI WELLE<\/strong>N <strong><a href=\"https:\/\/aveni.shop\/de\/\">AVENI<\/a><\/strong> <strong>Harmonisator<\/strong> ist sehr wirksam gegen Elektrosmog.<\/p>\n<h2>2 &#8211; Pr\u00e4sentation:<\/h2>\n<p>Diese Vorrichtung hat die Form von zwei Halbschalen.<br \/>\nDas <strong><a href=\"https:\/\/aveni.shop\/de\/\">AVENI<\/a><\/strong> <strong>Harmonisator <\/strong><strong>AVM-E1<\/strong>\u00a0wird generell als Teil vom <strong>KIT-M<\/strong> oder <strong>KIT-ME<\/strong> geliefert, kann aber ausnahmsweise auch einzeln geliefert werden, um eine zus\u00e4tzliche Leitung (zweiter Brunnenwasserkreislauf etc.) zu korrigieren.<br \/>\nInhalt: 1 x <strong>AVM-E1<\/strong><\/p>\n<h2>3 &#8211; Technische Eigenschaften:<\/h2>\n<p>Gesamtma\u00dfe: H 53 mm, \u00d8 22 \/ 35 mm<br \/>\nMaterialien: Harz<br \/>\nAussehen: <strong>grau<\/strong><\/p>\n<h2>4 &#8211; Nutzungskontext:<\/h2>\n<p>Unsere Orte des Lebens, der Arbeit oder auch der Freizeit werden heute immer mehr durch neue Technologien gest\u00f6rt.<br \/>\nDiese k\u00f6nnen auf der Ebene von Sendestrukturen in der Umgebung von Geb\u00e4uden (Relaisantennen usw.) oder wohnungsspezifischen Ger\u00e4ten (Boiler &#8211; Warmwasserbereiter &#8211; Sonnenkollektoren usw.) gefunden werden.<br \/>\nAuch die Nutzung leichterer Ger\u00e4te (WiFi &#8211; Handys &#8211; Computer&#8230;) kann sich auf die Gelassenheit, Aufmerksamkeit und Vitalit\u00e4t der Bewohner auswirken.<br \/>\nVerst\u00e4rkt werden die Auswirkungen durch die Vielzahl der empfangenen Frequenzen sowie eine ung\u00fcnstige Konfiguration des geologischen Untergrunds (Diskontinuit\u00e4ten).<br \/>\nEs ist notwendig, die Vereinbarkeit von Orten und dieser Ausstattung mit dem Lebenden zu verbessern.<\/p>\n<h2>5 &#8211; Funktionsprinzip:<\/h2>\n<p>Vom Menschen verursachte elektromagnetische Wellen, unabh\u00e4ngig von ihrer Herkunft, k\u00f6nnen ein Signal \u00fcbertragen, das Menschen, Tiere und Pflanzen st\u00f6rt.<br \/>\nEs geht darum, die oft sch\u00e4dlichen k\u00fcnstlichen Welleninformationen unserer Umwelt in g\u00fcnstige Signale f\u00fcr die Lebenden umzuwandeln.<br \/>\nEs sind die in das Harz der Ger\u00e4te eingebetteten Informationsabdr\u00fccke von Pflanzen und nat\u00fcrlichen Mineralien, die diese Umkehrung des Effekts erm\u00f6glichen.<br \/>\nSie bieten einen naturnahen Aufbewahrungsort, der den Organismen f\u00fcr ihr Funktionieren sehr n\u00fctzlich ist.<br \/>\nDiese <strong><a href=\"https:\/\/aveni.shop\/de\/\">AVENI<\/a><\/strong> <strong>Harmonisatoren<\/strong> erm\u00f6glichen den Umgang mit St\u00f6rungen, die von au\u00dferhalb der Dom\u00e4ne stammen oder von Ger\u00e4ten erzeugt werden, die in den Geb\u00e4uden selbst installiert sind.<br \/>\nSie d\u00e4mpfen die Auswirkungen von St\u00f6rungen, die durch die geologische Beschaffenheit des Untergrunds (Verwerfungen, Hohlr\u00e4ume, B\u00f6schungen, Tellurnetzwerke, Vorhandensein von Wasser usw.) induziert oder verst\u00e4rkt werden.<\/p>\n<h2>6 &#8211; Erwartete Auswirkungen:<\/h2>\n<p>Weniger Erm\u00fcdung, mehr Komfort und Wohlbefinden f\u00fcr die meisten Bewohner dieser zuvor gest\u00f6rten Orte.<br \/>\nEmpfindliche Personen k\u00f6nnen eine sofortige Linderung erfahren.<br \/>\nDie meisten Menschen ben\u00f6tigen in der Regel ein paar zus\u00e4tzliche Tage bis Wochen, um die Wirksamkeit zu sp\u00fcren.<br \/>\nIn einigen seltenen Einzelf\u00e4llen konnten auch andere Verbesserungen der Situation auf der Ebene der W\u00e4nde (bei kapillarer Feuchtigkeit) oder beim Betrieb elektronischer Ger\u00e4te (bei zeitweiligen Ausf\u00e4llen) beobachtet werden.<\/p>\n<h2>7 &#8211; Empfohlener Standort und Anweisungen f\u00fcr die Installation:<\/h2>\n<p>Dieses <strong><a href=\"https:\/\/aveni.shop\/de\/\">AVENI<\/a><\/strong> <strong>Harmonisator<\/strong> ist am Wasserzulaufrohr im Haus anzubringen.<br \/>\nzum Beispiel in der N\u00e4he des Absperrventils des Kreislaufs (in der Garage &#8211; in der N\u00e4he des Warmwasserkumulus &#8230;).<br \/>\nEs sollte vorzugsweise auf einem vertikalen Segment platziert werden, wo das Wasser von unten nach oben flie\u00dft (maximale Wirkung).<br \/>\nDie anderen Konfigurationen funktionieren jedoch auch.<br \/>\nBei einer Wohnung befindet sich das Absperrventil manchmal in den Toiletten und der Z\u00e4hler in einem Kasten auf dem Treppenabsatz.<br \/>\nWenn das Rohr nirgendwo anders sichtbar ist, kommt es manchmal vor, dass das Ger\u00e4t um das Eintreffen von kaltem Wasser herum unter der Sp\u00fcle platziert wird.<br \/>\n\u00dcberpr\u00fcfen Sie dann, ob die Harmonisierung tats\u00e4chlich an den anderen Wasserstellen (Badewanne usw.) stattgefunden hat, auch wenn dieses Wasser nicht auf H\u00f6he der K\u00fcchensp\u00fcle flie\u00dft.<br \/>\nDie beiden Halbschalen m\u00fcssen um das Rohr gelegt werden.<br \/>\nDie beiden Pfeile sind in Flie\u00dfrichtung des Wassers auszurichten.<br \/>\nDie beiden mitgelieferten Manschetten (Typ Elektriker-Manschette) halten den Harmonizer an Ort und Stelle.<br \/>\nDie beiden Halbschalen m\u00fcssen nicht aneinandergrenzend wirken, sondern nur parallel.<br \/>\nHinweis: Dieses Material kann auf die gleiche Weise verwendet werden, um bei Bedarf Folgendes zu korrigieren:<br \/>\n&#8211; ein zweiter Wasserkreislauf, der das Haus ausstattet (Regenwasser &#8211; Brunnen &#8230;).<br \/>\nVerwenden Sie einen zweiten Korrektor <strong><a href=\"https:\/\/aveni.shop\/de\/\">AVENI<\/a><\/strong> <strong>Harmonisator <\/strong><strong>AVM-E1<\/strong> oder <strong><a href=\"https:\/\/aveni.shop\/de\/\">AVENI<\/a><\/strong> <strong>Harmonisator <\/strong><strong>AVM-E2<\/strong>, wenn der Rohrdurchmesser gro\u00df ist (Bohren usw.).<br \/>\n&#8211; die Eing\u00e4nge des Wasserkreislaufs einer Heizungsanlage auf der Ebene der Krankenschwester (am R\u00fccklauf).<br \/>\n&#8211; ein Gaseinlassrohr.<br \/>\nDieses Rohr fungiert oft als effektive \u201eErdung\u201c des Hauses.<br \/>\nAlle diese sekund\u00e4ren Rohre m\u00fcssen jedoch nicht systematisch korrigiert werden, selbst wenn sie zum Zeitpunkt der Diagnose negativ getestet wurden.<br \/>\nTesten Sie sie erneut, nachdem Sie das Home Kit (inklusive Wi-Fi) installiert haben, um die tats\u00e4chlichen Anforderungen zu ermitteln.<\/p>\n<h2>8 &#8211; Wartungshinweise:<\/h2>\n<p>Bei angesammeltem Staub oder Flecken k\u00f6nnen die Ger\u00e4te mit einem leicht feuchten Mikrofasertuch gereinigt werden.<br \/>\nVerwenden Sie keine L\u00f6sungsmittel oder andere Chemikalien, die damit in Kontakt kommen.<br \/>\nNicht Temperaturen \u00fcber 60\u00b0C aussetzen.<br \/>\nDie <strong><a href=\"https:\/\/aveni.shop\/de\/\">AVENI<\/a><\/strong> <strong>Harmonisatoren<\/strong>\u00a0sind vor Witterungseinfl\u00fcssen gesch\u00fctzt aufzustellen.<\/p>\n<h2>9 &#8211; Gew\u00e4hrleistung:<\/h2>\n<p><strong><a href=\"https:\/\/aveni.shop\/de\/\">AVENI<\/a><\/strong> <strong>Harmonisatoren<\/strong> haben eine Garantie von 2 Jahren (ohne Klebstoff) auf alle herstellungsbedingten Probleme.<\/p>\n<h2>10 &#8211; Andere verf\u00fcgbare Ger\u00e4te:<\/h2>\n<p>Ausnahmsweise kann es vorkommen, dass die Installation des <strong><a href=\"https:\/\/aveni.shop\/de\/\">AVENI<\/a><\/strong> <strong>Harmonisator <\/strong><strong>AVM-E1<\/strong>\u00a0allein zu einer Verbesserung der Situation f\u00fchrt, es wird jedoch dringend empfohlen, es zus\u00e4tzlich zu verwenden<br \/>\n<strong><a href=\"https:\/\/aveni.shop\/de\/\">AVENI<\/a> Harmonisator AVM-T<\/strong> (auf dem Boden), <strong><a href=\"https:\/\/aveni.shop\/de\/\">AVENI<\/a><\/strong> <strong>Harmonisator <\/strong><strong>AVM-L<\/strong> (auf dem Stromz\u00e4hler) und <strong><a href=\"https:\/\/aveni.shop\/de\/\">AVENI<\/a><\/strong> <strong>Harmonisator <\/strong><strong>AVL-85<\/strong> (auf der Hauptschalttafel).<br \/>\nDie Synergie zwischen diesen verschiedenen Ger\u00e4ten erm\u00f6glicht bessere Ergebnisse. Gegebenenfalls sind weitere Zusatzger\u00e4te erforderlich (siehe <strong><a href=\"https:\/\/aveni.shop\/de\/\">AVENI<\/a><\/strong> <strong>Harmonisator <\/strong><strong>KIT-M<\/strong> bzw. <strong><a href=\"https:\/\/aveni.shop\/de\/\">AVENI<\/a><\/strong> <strong>Harmonisator <\/strong><strong>KIT-ME<\/strong> Merkblatt).<br \/>\nIn den schwierigsten F\u00e4llen kann sich die Installation zus\u00e4tzlicher Ger\u00e4te wie <strong><a href=\"https:\/\/aveni.shop\/de\/\">AVENI<\/a><\/strong> <strong>Harmonisator <\/strong><strong>AVB-M<\/strong> (im Haus), <strong><a href=\"https:\/\/aveni.shop\/de\/\">AVENI<\/a><\/strong> <strong>Harmonisator <\/strong><strong>AVB-A<\/strong> (in der Landwirtschaft) als notwendig erweisen.<br \/>\n<strong><a href=\"https:\/\/aveni.shop\/de\/\">AVENI<\/a><\/strong> <strong>Harmonisatoren<\/strong> f\u00fcr Fahrzeuge (<strong>AV-CAR<\/strong> &#8211; <strong>AV-CARE<\/strong> und <strong>AV-CAM<\/strong>) k\u00f6nnen eine \u00e4hnliche Wirkung erzielen und sollen im Fahrzeug verbleiben.<br \/>\nDer erzielte Effekt wird besser, wenn h\u00e4ufig verwendete elektronische Ger\u00e4te (Mobiltelefone &#8211; Tablets &#8211; Computer &#8230;) mit <strong><a href=\"https:\/\/aveni.shop\/de\/\">AVENI<\/a><\/strong> <strong>Harmonisatoren<\/strong> harmonisiert werden.<\/p>\n","protected":false},"excerpt":{"rendered":"<p>Steigern Sie Ihr Wohlbefinden im Haus mit unserem AVENI ANTI-WAVE-Harmonisator AVENI-AVM-E1 f\u00fcr Wasserzulauf. Jetzt bei AVENI.SHOP bestellen und profitieren.<\/p>\n","protected":false},"featured_media":33676,"comment_status":"open","ping_status":"closed","template":"","meta":{"_et_pb_use_builder":"","_et_pb_old_content":"","_et_gb_content_width":""},"product_brand":[120],"product_cat":[51,47,53,54],"product_tag":[],"class_list":{"0":"post-29640","1":"product","2":"type-product","3":"status-publish","4":"has-post-thumbnail","6":"product_brand-aveni-harmonisatoren-anti-wellen-schutz","7":"product_cat-aveni-harmonisator-haus","8":"product_cat-aveni-anti-wellen-schutz","9":"product_cat-aveni-harmonisator-industrie","10":"product_cat-aveni-harmonisator-landwirtschaft","12":"first","13":"instock","14":"featured","15":"downloadable","16":"taxable","17":"shipping-taxable","18":"purchasable","19":"product-type-simple"},"_links":{"self":[{"href":"https:\/\/aveni.shop\/de\/wp-json\/wp\/v2\/product\/29640","targetHints":{"allow":["GET"]}}],"collection":[{"href":"https:\/\/aveni.shop\/de\/wp-json\/wp\/v2\/product"}],"about":[{"href":"https:\/\/aveni.shop\/de\/wp-json\/wp\/v2\/types\/product"}],"replies":[{"embeddable":true,"href":"https:\/\/aveni.shop\/de\/wp-json\/wp\/v2\/comments?post=29640"}],"wp:featuredmedia":[{"embeddable":true,"href":"https:\/\/aveni.shop\/de\/wp-json\/wp\/v2\/media\/33676"}],"wp:attachment":[{"href":"https:\/\/aveni.shop\/de\/wp-json\/wp\/v2\/media?parent=29640"}],"wp:term":[{"taxonomy":"product_brand","embeddable":true,"href":"https:\/\/aveni.shop\/de\/wp-json\/wp\/v2\/product_brand?post=29640"},{"taxonomy":"product_cat","embeddable":true,"href":"https:\/\/aveni.shop\/de\/wp-json\/wp\/v2\/product_cat?post=29640"},{"taxonomy":"product_tag","embeddable":true,"href":"https:\/\/aveni.shop\/de\/wp-json\/wp\/v2\/product_tag?post=29640"}],"curies":[{"name":"wp","href":"https:\/\/api.w.org\/{rel}","templated":true}]}}