{"id":29644,"date":"2023-01-16T18:27:50","date_gmt":"2023-01-16T17:27:50","guid":{"rendered":"https:\/\/aveni.shop\/produit\/aveni-harmonizer-fur-tablet-%e2%89%a4-11-68-x-42-mm\/"},"modified":"2025-11-03T19:17:46","modified_gmt":"2025-11-03T18:17:46","slug":"aveni-avl-68-harmonizer-fuer-tablet-11","status":"publish","type":"product","link":"https:\/\/aveni.shop\/de\/produkt\/aveni-avl-68-harmonizer-fuer-tablet-11\/","title":{"rendered":"AVENI-AVL-68 * ANTI-WELLEN Harmonisator Tablet \u2264 11\u2019\u2019"},"content":{"rendered":"<h2>1 &#8211; Verwendung:<\/h2>\n<p>Das <a href=\"https:\/\/aveni.shop\/de\/\"><b>AVENI<\/b><\/a> <b>Harmonisator <\/b><strong>AVL-68<\/strong> verbessert das Wohlbefinden von Benutzern elektronischer Ger\u00e4te.<br \/>\nEs ist sehr n\u00fctzlich, paarweise verlegt, um eine WiFi-Box, einen Computerbildschirm oder einen Fernsehbildschirm (weniger als 55 &#8220;) zu behandeln.<br \/>\nDieses <strong>ANTI WELLEN<\/strong> <a href=\"https:\/\/aveni.shop\/de\/\"><b>AVENI<\/b><\/a> <b>Harmonisator<\/b> ist sehr wirksam gegen Elektrosmog.<\/p>\n<h2>2 &#8211; Pr\u00e4sentation:<\/h2>\n<p>Das <a href=\"https:\/\/aveni.shop\/de\/\"><b>AVENI<\/b><\/a> <b>Harmonisator <\/b><strong>AVL-68<\/strong> wird in seiner Papph\u00fclle geliefert.<br \/>\nInhalt: 1 x <strong>AVL-68<\/strong><\/p>\n<h2>3 &#8211; Technische Eigenschaften:<\/h2>\n<p>Abmessungen: 68 x 42 mm<br \/>\nMaterialien: durchscheinendes Doming-Harz auf selbstklebendem bedrucktem Tr\u00e4ger<br \/>\nAussehen: <strong>transparent<\/strong>.<\/p>\n<h2>4 &#8211; Nutzungskontext:<\/h2>\n<p>Die Erm\u00fcdung bei der Computernutzung ist nicht nur auf die geleistete Arbeit zur\u00fcckzuf\u00fchren.<br \/>\nDas Ger\u00e4t selbst kann den Benutzer aufgrund der Verbindungen (Wi-Fi &#8211; Bluetooth &#8230;) schw\u00e4chen.<br \/>\n<a href=\"https:\/\/aveni.shop\/de\/\"><b>AVENI<\/b><\/a> <b>Harmonisatoren <\/b>erm\u00f6glichen eine Verbesserung der Situation, wenn die Wahlm\u00f6glichkeit, Verbindungen per Kabel wieder herzustellen (was empfohlen wird), nicht m\u00f6glich war oder nicht beibehalten wurde.<br \/>\nDar\u00fcber hinaus kann der Betrieb anderer elektronischer Komponenten die Person sogar offline beeintr\u00e4chtigen.<br \/>\nDie Verbreitung neuer technischer Ger\u00e4te und deren zahlreiche \u00dcbertragungsfrequenzen wirken sich zunehmend auf die Gelassenheit, Aufmerksamkeit und Vitalit\u00e4t der Benutzer aus.<br \/>\nEs ist notwendig, die Kompatibilit\u00e4t dieser <a href=\"https:\/\/aveni.shop\/de\/\"><b>AVENI<\/b><\/a> <b>Harmonisator<\/b> mit dem Lebenden zu verbessern.<\/p>\n<h2>5 &#8211; Funktionsprinzip:<\/h2>\n<p>Vom Menschen verursachte elektromagnetische Wellen, unabh\u00e4ngig von ihrer Herkunft, k\u00f6nnen ein Signal \u00fcbertragen, das Menschen, Tiere und Pflanzen st\u00f6rt.<br \/>\nEs geht darum, die oft sch\u00e4dlichen k\u00fcnstlichen Welleninformationen unserer Umwelt in g\u00fcnstige Signale f\u00fcr die Lebenden umzuwandeln.<br \/>\nEs sind die in das Harz der Ger\u00e4te eingebetteten Informationsabdr\u00fccke von Pflanzen und nat\u00fcrlichen Mineralien, die diese Umkehrung des Effekts erm\u00f6glichen.<br \/>\n<a href=\"https:\/\/aveni.shop\/de\/\"><b>AVENI<\/b><\/a> <b>Harmonisatoren<\/b> bieten einen naturnahen Aufbewahrungsort, der den Organismen f\u00fcr ihr Funktionieren sehr n\u00fctzlich ist.<\/p>\n<h2>6 &#8211; Erwartete Auswirkungen:<\/h2>\n<p>Weniger Erm\u00fcdung, mehr Komfort und Wohlbefinden f\u00fcr die Benutzer.<br \/>\nEmpfindliche Personen k\u00f6nnen eine sofortige Linderung erfahren.<br \/>\nDie meisten Menschen ben\u00f6tigen normalerweise ein paar zus\u00e4tzliche Tage bis Wochen, um ihre Wirksamkeit zu sehen.<\/p>\n<h2>7 &#8211; Empfohlener Standort und Anweisungen f\u00fcr die Installation:<\/h2>\n<p>F\u00fcr die verschiedenen Konfigurationen konsultieren Sie die Datenbl\u00e4tter:<br \/>\n<strong>PA-BOX<\/strong><br \/>\n<strong>PA-TV2<\/strong><br \/>\noder <strong>PA-PC3<\/strong>.<br \/>\nIn diesen 3 Packungen wird es von zwei verwendet, im Gegensatz zum <strong>PA-TV4<\/strong>, wo es neben zwei <strong>AVL-85<\/strong> allein zu finden ist.<br \/>\nNachdem Sie die Zieloberfl\u00e4che gereinigt haben, kleben Sie das <a href=\"https:\/\/aveni.shop\/de\/\"><b>AVENI<\/b><\/a> <b>Harmonisator<\/b> auf einer trockenen Oberfl\u00e4che auf die R\u00fcckseite des Tablets.<\/p>\n<p><img loading=\"lazy\" decoding=\"async\" class=\"alignnone size-medium wp-image-30111\" src=\"https:\/\/aveni.shop\/wp-content\/uploads\/2023\/01\/AVL-68-setup1-aveni-300x300.png\" alt=\"\" width=\"300\" height=\"300\" title=\"\" srcset=\"https:\/\/aveni.shop\/wp-content\/uploads\/2023\/01\/AVL-68-setup1-aveni-300x300.png 300w, https:\/\/aveni.shop\/wp-content\/uploads\/2023\/01\/AVL-68-setup1-aveni-100x100.png 100w, https:\/\/aveni.shop\/wp-content\/uploads\/2023\/01\/AVL-68-setup1-aveni.png 400w\" sizes=\"(max-width: 300px) 100vw, 300px\" \/><\/p>\n<h2>8 &#8211; Wartungstipps:<\/h2>\n<p>Bei angesammeltem Staub oder Flecken k\u00f6nnen die Ger\u00e4te mit einem leicht feuchten Mikrofasertuch gereinigt werden.<br \/>\nVerwenden Sie keine L\u00f6sungsmittel oder andere Chemikalien, die damit in Kontakt kommen.<br \/>\nNicht Temperaturen \u00fcber 60\u00b0C aussetzen.<br \/>\nDie <a href=\"https:\/\/aveni.shop\/de\/\"><b>AVENI<\/b><\/a> <b>Harmonisatoren<\/b> sind vor Witterungseinfl\u00fcssen gesch\u00fctzt aufzustellen.<\/p>\n<h2>9 &#8211; Gew\u00e4hrleistung:<\/h2>\n<p><a href=\"https:\/\/aveni.shop\/de\/\"><b>AVENI<\/b><\/a> <b>Harmonisatoren<\/b> haben eine Garantie von 2 Jahren (ohne Klebstoff) auf alle herstellungsbedingten Probleme.<\/p>\n<h2>10 &#8211; Andere verf\u00fcgbare Ger\u00e4te:<\/h2>\n<p><a href=\"https:\/\/aveni.shop\/de\/\"><b>AVENI<\/b><\/a> <b>Harmonisatoren<\/b> f\u00fcr Fahrzeuge (<strong>AV-CAR<\/strong> &#8211; <strong>AV-CARE<\/strong> und <strong>AV-CAM<\/strong>) k\u00f6nnen eine \u00e4hnliche Wirkung erzielen und sollen im Fahrzeug verbleiben.<br \/>\nDer erzielte Effekt wird besser, wenn h\u00e4ufig verwendete elektronische Ger\u00e4te (Mobiltelefone &#8211; Tablets &#8211; Computer &#8230;) mit <a href=\"https:\/\/aveni.shop\/de\/\"><b>AVENI<\/b><\/a> <b>Harmonisatoren<\/b> harmonisiert werden.<\/p>\n","protected":false},"excerpt":{"rendered":"<p>Verbessert das Wohlbefinden der Nutzer elektronischer Ger\u00e4te. Es ist sehr n\u00fctzlich, paarweise verlegt, um eine WiFi-Box, einen Computerbildschirm oder einen Fernsehbildschirm (kleiner als 55 Zoll) zu behandeln.<\/p>\n","protected":false},"featured_media":29900,"comment_status":"open","ping_status":"closed","template":"","meta":{"_et_pb_use_builder":"","_et_pb_old_content":"","_et_gb_content_width":""},"product_brand":[120],"product_cat":[52,47],"product_tag":[],"class_list":{"0":"post-29644","1":"product","2":"type-product","3":"status-publish","4":"has-post-thumbnail","6":"product_brand-aveni-harmonisatoren-anti-wellen-schutz","7":"product_cat-aveni-harmonisator-tablett","8":"product_cat-aveni-anti-wellen-schutz","10":"first","11":"instock","12":"featured","13":"downloadable","14":"taxable","15":"shipping-taxable","16":"purchasable","17":"product-type-simple"},"_links":{"self":[{"href":"https:\/\/aveni.shop\/de\/wp-json\/wp\/v2\/product\/29644","targetHints":{"allow":["GET"]}}],"collection":[{"href":"https:\/\/aveni.shop\/de\/wp-json\/wp\/v2\/product"}],"about":[{"href":"https:\/\/aveni.shop\/de\/wp-json\/wp\/v2\/types\/product"}],"replies":[{"embeddable":true,"href":"https:\/\/aveni.shop\/de\/wp-json\/wp\/v2\/comments?post=29644"}],"wp:featuredmedia":[{"embeddable":true,"href":"https:\/\/aveni.shop\/de\/wp-json\/wp\/v2\/media\/29900"}],"wp:attachment":[{"href":"https:\/\/aveni.shop\/de\/wp-json\/wp\/v2\/media?parent=29644"}],"wp:term":[{"taxonomy":"product_brand","embeddable":true,"href":"https:\/\/aveni.shop\/de\/wp-json\/wp\/v2\/product_brand?post=29644"},{"taxonomy":"product_cat","embeddable":true,"href":"https:\/\/aveni.shop\/de\/wp-json\/wp\/v2\/product_cat?post=29644"},{"taxonomy":"product_tag","embeddable":true,"href":"https:\/\/aveni.shop\/de\/wp-json\/wp\/v2\/product_tag?post=29644"}],"curies":[{"name":"wp","href":"https:\/\/api.w.org\/{rel}","templated":true}]}}