{"id":29645,"date":"2023-01-16T18:19:23","date_gmt":"2023-01-16T17:19:23","guid":{"rendered":"https:\/\/aveni.shop\/produit\/aveni-harmonizer-cpl-fassung-52-x-32-mm\/"},"modified":"2025-11-03T19:18:59","modified_gmt":"2025-11-03T18:18:59","slug":"aveni-avl-52-harmonizer-powerline-steckdose","status":"publish","type":"product","link":"https:\/\/aveni.shop\/de\/produkt\/aveni-avl-52-harmonizer-powerline-steckdose\/","title":{"rendered":"AVENI-AVL-52 * ANTI-WELLEN Harmonisator Powerline 52 x 32 mm"},"content":{"rendered":"<h2>1 &#8211; Verwendung:<\/h2>\n<p>Der <a href=\"https:\/\/aveni.shop\/de\/\"><b>AVENI<\/b><\/a> <b>Harmonisator <\/b><strong>AVL-52<\/strong> verbessert das Wohlbefinden von Benutzern elektronischer Ger\u00e4te wie Power Line Carrier (PLC)-Steckdosen.<br \/>\nEs ist auch sehr n\u00fctzlich, paarweise platziert, um ein Tablet, einen kleinen Computerturmbildschirm usw. zu behandeln.<br \/>\nDieses <strong>ANTI WELLEN<\/strong> <a href=\"https:\/\/aveni.shop\/de\/\"><b>AVENI<\/b><\/a> <b>Harmonisator<\/b> ist sehr wirksam gegen Elektrosmog.<\/p>\n<h2>2 &#8211; Pr\u00e4sentation:<\/h2>\n<p>Das <a href=\"https:\/\/aveni.shop\/de\/\"><b>AVENI<\/b><\/a> <b>Harmonisator <\/b><strong>AVL-52<\/strong> wird in seiner Kartontasche geliefert.<br \/>\nInhalt: 1 x <strong>AVL-52<\/strong><\/p>\n<h2>3 &#8211; Technische Eigenschaften:<\/h2>\n<p>Abmessungen: 52 mm x 32 mm<br \/>\nMaterialien: durchscheinendes Doming-Harz auf selbstklebendem bedrucktem Tr\u00e4ger<br \/>\nAussehen: <strong>transparent<\/strong>.<\/p>\n<h2>4 &#8211; Nutzungskontext:<\/h2>\n<p>Die Erm\u00fcdung bei der Computernutzung ist nicht nur auf die geleistete Arbeit zur\u00fcckzuf\u00fchren.<br \/>\nDas Ger\u00e4t selbst kann den Benutzer aufgrund der Verbindungen (Wi-Fi &#8211; Bluetooth &#8230;) schw\u00e4chen.<br \/>\n<a href=\"https:\/\/aveni.shop\/de\/\"><b>AVENI<\/b><\/a> <b>Harmonisator<\/b> erm\u00f6glichen eine Verbesserung der Situation, wenn die Wahlm\u00f6glichkeit, Verbindungen per Kabel wieder herzustellen (was empfohlen wird), nicht m\u00f6glich war oder nicht beibehalten wurde.<br \/>\nDar\u00fcber hinaus kann der Betrieb anderer elektronischer Komponenten die Person sogar offline beeintr\u00e4chtigen.<br \/>\nDie Verbreitung neuer technischer Ger\u00e4te und deren zahlreiche \u00dcbertragungsfrequenzen wirken sich zunehmend auf die Gelassenheit, Aufmerksamkeit und Vitalit\u00e4t der Benutzer aus.<br \/>\nEs ist notwendig, die Kompatibilit\u00e4t dieser <a href=\"https:\/\/aveni.shop\/de\/\"><b>AVENI<\/b><\/a> <b>Harmonisator<\/b> mit dem Lebenden zu verbessern.<\/p>\n<h2>5 &#8211; Funktionsprinzip:<\/h2>\n<p>Vom Menschen verursachte elektromagnetische Wellen, unabh\u00e4ngig von ihrer Herkunft, k\u00f6nnen ein Signal \u00fcbertragen, das Menschen, Tiere und Pflanzen st\u00f6rt.<br \/>\nEs geht darum, die oft sch\u00e4dlichen k\u00fcnstlichen Welleninformationen unserer Umwelt in g\u00fcnstige Signale f\u00fcr die Lebenden umzuwandeln.<br \/>\nEs sind die in das Harz der Ger\u00e4te eingebetteten Informationsabdr\u00fccke von Pflanzen und nat\u00fcrlichen Mineralien, die diese Umkehrung des Effekts erm\u00f6glichen.<br \/>\n<a href=\"https:\/\/aveni.shop\/de\/\"><b>AVENI<\/b><\/a> <b>Harmonisatoren<\/b> bieten einen naturnahen Aufbewahrungsort, der den Organismen f\u00fcr ihr Funktionieren sehr n\u00fctzlich ist.<\/p>\n<h2>6 &#8211; Erwartete Auswirkungen:<\/h2>\n<p>Weniger Erm\u00fcdung, mehr Komfort und Wohlbefinden f\u00fcr die Benutzer.<br \/>\nDie empfindlichsten Personen k\u00f6nnen eine sofortige Linderung erfahren.<br \/>\nDie meisten Menschen ben\u00f6tigen normalerweise ein paar zus\u00e4tzliche Tage bis Wochen, um ihre Wirksamkeit zu sehen.<\/p>\n<h2>7 &#8211; Empfohlener Standort und Anweisungen f\u00fcr die Installation:<\/h2>\n<p>Es wird vorzugsweise auf der horizontalen Fl\u00e4che oben auf dem SPS-Sockel platziert, aber in der Praxis auf der Seite, wo Platz ist, ohne die L\u00fcftungs\u00f6ffnungen zu blockieren.<br \/>\nBei einem Tablet werden die 2 <a href=\"https:\/\/aveni.shop\/de\/\"><b>AVENI<\/b><\/a> <b>Harmonisatoren<\/b> auf die R\u00fcckseite geklebt.<br \/>\nSie k\u00f6nnen zwischen dem Tablet und seiner H\u00fclle stattfinden.<br \/>\nKleben Sie das <a href=\"https:\/\/aveni.shop\/de\/\"><b>AVENI<\/b><\/a> <b>Harmonisator<\/b> nach gr\u00fcndlicher Reinigung der Oberfl\u00e4che auf eine trockene Oberfl\u00e4che.<\/p>\n<p><img loading=\"lazy\" decoding=\"async\" class=\"alignnone size-medium wp-image-29978\" src=\"https:\/\/aveni.shop\/wp-content\/uploads\/2023\/02\/AVL-52-setup1-aveni-300x300.png\" alt=\"\" width=\"300\" height=\"300\" title=\"\" srcset=\"https:\/\/aveni.shop\/wp-content\/uploads\/2023\/02\/AVL-52-setup1-aveni-300x300.png 300w, https:\/\/aveni.shop\/wp-content\/uploads\/2023\/02\/AVL-52-setup1-aveni-100x100.png 100w, https:\/\/aveni.shop\/wp-content\/uploads\/2023\/02\/AVL-52-setup1-aveni.png 400w\" sizes=\"(max-width: 300px) 100vw, 300px\" \/><\/p>\n<h2>8 &#8211; Wartungstipps:<\/h2>\n<p>Bei angesammeltem Staub oder Flecken k\u00f6nnen die Ger\u00e4te mit einem leicht feuchten Mikrofasertuch gereinigt werden.<br \/>\nVerwenden Sie keine L\u00f6sungsmittel oder andere Chemikalien, die damit in Kontakt kommen.<br \/>\nNicht Temperaturen \u00fcber 60\u00b0C aussetzen.<br \/>\nDie <a href=\"https:\/\/aveni.shop\/de\/\"><b>AVENI<\/b><\/a> <b>Harmonisator<\/b><strong>en<\/strong> sind vor Witterungseinfl\u00fcssen gesch\u00fctzt aufzustellen.<\/p>\n<h2>9 &#8211; Gew\u00e4hrleistung:<\/h2>\n<p><a href=\"https:\/\/aveni.shop\/de\/\"><b>AVENI<\/b><\/a> <b>Harmonisatoren<\/b> haben eine Garantie von 2 Jahren (ohne Klebstoff) auf alle herstellungsbedingten Probleme.<\/p>\n<h2>10 &#8211; Andere verf\u00fcgbare Ger\u00e4te:<\/h2>\n<p><a href=\"https:\/\/aveni.shop\/de\/\"><b>AVENI<\/b><\/a> <b>Harmonisatoren<\/b> f\u00fcr Fahrzeuge (<strong>AV-CAR<\/strong> &#8211; <strong>AV-CARE<\/strong> und <strong>AV-CAM<\/strong>) k\u00f6nnen eine \u00e4hnliche Wirkung erzielen und sollen im Fahrzeug verbleiben.<br \/>\nDer erzielte Effekt wird besser, wenn h\u00e4ufig verwendete elektronische Ger\u00e4te (Mobiltelefone &#8211; Tablets &#8211; Computer &#8230;) mit <a href=\"https:\/\/aveni.shop\/de\/\"><b>AVENI<\/b><\/a> <b>Harmonisatoren<\/b>\u00a0harmonisiert werden.<\/p>\n","protected":false},"excerpt":{"rendered":"<p>Verbessert das Wohlbefinden der Nutzer von elektronischen Ger\u00e4ten wie CPL (Power Line Communication) Steckdosen. Es ist auch sehr n\u00fctzlich, paarweise platziert, um ein Tablet, einen kleinen Computerturmbildschirm usw. zu behandeln.<\/p>\n","protected":false},"featured_media":29897,"comment_status":"open","ping_status":"closed","template":"","meta":{"_et_pb_use_builder":"","_et_pb_old_content":"","_et_gb_content_width":""},"product_brand":[120],"product_cat":[51,47],"product_tag":[],"class_list":{"0":"post-29645","1":"product","2":"type-product","3":"status-publish","4":"has-post-thumbnail","6":"product_brand-aveni-harmonisatoren-anti-wellen-schutz","7":"product_cat-aveni-harmonisator-haus","8":"product_cat-aveni-anti-wellen-schutz","10":"first","11":"instock","12":"featured","13":"downloadable","14":"taxable","15":"shipping-taxable","16":"purchasable","17":"product-type-simple"},"_links":{"self":[{"href":"https:\/\/aveni.shop\/de\/wp-json\/wp\/v2\/product\/29645","targetHints":{"allow":["GET"]}}],"collection":[{"href":"https:\/\/aveni.shop\/de\/wp-json\/wp\/v2\/product"}],"about":[{"href":"https:\/\/aveni.shop\/de\/wp-json\/wp\/v2\/types\/product"}],"replies":[{"embeddable":true,"href":"https:\/\/aveni.shop\/de\/wp-json\/wp\/v2\/comments?post=29645"}],"wp:featuredmedia":[{"embeddable":true,"href":"https:\/\/aveni.shop\/de\/wp-json\/wp\/v2\/media\/29897"}],"wp:attachment":[{"href":"https:\/\/aveni.shop\/de\/wp-json\/wp\/v2\/media?parent=29645"}],"wp:term":[{"taxonomy":"product_brand","embeddable":true,"href":"https:\/\/aveni.shop\/de\/wp-json\/wp\/v2\/product_brand?post=29645"},{"taxonomy":"product_cat","embeddable":true,"href":"https:\/\/aveni.shop\/de\/wp-json\/wp\/v2\/product_cat?post=29645"},{"taxonomy":"product_tag","embeddable":true,"href":"https:\/\/aveni.shop\/de\/wp-json\/wp\/v2\/product_tag?post=29645"}],"curies":[{"name":"wp","href":"https:\/\/api.w.org\/{rel}","templated":true}]}}