{"id":29650,"date":"2023-01-16T17:53:23","date_gmt":"2023-01-16T16:53:23","guid":{"rendered":"https:\/\/aveni.shop\/produit\/aveni-erganzungsharmonisierer-fur-landwirtschaftliche-standorte\/"},"modified":"2025-11-03T19:20:11","modified_gmt":"2025-11-03T18:20:11","slug":"aveni-avb-a-harmonizer-industrie-landwirtschaftliche-standorte","status":"publish","type":"product","link":"https:\/\/aveni.shop\/de\/produkt\/aveni-avb-a-harmonizer-industrie-landwirtschaftliche-standorte\/","title":{"rendered":"AVENI-AVB-A * ANTI-WELLEN Harmonisator Industrie H 70 mm \u00f8 150 mm"},"content":{"rendered":"<h2>1 &#8211; Verwendung:<\/h2>\n<p>Das <a href=\"https:\/\/aveni.shop\/de\/\"><b>AVENI<\/b><\/a> <b>Harmonisator <\/b><strong>AVB-A<\/strong> ist ein <a href=\"https:\/\/aveni.shop\/de\/\"><b>AVENI<\/b><\/a> <b>Harmonisator<\/b>, das systematisch auf einem industriellen oder landwirtschaftlichen Standort installiert wird.<br \/>\nEs entsteht, nachdem die Ankunft von Strom, die vorrangige Erdung, die Ankunft von Wasser, die m\u00f6glichen Wechselrichter und andere spezifische Ausr\u00fcstungen dank geeigneter <a href=\"https:\/\/aveni.shop\/de\/\"><b>AVENI<\/b><\/a> <b>Harmonisatoren<\/b> behandelt wurden.<br \/>\nHinweis: Dieses <a href=\"https:\/\/aveni.shop\/de\/\"><b>AVENI<\/b><\/a> <b>Harmonisator<\/b> muss von einer autorisierten Person installiert werden, die die Gesamtwirkung der Harmonisierer am Standort erkennen kann.<br \/>\nDieses <strong>ANTI WELLEN<\/strong> <a href=\"https:\/\/aveni.shop\/de\/\"><b>AVENI<\/b><\/a> <b>Harmonisator<\/b> ist sehr wirksam gegen Elektrosmog.<\/p>\n<h2>2 &#8211; Pr\u00e4sentation:<\/h2>\n<p>Das <a href=\"https:\/\/aveni.shop\/de\/\"><b>AVENI<\/b><\/a> <b>Harmonisator AVB-A<\/b>\u00a0besteht aus vier Tori um zwei Halb-Tori in einem transparenten Glaskasten. Die Box muss in jedem Fall geschlossen bleiben.<br \/>\nInhalt: 1 x <strong>AVB-A<\/strong><\/p>\n<h2>3 &#8211; Technische Eigenschaften:<\/h2>\n<p>Abmessungen: H 70 mm, \u00d8 150 mm<br \/>\nMaterialien: Harz &#8211; Kunststoff und Glas<br \/>\nAussehen: <strong>blau &#8211; grau &#8211; Elfenbein und transparent<\/strong><\/p>\n<h2>4 &#8211; Nutzungskontext:<\/h2>\n<p>Die vielen Ger\u00e4te, die den Fortschritt der Kommunikation begleiten, neue Energiequellen und Aufgabenerleichterungen in verschiedenen Bereichen der Produktion, gehen oft mit einem Ungleichgewicht in der Umwelt einher.<br \/>\nVerst\u00e4rkt werden die Effekte durch die Vielzahl der abgestrahlten Frequenzen sowie eine ung\u00fcnstige Konfiguration des geologischen Untergrunds (Diskontinuit\u00e4ten).<br \/>\nIn der Landwirtschaft sind ertragsorientierte Organismen anf\u00e4lliger f\u00fcr St\u00f6rungen und haben eine geringere Anpassungsf\u00e4higkeit an schwierige Situationen.<br \/>\nUmso mehr gilt es, die Vereinbarkeit von Orten und Ausstattung mit dem Wohnen zu verbessern.<\/p>\n<h2>5 &#8211; Funktionsprinzip:<\/h2>\n<p>Vom Menschen verursachte elektromagnetische Wellen, unabh\u00e4ngig von ihrer Herkunft, k\u00f6nnen ein Signal \u00fcbertragen, das Menschen, Tiere und Pflanzen st\u00f6rt.<br \/>\nEs geht darum, die oft sch\u00e4dlichen k\u00fcnstlichen Welleninformationen unserer Umwelt in g\u00fcnstige Signale f\u00fcr die Lebenden umzuwandeln.<br \/>\nEs sind die in das Harz der Ger\u00e4te eingebetteten Informationsabdr\u00fccke von Pflanzen und nat\u00fcrlichen Mineralien, die diese Umkehrung des Effekts erm\u00f6glichen.<br \/>\nSie bieten einen naturnahen Aufbewahrungsort, der den Organismen f\u00fcr ihr Funktionieren sehr n\u00fctzlich ist.<br \/>\nDiese <a href=\"https:\/\/aveni.shop\/de\/\"><b>AVENI<\/b><\/a> <b>Harmonisatoren<\/b> erm\u00f6glichen den Umgang mit St\u00f6rungen, die von au\u00dferhalb der Dom\u00e4ne stammen oder von Ger\u00e4ten erzeugt werden, die in den Geb\u00e4uden selbst installiert sind.<br \/>\nSie d\u00e4mpfen die Auswirkungen von St\u00f6rungen, die durch die geologische Beschaffenheit des Untergrunds (Verwerfungen, Hohlr\u00e4ume, B\u00f6schungen, Tellurnetzwerke, Vorhandensein von Wasser usw.) induziert oder verst\u00e4rkt werden.<\/p>\n<h2>6 &#8211; Erwartete Auswirkungen:<\/h2>\n<p>Weniger Erm\u00fcdung, mehr Komfort und Wohlbefinden f\u00fcr die meisten Bewohner dieser zuvor gest\u00f6rten Orte.<br \/>\nEmpfindliche Personen k\u00f6nnen eine sofortige Linderung erfahren.<br \/>\nDie meisten Menschen ben\u00f6tigen in der Regel ein paar zus\u00e4tzliche Tage bis Wochen, um die Wirksamkeit zu sp\u00fcren.<br \/>\nIn einigen seltenen Einzelf\u00e4llen konnten auch andere Verbesserungen der Situation auf der Ebene der W\u00e4nde (bei kapillarer Feuchtigkeit) oder beim Betrieb elektronischer Ger\u00e4te (bei zeitweiligen Ausf\u00e4llen) beobachtet werden.<\/p>\n<h2>7 &#8211; Empfohlener Standort und Anweisungen f\u00fcr die Installation:<\/h2>\n<p>W\u00e4hlen Sie einen Ort innerhalb eines Geb\u00e4udes, an dem das Ger\u00e4t wahrscheinlich nicht st\u00f6rt oder bewegt wird. Es kann sich ebenerdig, \u00fcber Balken oder sogar in einem (auch geschlossenen) Schrank befinden.<br \/>\nLegen Sie es einfach mit der undurchsichtigen Harzbasis nach unten und den sichtbaren Tori nach oben auf eine horizontale Oberfl\u00e4che.<br \/>\nDer gew\u00e4hlte Punkt kann beliebig sein.<br \/>\nEs ist jedoch notwendig, das Ger\u00e4t auszurichten, um die Resonanz mit seinem Herstellungsnorden zu finden.<br \/>\nDas hei\u00dft, der kleine Pfeil im Relief muss in Richtung des magnetischen Nordens zeigen.<br \/>\nEin besonders empfindlicher Mensch kann diese Einstellung verfeinern, indem er manchmal eine leicht versetzte Ausrichtung bevorzugt.<\/p>\n<p><img loading=\"lazy\" decoding=\"async\" class=\"alignnone size-medium wp-image-29988\" src=\"https:\/\/aveni.shop\/wp-content\/uploads\/2023\/01\/AVB-A-setup1-aveni-300x300.png\" alt=\"\" width=\"300\" height=\"300\" title=\"\" srcset=\"https:\/\/aveni.shop\/wp-content\/uploads\/2023\/01\/AVB-A-setup1-aveni-300x300.png 300w, https:\/\/aveni.shop\/wp-content\/uploads\/2023\/01\/AVB-A-setup1-aveni-100x100.png 100w, https:\/\/aveni.shop\/wp-content\/uploads\/2023\/01\/AVB-A-setup1-aveni.png 400w\" sizes=\"(max-width: 300px) 100vw, 300px\" \/><\/p>\n<h2>8 &#8211; Wartungshinweise:<\/h2>\n<p>Bei angesammeltem Staub oder Flecken k\u00f6nnen die Ger\u00e4te mit einem leicht feuchten Mikrofasertuch gereinigt werden.<br \/>\nVerwenden Sie keine L\u00f6sungsmittel oder andere Chemikalien, die damit in Kontakt kommen.<br \/>\nNicht Temperaturen \u00fcber 60\u00b0C aussetzen.<br \/>\nDie <a href=\"https:\/\/aveni.shop\/de\/\"><b>AVENI<\/b><\/a> <b>Harmonisatoren<\/b> sind vor Witterungseinfl\u00fcssen gesch\u00fctzt aufzustellen.<\/p>\n<h2>9 &#8211; Gew\u00e4hrleistung:<\/h2>\n<p><a href=\"https:\/\/aveni.shop\/de\/\"><b>AVENI<\/b><\/a> <b>Harmonisatoren<\/b> haben eine Garantie von 2 Jahren (ohne Klebstoff) auf alle herstellungsbedingten Probleme.<\/p>\n<h2>10 &#8211; Andere verf\u00fcgbare Ger\u00e4te:<\/h2>\n<p><a href=\"https:\/\/aveni.shop\/de\/\"><b>AVENI<\/b><\/a> <b>Harmonisatoren<\/b> f\u00fcr Fahrzeuge (<strong>AV-CAR<\/strong> &#8211; <strong>AV-CARE<\/strong> und <strong>AV-CAM<\/strong>) k\u00f6nnen eine \u00e4hnliche Wirkung erzielen und sollen im Fahrzeug verbleiben.<br \/>\nDer erzielte Effekt wird besser, wenn h\u00e4ufig verwendete elektronische Ger\u00e4te (Mobiltelefone &#8211; Tablets &#8211; Computer &#8230;) mit <a href=\"https:\/\/aveni.shop\/de\/\"><b>AVENI<\/b><\/a> <b>Harmonisatoren<\/b> harmonisiert werden.<\/p>\n<h2>11 &#8211; Entwicklung im Laufe der Zeit:<\/h2>\n<p>Die Harmonisierung erfolgt f\u00fcr die am Tag des Eingriffs vorgefundenen Bedingungen.<br \/>\nEine \u00c4nderung in der Umgebung (Wechsel eines Trafos, einer Bohrpumpe &#8211; Hinzuf\u00fcgen einer Frequenz an einer Antenne, Solarpanels auf dem Dach des Nachbarn etc.) kann zu einer \u00dcberpr\u00fcfung der Harmonisierung f\u00fchren.<br \/>\nEine regelm\u00e4\u00dfige \u00dcberwachung wird empfohlen.<\/p>\n","protected":false},"excerpt":{"rendered":"<p>Schlie\u00dft die Harmonisierung eines landwirtschaftlichen Standorts ab.<\/p>\n","protected":false},"featured_media":29960,"comment_status":"open","ping_status":"closed","template":"","meta":{"_et_pb_use_builder":"","_et_pb_old_content":"","_et_gb_content_width":""},"product_brand":[120],"product_cat":[54,47,53],"product_tag":[],"class_list":{"0":"post-29650","1":"product","2":"type-product","3":"status-publish","4":"has-post-thumbnail","6":"product_brand-aveni-harmonisatoren-anti-wellen-schutz","7":"product_cat-aveni-harmonisator-landwirtschaft","8":"product_cat-aveni-anti-wellen-schutz","9":"product_cat-aveni-harmonisator-industrie","11":"first","12":"instock","13":"featured","14":"downloadable","15":"taxable","16":"shipping-taxable","17":"purchasable","18":"product-type-simple"},"_links":{"self":[{"href":"https:\/\/aveni.shop\/de\/wp-json\/wp\/v2\/product\/29650","targetHints":{"allow":["GET"]}}],"collection":[{"href":"https:\/\/aveni.shop\/de\/wp-json\/wp\/v2\/product"}],"about":[{"href":"https:\/\/aveni.shop\/de\/wp-json\/wp\/v2\/types\/product"}],"replies":[{"embeddable":true,"href":"https:\/\/aveni.shop\/de\/wp-json\/wp\/v2\/comments?post=29650"}],"wp:featuredmedia":[{"embeddable":true,"href":"https:\/\/aveni.shop\/de\/wp-json\/wp\/v2\/media\/29960"}],"wp:attachment":[{"href":"https:\/\/aveni.shop\/de\/wp-json\/wp\/v2\/media?parent=29650"}],"wp:term":[{"taxonomy":"product_brand","embeddable":true,"href":"https:\/\/aveni.shop\/de\/wp-json\/wp\/v2\/product_brand?post=29650"},{"taxonomy":"product_cat","embeddable":true,"href":"https:\/\/aveni.shop\/de\/wp-json\/wp\/v2\/product_cat?post=29650"},{"taxonomy":"product_tag","embeddable":true,"href":"https:\/\/aveni.shop\/de\/wp-json\/wp\/v2\/product_tag?post=29650"}],"curies":[{"name":"wp","href":"https:\/\/api.w.org\/{rel}","templated":true}]}}