{"id":29654,"date":"2023-01-16T17:33:22","date_gmt":"2023-01-16T16:33:22","guid":{"rendered":"https:\/\/aveni.shop\/produit\/aveni-harmonizer-fur-hybrid-oder-elektroautos\/"},"modified":"2025-11-03T19:21:29","modified_gmt":"2025-11-03T18:21:29","slug":"aveni-av-care-harmonizer-fuer-hybrid-oder-elektroauto","status":"publish","type":"product","link":"https:\/\/aveni.shop\/de\/produkt\/aveni-av-care-harmonizer-fuer-hybrid-oder-elektroauto\/","title":{"rendered":"AVENI-AV-CARE * ANTI-WELLEN Harmonisator PKW H 25 mm \u00f8 60 mm"},"content":{"rendered":"<h2>1 &#8211; Verwendung:<\/h2>\n<p>Das <a href=\"https:\/\/aveni.shop\/de\/\"><b>AVENI<\/b><\/a> <b>Harmonisator <\/b><strong>AV-CARE<\/strong> erm\u00f6glicht die Harmonisierung eines Elektro- oder Hybridautos.<br \/>\nDieses <strong>ANTI WELLEN<\/strong> <a href=\"https:\/\/aveni.shop\/de\/\"><b>AVENI<\/b><\/a> <b>Harmonisator <\/b>ist sehr wirksam gegen Elektrosmog.<\/p>\n<h2>2 &#8211; Pr\u00e4sentation:<\/h2>\n<p>Der <a href=\"https:\/\/aveni.shop\/de\/\"><b>AVENI<\/b><\/a> <b>Harmonisator <\/b><strong>AV-CARE<\/strong> hat die Form von 2 Zylindern, deren zusammengesetzte Teile verklebt sind.<br \/>\nInhalt: 2 x <strong>AV-CARE Zylinder<\/strong><\/p>\n<h2>3 &#8211; Technische Eigenschaften:<\/h2>\n<p>Abmessungen: H 25 mm, \u00d8 60 mm<br \/>\nMaterialien: Harz<br \/>\nAussehen: <strong>Grau und Elfenbein<\/strong><\/p>\n<h2>4 &#8211; Nutzungskontext:<\/h2>\n<p>Autos und Lastwagen werden immer raffinierter, elektronische Ger\u00e4te werden immer zahlreicher.<br \/>\nLeistung, Sicherheit und Komfort gewinnen.<br \/>\nDiese <a href=\"https:\/\/aveni.shop\/de\/\"><b>AVENI<\/b><\/a> <b>Harmonisatoren<\/b> wirken sich jedoch meistens unbemerkt auf den Fahrer und die Passagiere aus.<\/p>\n<h2>5 &#8211; Funktionsprinzip:<\/h2>\n<p>Vom Menschen verursachte elektromagnetische Wellen, unabh\u00e4ngig von ihrer Herkunft, k\u00f6nnen ein Signal \u00fcbertragen, das Menschen, Tiere und Pflanzen st\u00f6rt.<br \/>\nEs geht darum, die oft sch\u00e4dlichen k\u00fcnstlichen Welleninformationen unserer Umwelt in g\u00fcnstige Signale f\u00fcr die Lebenden umzuwandeln.<br \/>\nEs sind die in das Harz der Ger\u00e4te eingebetteten Informationsabdr\u00fccke von Pflanzen und nat\u00fcrlichen Mineralien, die diese Umkehrung des Effekts erm\u00f6glichen.<br \/>\n<a href=\"https:\/\/aveni.shop\/de\/\"><b>AVENI<\/b><\/a> <b>Harmonisatoren<\/b> bieten einen naturnahen Aufbewahrungsort, der den Organismen f\u00fcr ihr Funktionieren sehr n\u00fctzlich ist.<\/p>\n<h2>6 &#8211; Erwartete Auswirkungen:<\/h2>\n<p>Das Fahren wird dann weniger erm\u00fcdend als wenn die Insassen einer st\u00f6renden Strahlung des Fahrzeugs ausgesetzt sind. Es ist einfacher, wachsam zu bleiben.<\/p>\n<h2>7 &#8211; Empfohlener Standort und Anweisungen f\u00fcr die Installation:<\/h2>\n<p>Legen Sie den <a href=\"https:\/\/aveni.shop\/de\/\"><b>AVENI<\/b><\/a> <b>Harmonisator <\/b><strong>elfenbeinfarbenen Stern<\/strong> vorne zwischen die beiden Sitze.<br \/>\nZum Beispiel an der Stelle der Kaffeetasse, falls sie dort vorhanden ist.<br \/>\nPlatzieren Sie den <a href=\"https:\/\/aveni.shop\/de\/\"><b>AVENI<\/b><\/a> <b>Harmonisator <\/b><strong>grauen Stern<\/strong> hinten am Fahrzeugheck auf dem Batterietr\u00e4ger.<br \/>\nPlatzieren Sie so wenig Gegenst\u00e4nde wie m\u00f6glich \u00fcber dem <a href=\"https:\/\/aveni.shop\/de\/\"><b>AVENI<\/b><\/a> <b>Harmonisator<\/b>.<\/p>\n<h2>8 &#8211; Wartungshinweise:<\/h2>\n<p>Bei angesammeltem Staub oder Flecken k\u00f6nnen die Ger\u00e4te mit einem leicht feuchten Mikrofasertuch gereinigt werden.<br \/>\nVerwenden Sie keine L\u00f6sungsmittel oder andere Chemikalien, die damit in Kontakt kommen.<br \/>\nNicht Temperaturen \u00fcber 60\u00b0C aussetzen.<br \/>\nDie <a href=\"https:\/\/aveni.shop\/de\/\"><b>AVENI<\/b><\/a> <b>Harmonisatoren<\/b> sind vor Witterungseinfl\u00fcssen gesch\u00fctzt aufzustellen.<\/p>\n<h2>9 &#8211; Gew\u00e4hrleistung:<\/h2>\n<p><a href=\"https:\/\/aveni.shop\/de\/\"><b>AVENI<\/b><\/a> <b>Harmonisatoren<\/b> haben eine Garantie von 2 Jahren (ohne Klebstoff) auf alle herstellungsbedingten Probleme.<\/p>\n<h2>10 &#8211; Andere verf\u00fcgbare Ger\u00e4te:<\/h2>\n<p>Um ein Diesel- oder Benzinauto zu harmonisieren, ist es das <a href=\"https:\/\/aveni.shop\/de\/\"><b>AVENI<\/b><\/a> <b>Harmonisator <\/b><strong>AV-CAR<\/strong>.<br \/>\nUm einen LKW zu harmonisieren, wird <a href=\"https:\/\/aveni.shop\/de\/\"><b>AVENI<\/b><\/a> <b>Harmonisator <\/b><strong>AV-CAM<\/strong> verwendet.<\/p>\n","protected":false},"excerpt":{"rendered":"<p>Erm\u00f6glicht die Harmonisierung eines Elektro- oder Hybridautos.<\/p>\n","protected":false},"featured_media":29888,"comment_status":"open","ping_status":"closed","template":"","meta":{"_et_pb_use_builder":"","_et_pb_old_content":"","_et_gb_content_width":""},"product_brand":[120],"product_cat":[56,47,84,73],"product_tag":[],"class_list":{"0":"post-29654","1":"product","2":"type-product","3":"status-publish","4":"has-post-thumbnail","6":"product_brand-aveni-harmonisatoren-anti-wellen-schutz","7":"product_cat-aveni-harmonisator-fahrzeug","8":"product_cat-aveni-anti-wellen-schutz","9":"product_cat-aveni-anti-wellen-schutz-best-seller","10":"product_cat-aveni-anti-wellen-schutz-neuheiten","12":"first","13":"instock","14":"featured","15":"downloadable","16":"taxable","17":"shipping-taxable","18":"purchasable","19":"product-type-simple"},"_links":{"self":[{"href":"https:\/\/aveni.shop\/de\/wp-json\/wp\/v2\/product\/29654","targetHints":{"allow":["GET"]}}],"collection":[{"href":"https:\/\/aveni.shop\/de\/wp-json\/wp\/v2\/product"}],"about":[{"href":"https:\/\/aveni.shop\/de\/wp-json\/wp\/v2\/types\/product"}],"replies":[{"embeddable":true,"href":"https:\/\/aveni.shop\/de\/wp-json\/wp\/v2\/comments?post=29654"}],"wp:featuredmedia":[{"embeddable":true,"href":"https:\/\/aveni.shop\/de\/wp-json\/wp\/v2\/media\/29888"}],"wp:attachment":[{"href":"https:\/\/aveni.shop\/de\/wp-json\/wp\/v2\/media?parent=29654"}],"wp:term":[{"taxonomy":"product_brand","embeddable":true,"href":"https:\/\/aveni.shop\/de\/wp-json\/wp\/v2\/product_brand?post=29654"},{"taxonomy":"product_cat","embeddable":true,"href":"https:\/\/aveni.shop\/de\/wp-json\/wp\/v2\/product_cat?post=29654"},{"taxonomy":"product_tag","embeddable":true,"href":"https:\/\/aveni.shop\/de\/wp-json\/wp\/v2\/product_tag?post=29654"}],"curies":[{"name":"wp","href":"https:\/\/api.w.org\/{rel}","templated":true}]}}