{"id":30401,"date":"2023-02-11T10:31:13","date_gmt":"2023-02-11T09:31:13","guid":{"rendered":"https:\/\/aveni.shop\/?post_type=product&#038;p=30401"},"modified":"2025-11-03T18:42:37","modified_gmt":"2025-11-03T17:42:37","slug":"aveni-ova-iv-halbkugel-harmonizer-aus-elfenbein","status":"publish","type":"product","link":"https:\/\/aveni.shop\/de\/produkt\/aveni-ova-iv-halbkugel-harmonizer-aus-elfenbein\/","title":{"rendered":"AVENI-OVA.IV * ANTI-WELLEN Harmonisator elfenbein H 20 mm \u00f8 40 mm"},"content":{"rendered":"<h2>1 &#8211; Verwendung:<\/h2>\n<p>Dieses <strong><a href=\"https:\/\/aveni.shop\/de\/\">AVENI<\/a><\/strong> <strong>Harmonisator <\/strong><strong>Elfenbein Halb-Kugel <\/strong>ist ein pers\u00f6nliches <strong><a href=\"https:\/\/aveni.shop\/de\/\">AVENI<\/a><\/strong> <strong>Harmonisator<\/strong>, mit dem Sie Ihre Umgebung auf Reisen (Schule &#8211; Klassenzimmer &#8211; Besprechungsraum &#8211; Theater &#8211; Restaurant &#8211; Hotel &#8211; Zug &#8211; Flugzeug usw.) besser unterst\u00fctzen k\u00f6nnen.<br \/>\nDieses <strong>ANTI WELLEN<\/strong> <strong><a href=\"https:\/\/aveni.shop\/de\/\">AVENI<\/a><\/strong> <strong>Harmonisator<\/strong>ist sehr wirksam gegen Elektrosmog.<\/p>\n<h2>2 &#8211; Pr\u00e4sentation:<\/h2>\n<p>Das <strong><a href=\"https:\/\/aveni.shop\/de\/\">AVENI<\/a><\/strong> <strong>Harmonisator <\/strong><strong>OVA.IV<\/strong> kommt in Form einer Halbkugel daher, die Sie bei sich tragen.<br \/>\nInhalt: 1 x <strong>OVA.IV<\/strong><\/p>\n<h2>3 &#8211; Technische Eigenschaften:<\/h2>\n<p>Abmessungen: H 20 mm &#8211; \u00f8 40 mm<br \/>\nMaterialien: Harz<br \/>\nAussehen: <strong>Elfenbein<\/strong><\/p>\n<h2>4 &#8211; Nutzungskontext:<\/h2>\n<p>Um unser t\u00e4gliches Leben zu erleichtern und zu sichern, bietet der Fortschritt immer mehr Kommunikationstechnologien und entwickelt Anwendungen, die f\u00fcr uns fast unverzichtbar werden.<br \/>\nDadurch ist unsere Umwelt mit mehreren Frequenzen aufgeladen, die unseren Organismus erreichen k\u00f6nnen (je nach Individuum mehr oder weniger).<br \/>\nUnter diesen Bedingungen besteht unser Komfort auch darin, f\u00fcr die Erhaltung unseres Wohlbefindens zu sorgen.<br \/>\nMan kann sich nicht immer auf den Grund einer H\u00f6hle, auf die Gipfel, in den Wald oder auf die Wellen fl\u00fcchten.<br \/>\nEs m\u00fcssen also andere Strategien gefunden werden.<br \/>\nDenn neben den Imperativen, seine Ausbildung oder seinen Lebensunterhalt zu sichern, kann das gesellschaftliche Leben noch sehr gute Seiten haben.<\/p>\n<h2>5 &#8211; Funktionsprinzip:<\/h2>\n<p>Vom Menschen verursachte elektromagnetische Wellen, unabh\u00e4ngig von ihrer Herkunft, k\u00f6nnen ein Signal \u00fcbertragen, das Menschen, Tiere und Pflanzen st\u00f6rt.<br \/>\nEs geht darum, die oft sch\u00e4dlichen k\u00fcnstlichen Welleninformationen unserer Umwelt in g\u00fcnstige Signale f\u00fcr die Lebenden umzuwandeln.<br \/>\nEs sind die in das Harz der Ger\u00e4te eingebetteten Informationsabdr\u00fccke von Pflanzen und nat\u00fcrlichen Mineralien, die diese Umkehrung des Effekts erm\u00f6glichen.<br \/>\n<strong><a href=\"https:\/\/aveni.shop\/de\/\">AVENI<\/a><\/strong> <strong>Harmonisatoren<\/strong> bieten einen naturnahen Aufbewahrungsort, der den Organismen f\u00fcr ihr Funktionieren sehr n\u00fctzlich ist.<\/p>\n<h2>6 &#8211; Erwartete Auswirkungen:<\/h2>\n<p>Weniger Erm\u00fcdung, mehr Komfort und Wohlbefinden f\u00fcr die meisten Benutzer.<br \/>\nEmpfindliche Personen k\u00f6nnen eine sofortige Linderung erfahren.<br \/>\nDie meisten Menschen ben\u00f6tigen normalerweise ein paar zus\u00e4tzliche Tage bis Wochen, um ihre Wirksamkeit zu sehen.<\/p>\n<h2>7 &#8211; Empfohlener Standort und Anweisungen f\u00fcr die Installation:<\/h2>\n<p>Dieses <strong><a href=\"https:\/\/aveni.shop\/de\/\">AVENI<\/a><\/strong> <strong>Harmonisator<\/strong> kann am K\u00f6rper getragen oder unter einem Sitz platziert werden.<br \/>\nWenn es selbst getragen wird, wird empfohlen, es nicht direkt auf der Haut zu tragen, um sein Aussehen zu bewahren.<\/p>\n<h2>8 &#8211; Wartungshinweise:<\/h2>\n<p>Bei angesammeltem Staub oder Flecken k\u00f6nnen die Ger\u00e4te mit einem leicht feuchten Mikrofasertuch gereinigt werden.<br \/>\nVerwenden Sie keine L\u00f6sungsmittel oder andere Chemikalien, die damit in Kontakt kommen.<br \/>\nNicht Temperaturen \u00fcber 60\u00b0C aussetzen.<br \/>\nDie <strong><a href=\"https:\/\/aveni.shop\/de\/\">AVENI<\/a><\/strong> <strong>Harmonisatoren<\/strong> sind vor Witterungseinfl\u00fcssen gesch\u00fctzt aufzustellen.<\/p>\n<h2>9 &#8211; Gew\u00e4hrleistung:<\/h2>\n<p><strong><a href=\"https:\/\/aveni.shop\/de\/\">AVENI<\/a><\/strong> <strong>Harmonisatoren<\/strong> haben eine Garantie von 2 Jahren (ohne Klebstoff) auf alle herstellungsbedingten Probleme.<\/p>\n<h2>10 &#8211; Andere verf\u00fcgbare Ger\u00e4te:<\/h2>\n<p><strong><a href=\"https:\/\/aveni.shop\/de\/\">AVENI<\/a><\/strong> <strong>Harmonisatoren<\/strong> f\u00fcr Fahrzeuge (<strong>AV-CAR<\/strong> &#8211; <strong>AV-CARE<\/strong> und <strong>AV-CAM<\/strong>) k\u00f6nnen eine \u00e4hnliche Wirkung erzielen und sollen im Fahrzeug verbleiben.<br \/>\nDer erzielte Effekt wird besser, wenn h\u00e4ufig verwendete elektronische Ger\u00e4te (Mobiltelefone &#8211; Tablets &#8211; Computer &#8230;) mit <strong><a href=\"https:\/\/aveni.shop\/de\/\">AVENI<\/a><\/strong> <strong>Harmonisatoren<\/strong> harmonisiert werden.<\/p>\n","protected":false},"excerpt":{"rendered":"<p>Dieses <strong>Elfenbein Halb-Kugel<\/strong>-Ger\u00e4t ist ein pers\u00f6nliches Ger\u00e4t, mit dem Sie Ihre Umgebung auf Reisen (Schule &#8211; Klassenzimmer &#8211; Besprechungsraum &#8211; Theater &#8211; Restaurant &#8211; Hotel &#8211; Zug &#8211; Flugzeug usw.) besser unterst\u00fctzen k\u00f6nnen.<\/p>\n","protected":false},"featured_media":31692,"comment_status":"open","ping_status":"closed","template":"","meta":{"_et_pb_use_builder":"","_et_pb_old_content":"","_et_gb_content_width":""},"product_brand":[120],"product_cat":[55,47],"product_tag":[],"class_list":{"0":"post-30401","1":"product","2":"type-product","3":"status-publish","4":"has-post-thumbnail","6":"product_brand-aveni-harmonisatoren-anti-wellen-schutz","7":"product_cat-aveni-harmonisator-individuell","8":"product_cat-aveni-anti-wellen-schutz","10":"first","11":"instock","12":"featured","13":"downloadable","14":"taxable","15":"shipping-taxable","16":"purchasable","17":"product-type-simple"},"_links":{"self":[{"href":"https:\/\/aveni.shop\/de\/wp-json\/wp\/v2\/product\/30401","targetHints":{"allow":["GET"]}}],"collection":[{"href":"https:\/\/aveni.shop\/de\/wp-json\/wp\/v2\/product"}],"about":[{"href":"https:\/\/aveni.shop\/de\/wp-json\/wp\/v2\/types\/product"}],"replies":[{"embeddable":true,"href":"https:\/\/aveni.shop\/de\/wp-json\/wp\/v2\/comments?post=30401"}],"wp:featuredmedia":[{"embeddable":true,"href":"https:\/\/aveni.shop\/de\/wp-json\/wp\/v2\/media\/31692"}],"wp:attachment":[{"href":"https:\/\/aveni.shop\/de\/wp-json\/wp\/v2\/media?parent=30401"}],"wp:term":[{"taxonomy":"product_brand","embeddable":true,"href":"https:\/\/aveni.shop\/de\/wp-json\/wp\/v2\/product_brand?post=30401"},{"taxonomy":"product_cat","embeddable":true,"href":"https:\/\/aveni.shop\/de\/wp-json\/wp\/v2\/product_cat?post=30401"},{"taxonomy":"product_tag","embeddable":true,"href":"https:\/\/aveni.shop\/de\/wp-json\/wp\/v2\/product_tag?post=30401"}],"curies":[{"name":"wp","href":"https:\/\/api.w.org\/{rel}","templated":true}]}}