{"id":31935,"date":"2023-11-23T16:49:44","date_gmt":"2023-11-23T15:49:44","guid":{"rendered":"https:\/\/aveni.shop\/?post_type=product&#038;p=31935"},"modified":"2025-11-03T18:27:33","modified_gmt":"2025-11-03T17:27:33","slug":"aveni-scc-iv-harmonizer-mit-kreisen-grau-h-2-mm-o-62-mm","status":"publish","type":"product","link":"https:\/\/aveni.shop\/de\/produkt\/aveni-scc-iv-harmonizer-mit-kreisen-grau-h-2-mm-o-62-mm\/","title":{"rendered":"AVENI-SCC.IV * ANTI-WELLEN Harmonisator elfenbein H 2 mm \u00f8 62 mm"},"content":{"rendered":"<h2>1 &#8211; Verwendung :<\/h2>\n<p>Diese Einrichtung <a href=\"https:\/\/aveni.shop\/de\/\"><strong>AVENI<\/strong><\/a> <strong>Kreise Elfenbein<\/strong> ist ein Ger\u00e4t, das wohltuende und f\u00f6rderliche Informationen an den Inhalt und die darauf stehenden Objekte weitergibt. Dieses <strong>ANTI-WELLEN-Ger\u00e4t<\/strong> <a href=\"https:\/\/aveni.shop\/de\/\"><strong>AVENI<\/strong><\/a> ist sehr wirksam gegen Elektrosmog.<\/p>\n<h2>2 &#8211; Pr\u00e4sentation :<\/h2>\n<p>Die <a href=\"https:\/\/aveni.shop\/scc.iv\"><strong>SCC.IV<\/strong><\/a> hat eine runde Basis. Inhalt: 1 x <strong><a href=\"https:\/\/aveni.shop\/scc.iv\">SCC.IV<\/a><\/strong> Elfenbein<\/p>\n<h2>3 &#8211; Technische Daten :<\/h2>\n<p>Abmessungen: H 2 mm &#8211; \u00f8 62 mm Material: Kunstharz Aussehen: elfenbeinfarben<\/p>\n<h2>4 &#8211; Funktionsprinzip :<\/h2>\n<p>K\u00fcnstliche elektromagnetische Wellen k\u00f6nnen, unabh\u00e4ngig von ihrem Ursprung, ein Signal tragen, das Menschen, Tiere und Pflanzen st\u00f6rt. Es geht darum, die k\u00fcnstlichen Welleninformationen unserer Umwelt, die oft sch\u00e4dlich sind, in Signale umzuwandeln, die f\u00fcr Lebewesen f\u00f6rderlich sind. Dies sind die Informationsabdr\u00fccke von Pflanzen und nat\u00fcrlichen Mineralien, die in das Harz der Ger\u00e4te eingebettet sind. <a href=\"https:\/\/aveni.shop\/de\/\"><strong>AVENI<\/strong><\/a> die diese Umkehrung der Wirkung erm\u00f6glichen. Sie bieten einen naturnahen Bezugspunkt, der f\u00fcr Organismen sehr n\u00fctzlich ist.<\/p>\n<h2>5 &#8211; Erwartete Wirkungen :<\/h2>\n<p>Der Inhalt der Flasche wird dynamisiert.<\/p>\n<h2>6 &#8211; Empfohlener Standort und Installationsanleitung :<\/h2>\n<p>Diese Einrichtung <a href=\"https:\/\/aveni.shop\/de\/\"><strong>AVENI<\/strong><\/a> wird unter eine Flasche gelegt, die dynamisiert werden soll.<\/p>\n<h2>7 &#8211; Pflegetipps :<\/h2>\n<p>Die Vorrichtungen <a href=\"https:\/\/aveni.shop\/de\/\"><strong>AVENI<\/strong><\/a> k\u00f6nnen mit einem leicht angefeuchteten Mikrofasertuch gereinigt werden, wenn sich Staub oder Flecken angesammelt haben. Verwenden Sie keine L\u00f6sungsmittel oder andere Chemikalien, um sie zu ber\u00fchren. Setzen Sie sie keinen Temperaturen \u00fcber 60 \u00b0C aus. Die Ger\u00e4te <a href=\"https:\/\/aveni.shop\/de\/\"><strong>AVENI<\/strong><\/a> sind vor Witterungseinfl\u00fcssen zu sch\u00fctzen.<\/p>\n<h2>8 &#8211; Garantie :<\/h2>\n<p>Die Vorrichtungen <a href=\"https:\/\/aveni.shop\/de\/\"><strong>AVENI<\/strong><\/a> haben eine Garantie von 2 Jahren (ohne Klebstoff) auf eventuelle Herstellungsprobleme.<\/p>\n<h2>9 &#8211; Andere verf\u00fcgbare <a href=\"https:\/\/aveni.shop\/de\/\">AVENI-Ger\u00e4te<\/a>:<\/h2>\n<p>Die Vorrichtungen <a href=\"https:\/\/aveni.shop\/de\/\"><strong>AVENI<\/strong><\/a> f\u00fcr Fahrzeuge (<a href=\"https:\/\/aveni.shop\/av-car\"><strong>AV-CAR<\/strong><\/a> &#8211; <a href=\"https:\/\/aveni.shop\/av-care\"><strong>AV-CARE<\/strong><\/a> und <a href=\"https:\/\/aveni.shop\/av-cam\"><strong>AV-CAM<\/strong><\/a>) k\u00f6nnen einen \u00e4hnlichen Effekt erzielen und sind f\u00fcr den Verbleib im Fahrzeug vorgesehen. Der Effekt wird besser sein, wenn die \u00fcblicherweise verwendeten elektronischen Ger\u00e4te (Mobiltelefone &#8211; Tablets &#8211; Computer &#8230;) mit den Ger\u00e4ten harmonisiert werden. <a href=\"https:\/\/aveni.shop\/de\/\"><strong>AVENI<\/strong><\/a>.<\/p>\n<h2>Die <a href=\"https:\/\/aveni.shop\/de\/\">AVENI<\/a> Harmonisierungsger\u00e4te<\/h2>\n<p>Sie enthalten kein Netzteil, keine elektronischen Schaltkreise und keine Metalle. Sie enthalten keine Kristalle, die f\u00fcr ihre Aufladungsneigung bekannt sind. Sie st\u00f6ren nicht den ordnungsgem\u00e4\u00dfen elektronischen Betrieb der Ger\u00e4te. Sie lenken keine St\u00f6rungen ab.<\/p>\n","protected":false},"excerpt":{"rendered":"<p>Das Ger\u00e4t Elfenbeinringe ist ein Ger\u00e4t, das wohltuende und f\u00f6rderliche Informationen an die Inhalte und die darauf liegenden Objekte weitergibt.<\/p>\n","protected":false},"featured_media":31924,"comment_status":"open","ping_status":"closed","template":"","meta":{"_et_pb_use_builder":"","_et_pb_old_content":"","_et_gb_content_width":""},"product_brand":[120],"product_cat":[55,47],"product_tag":[],"class_list":{"0":"post-31935","1":"product","2":"type-product","3":"status-publish","4":"has-post-thumbnail","6":"product_brand-aveni-harmonisatoren-anti-wellen-schutz","7":"product_cat-aveni-harmonisator-individuell","8":"product_cat-aveni-anti-wellen-schutz","10":"first","11":"instock","12":"featured","13":"downloadable","14":"taxable","15":"shipping-taxable","16":"purchasable","17":"product-type-simple"},"_links":{"self":[{"href":"https:\/\/aveni.shop\/de\/wp-json\/wp\/v2\/product\/31935","targetHints":{"allow":["GET"]}}],"collection":[{"href":"https:\/\/aveni.shop\/de\/wp-json\/wp\/v2\/product"}],"about":[{"href":"https:\/\/aveni.shop\/de\/wp-json\/wp\/v2\/types\/product"}],"replies":[{"embeddable":true,"href":"https:\/\/aveni.shop\/de\/wp-json\/wp\/v2\/comments?post=31935"}],"wp:featuredmedia":[{"embeddable":true,"href":"https:\/\/aveni.shop\/de\/wp-json\/wp\/v2\/media\/31924"}],"wp:attachment":[{"href":"https:\/\/aveni.shop\/de\/wp-json\/wp\/v2\/media?parent=31935"}],"wp:term":[{"taxonomy":"product_brand","embeddable":true,"href":"https:\/\/aveni.shop\/de\/wp-json\/wp\/v2\/product_brand?post=31935"},{"taxonomy":"product_cat","embeddable":true,"href":"https:\/\/aveni.shop\/de\/wp-json\/wp\/v2\/product_cat?post=31935"},{"taxonomy":"product_tag","embeddable":true,"href":"https:\/\/aveni.shop\/de\/wp-json\/wp\/v2\/product_tag?post=31935"}],"curies":[{"name":"wp","href":"https:\/\/api.w.org\/{rel}","templated":true}]}}