{"id":36459,"date":"2025-07-13T09:27:28","date_gmt":"2025-07-13T07:27:28","guid":{"rendered":"https:\/\/aveni.shop\/?post_type=product&#038;p=36459"},"modified":"2026-03-26T17:56:34","modified_gmt":"2026-03-26T16:56:34","slug":"aveni-avm-tf-anti-wellen-harmonisator-erdung-h-83-mm-o-45-mm-euro","status":"publish","type":"product","link":"https:\/\/aveni.shop\/de\/produkt\/aveni-avm-tf-anti-wellen-harmonisator-erdung-h-83-mm-o-45-mm-euro\/","title":{"rendered":"AVENI-AVM-TF * ANTI-WELLEN Harmonisator Erdung H 60 mm \u00f8 45 mm Euro"},"content":{"rendered":"<h2>1 &#8211; Verwendung:<\/h2>\n<p>Um das Wohlbefinden in der Wohnung zu verbessern, ist das <b>AVM-TF<\/b> Harmonisierger\u00e4t in einer Euro-Steckdose zu plazieren.<br \/>\nDieses <strong>ANTI WELLEN<\/strong> <strong><a href=\"https:\/\/aveni.shop\/de\/\">AVENI<\/a><\/strong> <strong>Harmonisator <\/strong>ist sehr wirksam gegen Elektrosmog.<\/p>\n<h2>2 &#8211; Pr\u00e4sentation:<\/h2>\n<p>Das <strong><a href=\"https:\/\/aveni.shop\/de\/\">AVENI<\/a><\/strong> <strong>Harmonisator <\/strong><strong>AVM-TF<\/strong> wird als Euro-Version Frankreich geliefert<br \/>\nInhalt: 1 x <strong>AVM-TF<\/strong><\/p>\n<h2>3 &#8211; Technische Eigenschaften:<\/h2>\n<p>Ma\u00dfe: H 60 mm, \u00d8 45 mm<br \/>\nMaterialien: Harz<br \/>\nAussehen: <strong>grau-elfenbein<\/strong><\/p>\n<h2>4 &#8211; Nutzungskontext:<\/h2>\n<p>Unsere Orte des Lebens, der Arbeit oder auch der Freizeit werden heute immer mehr durch neue Technologien gest\u00f6rt.<br \/>\nDiese k\u00f6nnen auf der Ebene von Sendestrukturen in der Umgebung von Geb\u00e4uden (Relaisantennen usw.) oder wohnungsspezifischen Ger\u00e4ten (Boiler &#8211; Warmwasserbereiter &#8211; Sonnenkollektoren usw.) gefunden werden.<br \/>\nAuch die Nutzung leichterer Ger\u00e4te (WiFi &#8211; Handys &#8211; Computer&#8230;) kann sich auf die Gelassenheit, Aufmerksamkeit und Vitalit\u00e4t der Bewohner auswirken.<br \/>\nVerst\u00e4rkt werden die Auswirkungen durch die Vielzahl der empfangenen Frequenzen sowie eine ung\u00fcnstige Konfiguration des geologischen Untergrunds (Diskontinuit\u00e4ten).<br \/>\nEs ist notwendig, die Vereinbarkeit von Orten und dieser Ausstattung mit dem Lebenden zu verbessern.<\/p>\n<h2>5 &#8211; Funktionsprinzip:<\/h2>\n<p>Vom Menschen verursachte elektromagnetische Wellen, unabh\u00e4ngig von ihrer Herkunft, k\u00f6nnen ein Signal \u00fcbertragen, das Menschen, Tiere und Pflanzen st\u00f6rt.<br \/>\nEs geht darum, die oft sch\u00e4dlichen k\u00fcnstlichen Welleninformationen unserer Umwelt in g\u00fcnstige Signale f\u00fcr die Lebenden umzuwandeln.<br \/>\nEs sind die in das Harz der Ger\u00e4te eingebetteten Informationsabdr\u00fccke von Pflanzen und nat\u00fcrlichen Mineralien, die diese Umkehrung des Effekts erm\u00f6glichen.<br \/>\n<strong><a href=\"https:\/\/aveni.shop\/de\/\">AVENI<\/a><\/strong> <strong>Harmonisatoren<\/strong> bieten einen naturnahen Aufbewahrungsort, der den Organismen f\u00fcr ihr Funktionieren sehr n\u00fctzlich ist.<br \/>\nDiese Ger\u00e4te erm\u00f6glichen den Umgang mit St\u00f6rungen, die von au\u00dferhalb der Dom\u00e4ne stammen oder von Ger\u00e4ten erzeugt werden, die in den Geb\u00e4uden selbst installiert sind.<br \/>\nSie d\u00e4mpfen die Auswirkungen von St\u00f6rungen, die durch die geologische Beschaffenheit des Untergrunds (Verwerfungen, Hohlr\u00e4ume, B\u00f6schungen, Tellurnetzwerke, Vorhandensein von Wasser usw.) induziert oder verst\u00e4rkt werden.<\/p>\n<h2>6 &#8211; Erwartete Auswirkungen:<\/h2>\n<p>Weniger Erm\u00fcdung, mehr Komfort und Wohlbefinden f\u00fcr die meisten Bewohner dieser zuvor gest\u00f6rten Orte.<br \/>\nEmpfindliche Personen k\u00f6nnen eine sofortige Linderung erfahren.<br \/>\nDie meisten Menschen ben\u00f6tigen in der Regel ein paar zus\u00e4tzliche Tage bis Wochen, um die Wirksamkeit zu sp\u00fcren.<br \/>\nIn einigen seltenen Einzelf\u00e4llen konnten auch andere Verbesserungen der Situation auf der Ebene der W\u00e4nde (bei kapillarer Feuchtigkeit) oder beim Betrieb elektronischer Ger\u00e4te (bei zeitweiligen Ausf\u00e4llen) beobachtet werden.<\/p>\n<h2>7 &#8211; Empfohlener Standort und Anweisungen f\u00fcr die Installation:<\/h2>\n<p>Sein Haupteinsatzgebiet ist das Geb\u00e4udeerdungskabel.<br \/>\nDieses Kabel ist im Allgemeinen an seinem blanken Kupfergeflecht zu erkennen, das sich durch einen ummantelten Draht, \u00fcblicherweise in Gr\u00fcn und Gelb, zur Hauptschalttafel erstreckt.<br \/>\nAn der Verbindungsstelle dieser beiden Dr\u00e4hte befindet sich oft eine abgeschnittene Stange, die verschiedene Aspekte haben kann (Kupfer-Porzellan-Stifte usw.).<br \/>\nVorzugsweise wird ein geradliniges und vertikales Segment gew\u00e4hlt.<br \/>\nWenn oberhalb des Trennstreifens kein Platz zur Befestigung des <strong><a href=\"https:\/\/aveni.shop\/de\/\">AVENI<\/a><\/strong> <strong>Harmonisator<\/strong> vorhanden ist, kann es bei Bedarf direkt auf das darunter liegende Kupfergeflecht aufgesetzt werden. Ein direkter Kontakt mit Kupfer ist jedoch absolut nicht erforderlich.<br \/>\nDieses <strong><a href=\"https:\/\/aveni.shop\/de\/\">AVENI<\/a><\/strong> <strong>Harmonisator<\/strong> funktioniert auch, sogar entlang eines Rohrs (durch das das Erdungskabel verl\u00e4uft).<br \/>\nDas Ger\u00e4t ist mit zwei (Elektriker-)Manschetten aus hellem Kunststoff entlang des Kabels zu befestigen. Wichtig ist, dass das Licht (mittleres Loch) frei bleibt (nichts drin).<br \/>\nDer Draht muss unbedingt au\u00dferhalb des Ger\u00e4ts gef\u00fchrt werden. Positionieren Sie den Buchstaben \u201eN\u201c (reliefbeschriftet) nach Norden, um die Resonanz beizubehalten (Position, in der er hergestellt wurde). Au\u00dferdem muss das \u201eN\u201c oben sein, um den erwarteten Effekt zu erzielen, wenn das Kabel von unten (der Erde) nach oben (der Schalttafel) kommt.<br \/>\nSonderfall: Wenn das Erdungskabel von der Decke kommt, muss der Pfeil dann in Richtung Boden zeigen (selten).<\/p>\n<p><img loading=\"lazy\" decoding=\"async\" class=\"alignleft size-medium wp-image-37267\" src=\"https:\/\/aveni.shop\/wp-content\/uploads\/2025\/07\/AVM-TFa-1-300x300.png\" alt=\"\" width=\"300\" height=\"300\" title=\"\" srcset=\"https:\/\/aveni.shop\/wp-content\/uploads\/2025\/07\/AVM-TFa-1-300x300.png 300w, https:\/\/aveni.shop\/wp-content\/uploads\/2025\/07\/AVM-TFa-1-150x150.png 150w, https:\/\/aveni.shop\/wp-content\/uploads\/2025\/07\/AVM-TFa-1-100x100.png 100w, https:\/\/aveni.shop\/wp-content\/uploads\/2025\/07\/AVM-TFa-1.png 400w\" sizes=\"(max-width: 300px) 100vw, 300px\" \/><\/p>\n<p>&nbsp;<\/p>\n<p>&nbsp;<\/p>\n<p>&nbsp;<\/p>\n<p>&nbsp;<\/p>\n<p>&nbsp;<\/p>\n<p>&nbsp;<\/p>\n<h2>8 &#8211; Wartungshinweise:<\/h2>\n<p>Bei angesammeltem Staub oder Flecken k\u00f6nnen die Ger\u00e4te mit einem leicht feuchten Mikrofasertuch gereinigt werden.<br \/>\nVerwenden Sie keine L\u00f6sungsmittel oder andere Chemikalien, die damit in Kontakt kommen.<br \/>\nNicht Temperaturen \u00fcber 60\u00b0C aussetzen.<br \/>\nDie <strong><a href=\"https:\/\/aveni.shop\/de\/\">AVENI<\/a><\/strong> <strong>Harmonisatoren<\/strong> sind vor Witterungseinfl\u00fcssen gesch\u00fctzt aufzustellen.<\/p>\n<h2>9 &#8211; Gew\u00e4hrleistung:<\/h2>\n<p><strong><a href=\"https:\/\/aveni.shop\/de\/\">AVENI<\/a><\/strong> <strong>Harmonisatoren<\/strong> haben eine Garantie von 2 Jahren (ohne Klebstoff) auf alle herstellungsbedingten Probleme.<\/p>\n<h2>10 &#8211; Andere verf\u00fcgbare Ger\u00e4te:<\/h2>\n<p>Ausnahmsweise kann es vorkommen, dass die Installation des <strong>AVM-TF<\/strong> allein zu einer Verbesserung der Situation f\u00fchrt, es wird jedoch sehr dringend empfohlen, es zus\u00e4tzlich zum <strong>AVM-E1<\/strong> (an der Wasserversorgung) , <strong>AVM-L<\/strong> ( auf dem Stromz\u00e4hler) und <strong>AVL-85<\/strong> (auf der Hauptschalttafel). Die Synergie zwischen diesen verschiedenen <strong><a href=\"https:\/\/aveni.shop\/de\/\">AVENI<\/a><\/strong> <strong>Harmonisatoren<\/strong> erm\u00f6glicht bessere Ergebnisse.<br \/>\n<strong><a href=\"https:\/\/aveni.shop\/de\/\">AVENI<\/a><\/strong> <strong>Harmonisatoren<\/strong> f\u00fcr Fahrzeuge (<strong>AV-CAR<\/strong> &#8211; <strong>AV-CARE<\/strong> und <strong>AV-CAM<\/strong>) k\u00f6nnen eine \u00e4hnliche Wirkung erzielen und sollen im Fahrzeug verbleiben.<br \/>\nDer erzielte Effekt wird besser, wenn h\u00e4ufig verwendete elektronische Ger\u00e4te (Mobiltelefone &#8211; Tablets &#8211; Computer &#8230;) mit <strong><a href=\"https:\/\/aveni.shop\/de\/\">AVENI<\/a><\/strong> <strong>Harmonisatoren<\/strong> harmonisiert werden.<\/p>\n","protected":false},"excerpt":{"rendered":"<p>Verbessert das Wohlbefinden im Haus, ist das Harmonisierger\u00e4t auf dem Erdungskabel zu platzieren.<\/p>\n","protected":false},"featured_media":37270,"comment_status":"open","ping_status":"closed","template":"","meta":{"_et_pb_use_builder":"","_et_pb_old_content":"","_et_gb_content_width":""},"product_brand":[120],"product_cat":[51,47,84,73,53,54],"product_tag":[],"class_list":{"0":"post-36459","1":"product","2":"type-product","3":"status-publish","4":"has-post-thumbnail","6":"product_brand-aveni-harmonisatoren-anti-wellen-schutz","7":"product_cat-aveni-harmonisator-haus","8":"product_cat-aveni-anti-wellen-schutz","9":"product_cat-aveni-anti-wellen-schutz-best-seller","10":"product_cat-aveni-anti-wellen-schutz-neuheiten","11":"product_cat-aveni-harmonisator-industrie","12":"product_cat-aveni-harmonisator-landwirtschaft","14":"first","15":"instock","16":"featured","17":"downloadable","18":"taxable","19":"shipping-taxable","20":"purchasable","21":"product-type-simple"},"_links":{"self":[{"href":"https:\/\/aveni.shop\/de\/wp-json\/wp\/v2\/product\/36459","targetHints":{"allow":["GET"]}}],"collection":[{"href":"https:\/\/aveni.shop\/de\/wp-json\/wp\/v2\/product"}],"about":[{"href":"https:\/\/aveni.shop\/de\/wp-json\/wp\/v2\/types\/product"}],"replies":[{"embeddable":true,"href":"https:\/\/aveni.shop\/de\/wp-json\/wp\/v2\/comments?post=36459"}],"wp:featuredmedia":[{"embeddable":true,"href":"https:\/\/aveni.shop\/de\/wp-json\/wp\/v2\/media\/37270"}],"wp:attachment":[{"href":"https:\/\/aveni.shop\/de\/wp-json\/wp\/v2\/media?parent=36459"}],"wp:term":[{"taxonomy":"product_brand","embeddable":true,"href":"https:\/\/aveni.shop\/de\/wp-json\/wp\/v2\/product_brand?post=36459"},{"taxonomy":"product_cat","embeddable":true,"href":"https:\/\/aveni.shop\/de\/wp-json\/wp\/v2\/product_cat?post=36459"},{"taxonomy":"product_tag","embeddable":true,"href":"https:\/\/aveni.shop\/de\/wp-json\/wp\/v2\/product_tag?post=36459"}],"curies":[{"name":"wp","href":"https:\/\/api.w.org\/{rel}","templated":true}]}}